{"id":4484,"date":"2026-02-13T14:58:27","date_gmt":"2026-02-13T14:58:27","guid":{"rendered":"https:\/\/ontologiatrinitaria.org\/alejandro-bertolini\/"},"modified":"2026-03-11T14:24:59","modified_gmt":"2026-03-11T14:24:59","slug":"alejandro-bertolini","status":"publish","type":"page","link":"https:\/\/ontologiatrinitaria.org\/en\/about-us\/latin-america\/alejandro-bertolini\/","title":{"rendered":"Alejandro Bertolini"},"content":{"rendered":"\n<p id=\"block-0rDP4SVsTt\" class=\"wp-block-nectar-blocks-text nectar-blocks-text\"><\/p>\n\n<div class=\"wp-block-nectar-blocks-row alignfull nectar-block nectar-blocks-row nectar-blocks-row__inner nectar-blocks-row__wrapper parent-block-block-3i5Hj62DcO\" id=\"block-3i5Hj62DcO\">\n<div class=\"wp-block-nectar-blocks-column nectar-blocks-column nectar-block\" id=\"block-MyBN0UPtcD\"><div class=\"nectar-blocks-column__inner nectar-blocks-column__content-wrap parent-block-block-MyBN0UPtcD nectar-blocks-column__wrapper\"><div class=\"yoast-breadcrumbs ticss-0c0395b4\"><span><span><a href=\"https:\/\/ontologiatrinitaria.org\/en\/\">Home<\/a><\/span> \/ <span><a href=\"https:\/\/ontologiatrinitaria.org\/en\/about-us\/\">About Us<\/a><\/span> \/ <span><a href=\"https:\/\/ontologiatrinitaria.org\/en\/about-us\/latin-america\/\">Latin America<\/a><\/span> \/ <span class=\"breadcrumb_last\" aria-current=\"page\"><strong>Alejandro Bertolini<\/strong><\/span><\/span><\/div><\/div><\/div>\n<\/div>\n\n<div class=\"wp-block-nectar-blocks-row alignfull nectar-block nectar-blocks-row nectar-blocks-row__inner nectar-blocks-row__wrapper parent-block-block-cak5BLB9ZG\" id=\"block-cak5BLB9ZG\">\n<div class=\"wp-block-nectar-blocks-column nectar-blocks-column nectar-block\" id=\"block-MneCp0VAVx\"><div class=\"nectar-blocks-column__wrapper parent-block-block-MneCp0VAVx\"><div class=\"nectar-blocks-column__inner nectar-blocks-column__content-wrap parent-block-block-MneCp0VAVx\">\n<div class=\"wp-block-nectar-blocks-flex-box nectar-block nectar-blocks-flex-box nectar-blocks-flex-box__inner nectar-blocks-flex-box__wrapper parent-block-block-SudZ2WBUUK\" id=\"block-SudZ2WBUUK\">\n<div class=\"wp-block-nectar-blocks-image nectar-blocks-image\" id=\"block-1OSdu665eI\"><div class=\"nectar-blocks-image__inner\"><img loading=\"lazy\" decoding=\"async\" width=\"1500\" height=\"1500\" class=\"wp-image-4435 nectar-aspect-ratio--1-1 nectar-aspect-ratio\" src=\"https:\/\/ontologiatrinitaria.org\/wp-content\/uploads\/2026\/02\/alejandro.jpg\" alt=\"\" title=\"alejandro\" srcset=\"https:\/\/ontologiatrinitaria.org\/wp-content\/uploads\/2026\/02\/alejandro.jpg 1500w, https:\/\/ontologiatrinitaria.org\/wp-content\/uploads\/2026\/02\/alejandro-300x300.jpg 300w, https:\/\/ontologiatrinitaria.org\/wp-content\/uploads\/2026\/02\/alejandro-1024x1024.jpg 1024w, https:\/\/ontologiatrinitaria.org\/wp-content\/uploads\/2026\/02\/alejandro-150x150.jpg 150w, https:\/\/ontologiatrinitaria.org\/wp-content\/uploads\/2026\/02\/alejandro-768x768.jpg 768w, https:\/\/ontologiatrinitaria.org\/wp-content\/uploads\/2026\/02\/alejandro-200x200.jpg 200w\" sizes=\"auto, (max-width: 1500px) 100vw, 1500px\" \/><\/div><\/div>\n<\/div>\n<\/div><\/div><\/div>\n\n\n\n<div class=\"wp-block-nectar-blocks-column nectar-blocks-column nectar-block\" id=\"block-0mgIUHHY78\"><div class=\"nectar-blocks-column__wrapper parent-block-block-0mgIUHHY78\"><div class=\"nectar-blocks-column__inner nectar-blocks-column__content-wrap parent-block-block-0mgIUHHY78\">\n<p id=\"block-vnLAMW0g27\" class=\"wp-block-nectar-blocks-text nectar-blocks-text nectar-font-h1\">Alejandro Bertolini<\/p>\n\n\n\n<p id=\"block-GkReHbgVX1\" class=\"wp-block-nectar-blocks-text nectar-blocks-text nectar-font-body\">Alejandro Bertolini is a priest of the Diocese of San Isidro (Buenos Aires). Doctor of Theology (2011, PUL). Full Professor of Dogmatic Theology at the Faculty of Theology of the Pontifical Catholic University of Argentina. <\/p>\n\n\n\n<p id=\"block-tY1XyXc7Gb\" class=\"wp-block-nectar-blocks-text nectar-blocks-text nectar-font-body\">He participates in various research groups and projects. His publications include: <em>Empat\u00eda y Trinidad en Edith Stein. Fenomenolog\u00eda, teolog\u00eda y ontolog\u00eda en clave relacional<\/em> (2013), <em>Dios el sediento amante. Nupcialidad, pensamiento y lenguajes<\/em> (2016, co-authored with C. A. de Palumbo), and <em>A imagen del Dios que se entrega. Esbozos de una antropolog\u00eda en clave eucar\u00edstica<\/em> (2026, forthcoming)<\/p>\n<\/div><\/div><\/div>\n<\/div>\n","protected":false},"excerpt":{"rendered":"","protected":false},"author":8,"featured_media":4887,"parent":4518,"menu_order":0,"comment_status":"closed","ping_status":"closed","template":"","meta":{"_nectar_blocks_hide_post_title":true,"_nectar_blocks_transparent_header_effect":false,"_nectar_blocks_transparent_header_effect_color":"light","_nectar_blocks_header_animation":false,"_nectar_blocks_header_animation_delay":0,"_nectar_blocks_header_animation_effect":"fade","_nectar_blocks_page_css":"","_nectar_blocks_page_js":"","footnotes":""},"class_list":["post-4484","page","type-page","status-publish","has-post-thumbnail"],"yoast_head":"<!-- This site is optimized with the Yoast SEO plugin v27.2 - https:\/\/yoast.com\/product\/yoast-seo-wordpress\/ -->\n<title>Alejandro Bertolini - Ontologia Trinitaria<\/title>\n<meta name=\"robots\" content=\"index, follow, max-snippet:-1, max-image-preview:large, max-video-preview:-1\" \/>\n<link rel=\"canonical\" href=\"https:\/\/ontologiatrinitaria.org\/en\/about-us\/latin-america\/alejandro-bertolini\/\" \/>\n<meta property=\"og:locale\" content=\"en_US\" \/>\n<meta property=\"og:type\" content=\"article\" \/>\n<meta property=\"og:title\" content=\"Alejandro Bertolini - Ontologia Trinitaria\" \/>\n<meta property=\"og:url\" content=\"https:\/\/ontologiatrinitaria.org\/en\/about-us\/latin-america\/alejandro-bertolini\/\" \/>\n<meta property=\"og:site_name\" content=\"Ontologia Trinitaria\" \/>\n<meta property=\"article:publisher\" content=\"https:\/\/www.facebook.com\/ontologiatrinitaria\" \/>\n<meta property=\"article:modified_time\" content=\"2026-03-11T14:24:59+00:00\" \/>\n<meta property=\"og:image\" content=\"https:\/\/ontologiatrinitaria.org\/wp-content\/uploads\/2026\/02\/alejandro.jpg\" \/>\n\t<meta property=\"og:image:width\" content=\"1500\" \/>\n\t<meta property=\"og:image:height\" content=\"1500\" \/>\n\t<meta property=\"og:image:type\" content=\"image\/jpeg\" \/>\n<meta name=\"twitter:card\" content=\"summary_large_image\" \/>\n<script type=\"application\/ld+json\" class=\"yoast-schema-graph\">{\"@context\":\"https:\/\/schema.org\",\"@graph\":[{\"@type\":\"WebPage\",\"@id\":\"https:\/\/ontologiatrinitaria.org\/en\/about-us\/latin-america\/alejandro-bertolini\/\",\"url\":\"https:\/\/ontologiatrinitaria.org\/en\/about-us\/latin-america\/alejandro-bertolini\/\",\"name\":\"Alejandro Bertolini - Ontologia Trinitaria\",\"isPartOf\":{\"@id\":\"https:\/\/ontologiatrinitaria.org\/en\/#website\"},\"primaryImageOfPage\":{\"@id\":\"https:\/\/ontologiatrinitaria.org\/en\/about-us\/latin-america\/alejandro-bertolini\/#primaryimage\"},\"image\":{\"@id\":\"https:\/\/ontologiatrinitaria.org\/en\/about-us\/latin-america\/alejandro-bertolini\/#primaryimage\"},\"thumbnailUrl\":\"https:\/\/ontologiatrinitaria.org\/wp-content\/uploads\/2026\/02\/alejandro.jpg\",\"datePublished\":\"2026-02-13T14:58:27+00:00\",\"dateModified\":\"2026-03-11T14:24:59+00:00\",\"breadcrumb\":{\"@id\":\"https:\/\/ontologiatrinitaria.org\/en\/about-us\/latin-america\/alejandro-bertolini\/#breadcrumb\"},\"inLanguage\":\"en-US\",\"potentialAction\":[{\"@type\":\"ReadAction\",\"target\":[\"https:\/\/ontologiatrinitaria.org\/en\/about-us\/latin-america\/alejandro-bertolini\/\"]}]},{\"@type\":\"ImageObject\",\"inLanguage\":\"en-US\",\"@id\":\"https:\/\/ontologiatrinitaria.org\/en\/about-us\/latin-america\/alejandro-bertolini\/#primaryimage\",\"url\":\"https:\/\/ontologiatrinitaria.org\/wp-content\/uploads\/2026\/02\/alejandro.jpg\",\"contentUrl\":\"https:\/\/ontologiatrinitaria.org\/wp-content\/uploads\/2026\/02\/alejandro.jpg\",\"width\":1500,\"height\":1500},{\"@type\":\"BreadcrumbList\",\"@id\":\"https:\/\/ontologiatrinitaria.org\/en\/about-us\/latin-america\/alejandro-bertolini\/#breadcrumb\",\"itemListElement\":[{\"@type\":\"ListItem\",\"position\":1,\"name\":\"Home\",\"item\":\"https:\/\/ontologiatrinitaria.org\/en\/\"},{\"@type\":\"ListItem\",\"position\":2,\"name\":\"About Us\",\"item\":\"https:\/\/ontologiatrinitaria.org\/en\/about-us\/\"},{\"@type\":\"ListItem\",\"position\":3,\"name\":\"Latin America\",\"item\":\"https:\/\/ontologiatrinitaria.org\/en\/about-us\/latin-america\/\"},{\"@type\":\"ListItem\",\"position\":4,\"name\":\"Alejandro Bertolini\"}]},{\"@type\":\"WebSite\",\"@id\":\"https:\/\/ontologiatrinitaria.org\/en\/#website\",\"url\":\"https:\/\/ontologiatrinitaria.org\/en\/\",\"name\":\"Ontologia Trinitaria\",\"description\":\"Itinerari e ricerche\",\"publisher\":{\"@id\":\"https:\/\/ontologiatrinitaria.org\/en\/#organization\"},\"potentialAction\":[{\"@type\":\"SearchAction\",\"target\":{\"@type\":\"EntryPoint\",\"urlTemplate\":\"https:\/\/ontologiatrinitaria.org\/en\/?s={search_term_string}\"},\"query-input\":{\"@type\":\"PropertyValueSpecification\",\"valueRequired\":true,\"valueName\":\"search_term_string\"}}],\"inLanguage\":\"en-US\"},{\"@type\":\"Organization\",\"@id\":\"https:\/\/ontologiatrinitaria.org\/en\/#organization\",\"name\":\"Ontologia Trinitaria\",\"url\":\"https:\/\/ontologiatrinitaria.org\/en\/\",\"logo\":{\"@type\":\"ImageObject\",\"inLanguage\":\"en-US\",\"@id\":\"https:\/\/ontologiatrinitaria.org\/en\/#\/schema\/logo\/image\/\",\"url\":\"https:\/\/ontologiatrinitaria.org\/wp-content\/uploads\/2025\/06\/logo_colore2.png\",\"contentUrl\":\"https:\/\/ontologiatrinitaria.org\/wp-content\/uploads\/2025\/06\/logo_colore2.png\",\"width\":402,\"height\":169,\"caption\":\"Ontologia Trinitaria\"},\"image\":{\"@id\":\"https:\/\/ontologiatrinitaria.org\/en\/#\/schema\/logo\/image\/\"},\"sameAs\":[\"https:\/\/www.facebook.com\/ontologiatrinitaria\",\"https:\/\/www.instagram.com\/ontologiatrinitaria\/\"]}]}<\/script>\n<!-- \/ Yoast SEO plugin. -->","yoast_head_json":{"title":"Alejandro Bertolini - Ontologia Trinitaria","robots":{"index":"index","follow":"follow","max-snippet":"max-snippet:-1","max-image-preview":"max-image-preview:large","max-video-preview":"max-video-preview:-1"},"canonical":"https:\/\/ontologiatrinitaria.org\/en\/about-us\/latin-america\/alejandro-bertolini\/","og_locale":"en_US","og_type":"article","og_title":"Alejandro Bertolini - Ontologia Trinitaria","og_url":"https:\/\/ontologiatrinitaria.org\/en\/about-us\/latin-america\/alejandro-bertolini\/","og_site_name":"Ontologia Trinitaria","article_publisher":"https:\/\/www.facebook.com\/ontologiatrinitaria","article_modified_time":"2026-03-11T14:24:59+00:00","og_image":[{"width":1500,"height":1500,"url":"https:\/\/ontologiatrinitaria.org\/wp-content\/uploads\/2026\/02\/alejandro.jpg","type":"image\/jpeg"}],"twitter_card":"summary_large_image","schema":{"@context":"https:\/\/schema.org","@graph":[{"@type":"WebPage","@id":"https:\/\/ontologiatrinitaria.org\/en\/about-us\/latin-america\/alejandro-bertolini\/","url":"https:\/\/ontologiatrinitaria.org\/en\/about-us\/latin-america\/alejandro-bertolini\/","name":"Alejandro Bertolini - Ontologia Trinitaria","isPartOf":{"@id":"https:\/\/ontologiatrinitaria.org\/en\/#website"},"primaryImageOfPage":{"@id":"https:\/\/ontologiatrinitaria.org\/en\/about-us\/latin-america\/alejandro-bertolini\/#primaryimage"},"image":{"@id":"https:\/\/ontologiatrinitaria.org\/en\/about-us\/latin-america\/alejandro-bertolini\/#primaryimage"},"thumbnailUrl":"https:\/\/ontologiatrinitaria.org\/wp-content\/uploads\/2026\/02\/alejandro.jpg","datePublished":"2026-02-13T14:58:27+00:00","dateModified":"2026-03-11T14:24:59+00:00","breadcrumb":{"@id":"https:\/\/ontologiatrinitaria.org\/en\/about-us\/latin-america\/alejandro-bertolini\/#breadcrumb"},"inLanguage":"en-US","potentialAction":[{"@type":"ReadAction","target":["https:\/\/ontologiatrinitaria.org\/en\/about-us\/latin-america\/alejandro-bertolini\/"]}]},{"@type":"ImageObject","inLanguage":"en-US","@id":"https:\/\/ontologiatrinitaria.org\/en\/about-us\/latin-america\/alejandro-bertolini\/#primaryimage","url":"https:\/\/ontologiatrinitaria.org\/wp-content\/uploads\/2026\/02\/alejandro.jpg","contentUrl":"https:\/\/ontologiatrinitaria.org\/wp-content\/uploads\/2026\/02\/alejandro.jpg","width":1500,"height":1500},{"@type":"BreadcrumbList","@id":"https:\/\/ontologiatrinitaria.org\/en\/about-us\/latin-america\/alejandro-bertolini\/#breadcrumb","itemListElement":[{"@type":"ListItem","position":1,"name":"Home","item":"https:\/\/ontologiatrinitaria.org\/en\/"},{"@type":"ListItem","position":2,"name":"About Us","item":"https:\/\/ontologiatrinitaria.org\/en\/about-us\/"},{"@type":"ListItem","position":3,"name":"Latin America","item":"https:\/\/ontologiatrinitaria.org\/en\/about-us\/latin-america\/"},{"@type":"ListItem","position":4,"name":"Alejandro Bertolini"}]},{"@type":"WebSite","@id":"https:\/\/ontologiatrinitaria.org\/en\/#website","url":"https:\/\/ontologiatrinitaria.org\/en\/","name":"Ontologia Trinitaria","description":"Itinerari e ricerche","publisher":{"@id":"https:\/\/ontologiatrinitaria.org\/en\/#organization"},"potentialAction":[{"@type":"SearchAction","target":{"@type":"EntryPoint","urlTemplate":"https:\/\/ontologiatrinitaria.org\/en\/?s={search_term_string}"},"query-input":{"@type":"PropertyValueSpecification","valueRequired":true,"valueName":"search_term_string"}}],"inLanguage":"en-US"},{"@type":"Organization","@id":"https:\/\/ontologiatrinitaria.org\/en\/#organization","name":"Ontologia Trinitaria","url":"https:\/\/ontologiatrinitaria.org\/en\/","logo":{"@type":"ImageObject","inLanguage":"en-US","@id":"https:\/\/ontologiatrinitaria.org\/en\/#\/schema\/logo\/image\/","url":"https:\/\/ontologiatrinitaria.org\/wp-content\/uploads\/2025\/06\/logo_colore2.png","contentUrl":"https:\/\/ontologiatrinitaria.org\/wp-content\/uploads\/2025\/06\/logo_colore2.png","width":402,"height":169,"caption":"Ontologia Trinitaria"},"image":{"@id":"https:\/\/ontologiatrinitaria.org\/en\/#\/schema\/logo\/image\/"},"sameAs":["https:\/\/www.facebook.com\/ontologiatrinitaria","https:\/\/www.instagram.com\/ontologiatrinitaria\/"]}]}},"_links":{"self":[{"href":"https:\/\/ontologiatrinitaria.org\/en\/wp-json\/wp\/v2\/pages\/4484","targetHints":{"allow":["GET"]}}],"collection":[{"href":"https:\/\/ontologiatrinitaria.org\/en\/wp-json\/wp\/v2\/pages"}],"about":[{"href":"https:\/\/ontologiatrinitaria.org\/en\/wp-json\/wp\/v2\/types\/page"}],"author":[{"embeddable":true,"href":"https:\/\/ontologiatrinitaria.org\/en\/wp-json\/wp\/v2\/users\/8"}],"replies":[{"embeddable":true,"href":"https:\/\/ontologiatrinitaria.org\/en\/wp-json\/wp\/v2\/comments?post=4484"}],"version-history":[{"count":4,"href":"https:\/\/ontologiatrinitaria.org\/en\/wp-json\/wp\/v2\/pages\/4484\/revisions"}],"predecessor-version":[{"id":5089,"href":"https:\/\/ontologiatrinitaria.org\/en\/wp-json\/wp\/v2\/pages\/4484\/revisions\/5089"}],"up":[{"embeddable":true,"href":"https:\/\/ontologiatrinitaria.org\/en\/wp-json\/wp\/v2\/pages\/4518"}],"wp:featuredmedia":[{"embeddable":true,"href":"https:\/\/ontologiatrinitaria.org\/en\/wp-json\/wp\/v2\/media\/4887"}],"wp:attachment":[{"href":"https:\/\/ontologiatrinitaria.org\/en\/wp-json\/wp\/v2\/media?parent=4484"}],"curies":[{"name":"wp","href":"https:\/\/api.w.org\/{rel}","templated":true}]}}