{"id":4526,"date":"2025-12-22T10:38:00","date_gmt":"2025-12-22T10:38:00","guid":{"rendered":"https:\/\/ontologiatrinitaria.org\/cesar-redondo\/"},"modified":"2026-03-11T15:14:57","modified_gmt":"2026-03-11T15:14:57","slug":"cesar-redondo","status":"publish","type":"page","link":"https:\/\/ontologiatrinitaria.org\/en\/about-us\/spain\/cesar-redondo\/","title":{"rendered":"C\u00e9sar Redondo"},"content":{"rendered":"\n<p id=\"block-1TkB1Auzkh\" class=\"wp-block-nectar-blocks-text nectar-blocks-text\"><\/p>\n\n<div class=\"wp-block-nectar-blocks-row alignfull nectar-block nectar-blocks-row nectar-blocks-row__inner nectar-blocks-row__wrapper parent-block-block-IhLyQZgQw3\" id=\"block-IhLyQZgQw3\">\n<div class=\"wp-block-nectar-blocks-column nectar-blocks-column nectar-block\" id=\"block-QHR20Ooi6u\"><div class=\"nectar-blocks-column__inner nectar-blocks-column__content-wrap parent-block-block-QHR20Ooi6u nectar-blocks-column__wrapper\"><div class=\"yoast-breadcrumbs ticss-0c0395b4\"><span><span><a href=\"https:\/\/ontologiatrinitaria.org\/en\/\">Home<\/a><\/span> \/ <span><a href=\"https:\/\/ontologiatrinitaria.org\/en\/about-us\/\">About Us<\/a><\/span> \/ <span><a href=\"https:\/\/ontologiatrinitaria.org\/en\/about-us\/spain\/\">Spain<\/a><\/span> \/ <span class=\"breadcrumb_last\" aria-current=\"page\"><strong>C\u00e9sar Redondo<\/strong><\/span><\/span><\/div><\/div><\/div>\n<\/div>\n\n<div class=\"wp-block-nectar-blocks-row alignfull nectar-block nectar-blocks-row nectar-blocks-row__inner nectar-blocks-row__wrapper parent-block-block-rgcdqWgzS6\" id=\"block-rgcdqWgzS6\">\n<div class=\"wp-block-nectar-blocks-column nectar-blocks-column nectar-block\" id=\"block-5s5v8EwwEo\"><div class=\"nectar-blocks-column__wrapper parent-block-block-5s5v8EwwEo\"><div class=\"nectar-blocks-column__inner nectar-blocks-column__content-wrap parent-block-block-5s5v8EwwEo\">\n<div class=\"wp-block-nectar-blocks-flex-box nectar-block nectar-blocks-flex-box nectar-blocks-flex-box__inner nectar-blocks-flex-box__wrapper parent-block-block-TkJKgX0puQ\" id=\"block-TkJKgX0puQ\">\n<div class=\"wp-block-nectar-blocks-image nectar-blocks-image\" id=\"block-HvSbKBjJ0G\"><div class=\"nectar-blocks-image__inner\"><img loading=\"lazy\" decoding=\"async\" width=\"1500\" height=\"1530\" class=\"wp-image-4057 nectar-aspect-ratio--1-1 nectar-aspect-ratio\" src=\"https:\/\/ontologiatrinitaria.org\/wp-content\/uploads\/2025\/12\/Redondo_OT.jpg\" alt=\"\" title=\"Redondo_OT\" srcset=\"https:\/\/ontologiatrinitaria.org\/wp-content\/uploads\/2025\/12\/Redondo_OT.jpg 1500w, https:\/\/ontologiatrinitaria.org\/wp-content\/uploads\/2025\/12\/Redondo_OT-294x300.jpg 294w, https:\/\/ontologiatrinitaria.org\/wp-content\/uploads\/2025\/12\/Redondo_OT-1004x1024.jpg 1004w, https:\/\/ontologiatrinitaria.org\/wp-content\/uploads\/2025\/12\/Redondo_OT-768x783.jpg 768w\" sizes=\"auto, (max-width: 1500px) 100vw, 1500px\" \/><\/div><\/div>\n<\/div>\n<\/div><\/div><\/div>\n\n\n\n<div class=\"wp-block-nectar-blocks-column nectar-blocks-column nectar-block\" id=\"block-wG55XEGpAk\"><div class=\"nectar-blocks-column__wrapper parent-block-block-wG55XEGpAk\"><div class=\"nectar-blocks-column__inner nectar-blocks-column__content-wrap parent-block-block-wG55XEGpAk\">\n<p id=\"block-8T86cuc4cA\" class=\"wp-block-nectar-blocks-text nectar-blocks-text nectar-font-h1\"><strong>C\u00e9sar Redondo Mart\u00ednez<\/strong><\/p>\n\n\n\n<div class=\"wp-block-nectar-blocks-button nectar-blocks-button nectar-font-label\" id=\"block-n2Wq7tMMY2\"><a href=\"mailto:cesar.filoteo@gmail.com\" class=\"nectar__link nectar-blocks-button__inner\"><span class=\"nectar-blocks-button__text\">cesar.filoteo@gmail.com<\/span><span class=\"nectar-component__icon icon-source--remix\"><svg role=\"none\" viewbox=\"0 0 24 24\" fill=\"currentColor\" xmlns=\"http:\/\/www.w3.org\/2000\/svg\"><path d=\"M3 3H21C21.5523 3 22 3.44772 22 4V20C22 20.5523 21.5523 21 21 21H3C2.44772 21 2 20.5523 2 20V4C2 3.44772 2.44772 3 3 3ZM20 7.23792L12.0718 14.338L4 7.21594V19H20V7.23792ZM4.51146 5L12.0619 11.662L19.501 5H4.51146Z\"><\/path><\/svg><\/span><\/a><\/div>\n\n\n\n<p id=\"block-QcqmKGvvCf\" class=\"wp-block-nectar-blocks-text nectar-blocks-text nectar-font-body\">Tenured professor through competitive examination in the field of Philosophy (2004). PhD in Dogmatic and Systematic Theology (2014).  <\/p>\n\n\n\n<p id=\"block-71LPRNBEpJ\" class=\"wp-block-nectar-blocks-text nectar-blocks-text\">Visiting Associate Professor at San D\u00e1maso University, teaching courses in the Licentiate of Dogmatic and Systematic Theology and doctoral programs (2016\u20132021). Visiting professor at the Higher Institute of Religious Sciences of Toledo, in the areas of Philosophical Anthropology, Theory of Knowledge, and Theological Anthropology (2006\u20132020). Philosophy teacher in secondary schools (2000\u2013).  <\/p>\n\n\n\n<p id=\"block-bPhetJdnh7\" class=\"wp-block-nectar-blocks-text nectar-blocks-text\">Censor or evaluator for Licentiate, Bachelor&#8217;s, and Master&#8217;s theses, as well as several doctoral dissertations. Member of the Scientific Editorial Board of the Dynamic Dictionary of Trinitarian Ontology, Citt\u00e0 Nuova\u2013Assoc. Trialogo (2021\u2013). Coordinator and member of the Scientific Committee of the Dynamic Dictionary of Trinitarian Ontology at Ciudad Nueva publishing house, Spain (2023\u2013).   <\/p>\n\n\n\n<p id=\"block-Jh7LNznXiK\" class=\"wp-block-nectar-blocks-text nectar-blocks-text nectar-font-body\">Speaker at various academic and institutional events.<\/p>\n\n\n\n<div class=\"wp-block-nectar-blocks-accordion nectar-blocks-accordion\" data-starting-accordion=\"-1\" id=\"block-LtgjcEoZlz\"><div class=\"nectar-blocks-accordion__inner parent-block-LtgjcEoZlz\">\n<div class=\"wp-block-nectar-blocks-accordion-section nectar-block nectar-blocks-accordion-section\" id=\"block-GPQgE9y9BV\"><button type=\"button\" class=\"nectar-blocks-accordion-section__title nectar-font-h4\"><span class=\"nectar-blocks-accordion-section__title__text\">Publications<\/span><span class=\"nectar-blocks-accordion-section__title__indicator\"><svg role=\"none\" xmlns=\"http:\/\/www.w3.org\/2000\/svg\" class=\"default\" viewBox=\"0 0 14 14\"><line x1=\"7\" x2=\"7\" y2=\"14\" fill=\"none\" stroke=\"currentColor\" stroke-miterlimit=\"1\"><\/line><line y1=\"7\" x2=\"14\" y2=\"7\" fill=\"none\" stroke=\"currentColor\" stroke-miterlimit=\"1\"><\/line><\/svg><\/span><\/button><div class=\"nectar-blocks-accordion-section__content parent-block-block-GPQgE9y9BV\">\n<p id=\"block-pYleinEGaF\" class=\"wp-block-nectar-blocks-text nectar-blocks-text\">\u00abPresupuestos, l\u00edmites y alcance de la antropolog\u00eda dinamicista de Pedro La\u00edn Entralgo\u00bb: <em>Revista Espa\u00f1ola de Teolog\u00eda<\/em> 63 (2003) 499-536.<\/p>\n\n\n\n<p id=\"block-ktVcoQ9k0z\" class=\"wp-block-nectar-blocks-text nectar-blocks-text\"><em>\u2013<\/em> \u00abRa\u00edces b\u00edblicas y reflexi\u00f3n sistem\u00e1tica de la soteriolog\u00eda y cristolog\u00eda del Apocalipsis\u00bb: <em>Toletana<\/em> 9 (2003) 245-286.<\/p>\n\n\n\n<p id=\"block-G4CzKxsudC\" class=\"wp-block-nectar-blocks-text nectar-blocks-text\"><em>\u2013<\/em> <em>Origen, constituci\u00f3n y destino del hombre seg\u00fan Pedro La\u00edn Entralgo. Presentaci\u00f3n y valoraci\u00f3n<\/em>, Toledo, Instituto Superior de Teolog\u00eda San Ildefonso, 2004.<\/p>\n\n\n\n<p id=\"block-gFfmj8m5pf\" class=\"wp-block-nectar-blocks-text nectar-blocks-text\"><em>\u2013<\/em> \u00abEl problema consciencia-cerebro seg\u00fan Pedro La\u00edn Entralgo. Valoraci\u00f3n epistemol\u00f3gica y teol\u00f3gica\u00bb, in: Actas de los Cursos de Verano de \u201cEl Escorial 2004\u201d, A. P\u00e9rez de Laborda (ed.), <em>Sobre el alma<\/em>, Madrid, Facultad Teolog\u00eda San D\u00e1maso, 2005, pp. 163-212.<\/p>\n\n\n\n<p id=\"block-VpKRERhi3d\" class=\"wp-block-nectar-blocks-text nectar-blocks-text\"><em>\u2013<\/em> \u00abEl Cardenal J. Ratzinger y Europa\u00bb: <em>Toletana<\/em> 13 (2005), pp. 153-212.<\/p>\n\n\n\n<p id=\"block-oGl88X3xBw\" class=\"wp-block-nectar-blocks-text nectar-blocks-text\"><em>\u2013<\/em> \u00abSignificado y puesta en cuesti\u00f3n del misterio de la Iglesia\u00bb: <em>Toletana<\/em> 14 (2006) pp. 99-133.<\/p>\n\n\n\n<p id=\"block-JtLxpTpkzC\" class=\"wp-block-nectar-blocks-text nectar-blocks-text\"><em>\u2013<\/em> <em>El Dios in-ex-sistente. El misterio de la unidad y de la distinci\u00f3n en la ontolog\u00eda cristol\u00f3gica y trinitaria de Piero Coda<\/em>, Toledo, Instituto Superior de Teolog\u00eda San Ildefonso, 2016.<\/p>\n\n\n\n<p id=\"block-oYqNEPXrmP\" class=\"wp-block-nectar-blocks-text nectar-blocks-text\">\u2013 \u00abLa postmodernidad de la <em>Teolog\u00eda Radical de la Muerte de Dios<\/em>\u00bb, in: G. Richi Alberti (ed.), <em>Anunciar a Jesucristo en la postmodernidad. A cincuenta a\u00f1os de mayo del 68<\/em>, Madrid, Ediciones Universidad San D\u00e1maso, 2018, pp. 81-110.<\/p>\n\n\n\n<p id=\"block-ZbjwMBLlsn\" class=\"wp-block-nectar-blocks-text nectar-blocks-text\">\u2013 Ecd\u00f3tica de los <em>Scripta <\/em>de Francisco de As\u00eds\u00bb: <em>Revista Espa\u00f1ola de Teolog\u00eda<\/em> 78\/3 (2018), pp. 531-542.<\/p>\n\n\n\n<p id=\"block-IotZWErhAe\" class=\"wp-block-nectar-blocks-text nectar-blocks-text\">\u2013 <em>La encarnaci\u00f3n trinitaria de la teolog\u00eda. Reflexiones a partir del m\u00e9todo teol\u00f3gico de Piero Coda<\/em>, Ciudad Nueva, Madrid 2021.<\/p>\n\n\n\n<p id=\"block-h9ICkPJ0bf\" class=\"wp-block-nectar-blocks-text nectar-blocks-text\">\u2013 \u00abLa \u201cpersonalidad\u201d del mal\u00bb, in J. Ant\u00fanez Cid (ed.), <em>El mal<\/em>, Madrid, Ediciones Universidad San D\u00e1maso 2021, pp. 81-110.<\/p>\n\n\n\n<p id=\"block-QgULUJxPsX\" class=\"wp-block-nectar-blocks-text nectar-blocks-text\">\u2013 \u00abEl amor es sinf\u00f3nico\u00bb: <em>Estudios Trinitarios<\/em> 57\/2 (2023), pp. 479-506.<\/p>\n\n\n\n<p id=\"block-hbGVWpGV0f\" class=\"wp-block-nectar-blocks-text nectar-blocks-text\">\u2013 <em>Jesucristo, Pascua trinitaria. Hacia una ontopersonolog\u00eda cristol\u00f3gica<\/em>, Ciudad Nueva, 2024, Madrid 2024.<\/p>\n\n\n\n<p id=\"block-9lNwyflLw2\" class=\"wp-block-nectar-blocks-text nectar-blocks-text\">\u2013 \u00abPensar desde el amor, amar en el pensamiento\u00bb, Introduction to the Spanish edition P. Coda et al., <em>Manifiesto para una reforma del pensar<\/em>, Ciudad Nueva, Madrid 2025, pp. 5-41.<\/p>\n\n\n\n<p id=\"block-fCc4EAEvYJ\" class=\"wp-block-nectar-blocks-text nectar-blocks-text\">\u2013 Poetica di relazione\u00bb, in <em>L\u00b4Osservatore Romano<\/em>, CLXV n. 276 (December 1, 2025), p. 12. <\/p>\n\n\n\n<p id=\"block-VKVY9eu9c8\" class=\"wp-block-nectar-blocks-text nectar-blocks-text\">\u2013 \u00abUna filosof\u00eda viva para un mundo cambiante\u00bb: <em>Revista de Estudios Orteguianos<\/em> 51 (2025), pp. 224-231.<\/p>\n\n\n\n<p id=\"block-U6iyDpgds2\" class=\"wp-block-nectar-blocks-text nectar-blocks-text\">\u2013 \u00abDisorientamento come genesi estetica del mondo\u00bb: <em>Ph\u00e1sis<\/em> 9 (2025), pp. 87-111.<\/p>\n\n\n\n<p id=\"block-AwvuCwCbcN\" class=\"wp-block-nectar-blocks-text nectar-blocks-text\">&#8211; &#8220;Trinitarian Ontopersonology&#8221;: <em>Lateranum<\/em> 89\/1 (2023), 31-65.<\/p>\n<\/div><\/div>\n<\/div><\/div>\n<\/div><\/div><\/div>\n<\/div>\n","protected":false},"excerpt":{"rendered":"","protected":false},"author":8,"featured_media":4889,"parent":4529,"menu_order":0,"comment_status":"closed","ping_status":"closed","template":"","meta":{"_nectar_blocks_hide_post_title":true,"_nectar_blocks_transparent_header_effect":false,"_nectar_blocks_transparent_header_effect_color":"light","_nectar_blocks_header_animation":false,"_nectar_blocks_header_animation_delay":0,"_nectar_blocks_header_animation_effect":"fade","_nectar_blocks_page_css":"","_nectar_blocks_page_js":"","footnotes":""},"class_list":["post-4526","page","type-page","status-publish","has-post-thumbnail"],"yoast_head":"<!-- This site is optimized with the Yoast SEO plugin v27.2 - https:\/\/yoast.com\/product\/yoast-seo-wordpress\/ -->\n<title>C\u00e9sar Redondo - Ontologia Trinitaria<\/title>\n<meta name=\"robots\" content=\"index, follow, max-snippet:-1, max-image-preview:large, max-video-preview:-1\" \/>\n<link rel=\"canonical\" href=\"https:\/\/ontologiatrinitaria.org\/en\/about-us\/spain\/cesar-redondo\/\" \/>\n<meta property=\"og:locale\" content=\"en_US\" \/>\n<meta property=\"og:type\" content=\"article\" \/>\n<meta property=\"og:title\" content=\"C\u00e9sar Redondo - Ontologia Trinitaria\" \/>\n<meta property=\"og:url\" content=\"https:\/\/ontologiatrinitaria.org\/en\/about-us\/spain\/cesar-redondo\/\" \/>\n<meta property=\"og:site_name\" content=\"Ontologia Trinitaria\" \/>\n<meta property=\"article:publisher\" content=\"https:\/\/www.facebook.com\/ontologiatrinitaria\" \/>\n<meta property=\"article:modified_time\" content=\"2026-03-11T15:14:57+00:00\" \/>\n<meta property=\"og:image\" content=\"https:\/\/ontologiatrinitaria.org\/wp-content\/uploads\/2025\/12\/Redondo_OT.jpg\" \/>\n\t<meta property=\"og:image:width\" content=\"1500\" \/>\n\t<meta property=\"og:image:height\" content=\"1530\" \/>\n\t<meta property=\"og:image:type\" content=\"image\/jpeg\" \/>\n<meta name=\"twitter:card\" content=\"summary_large_image\" \/>\n<meta name=\"twitter:label1\" content=\"Est. reading time\" \/>\n\t<meta name=\"twitter:data1\" content=\"2 minutes\" \/>\n<script type=\"application\/ld+json\" class=\"yoast-schema-graph\">{\"@context\":\"https:\/\/schema.org\",\"@graph\":[{\"@type\":\"WebPage\",\"@id\":\"https:\/\/ontologiatrinitaria.org\/en\/about-us\/spain\/cesar-redondo\/\",\"url\":\"https:\/\/ontologiatrinitaria.org\/en\/about-us\/spain\/cesar-redondo\/\",\"name\":\"C\u00e9sar Redondo - Ontologia Trinitaria\",\"isPartOf\":{\"@id\":\"https:\/\/ontologiatrinitaria.org\/en\/#website\"},\"primaryImageOfPage\":{\"@id\":\"https:\/\/ontologiatrinitaria.org\/en\/about-us\/spain\/cesar-redondo\/#primaryimage\"},\"image\":{\"@id\":\"https:\/\/ontologiatrinitaria.org\/en\/about-us\/spain\/cesar-redondo\/#primaryimage\"},\"thumbnailUrl\":\"https:\/\/ontologiatrinitaria.org\/wp-content\/uploads\/2025\/12\/Redondo_OT.jpg\",\"datePublished\":\"2025-12-22T10:38:00+00:00\",\"dateModified\":\"2026-03-11T15:14:57+00:00\",\"breadcrumb\":{\"@id\":\"https:\/\/ontologiatrinitaria.org\/en\/about-us\/spain\/cesar-redondo\/#breadcrumb\"},\"inLanguage\":\"en-US\",\"potentialAction\":[{\"@type\":\"ReadAction\",\"target\":[\"https:\/\/ontologiatrinitaria.org\/en\/about-us\/spain\/cesar-redondo\/\"]}]},{\"@type\":\"ImageObject\",\"inLanguage\":\"en-US\",\"@id\":\"https:\/\/ontologiatrinitaria.org\/en\/about-us\/spain\/cesar-redondo\/#primaryimage\",\"url\":\"https:\/\/ontologiatrinitaria.org\/wp-content\/uploads\/2025\/12\/Redondo_OT.jpg\",\"contentUrl\":\"https:\/\/ontologiatrinitaria.org\/wp-content\/uploads\/2025\/12\/Redondo_OT.jpg\",\"width\":1500,\"height\":1530},{\"@type\":\"BreadcrumbList\",\"@id\":\"https:\/\/ontologiatrinitaria.org\/en\/about-us\/spain\/cesar-redondo\/#breadcrumb\",\"itemListElement\":[{\"@type\":\"ListItem\",\"position\":1,\"name\":\"Home\",\"item\":\"https:\/\/ontologiatrinitaria.org\/en\/\"},{\"@type\":\"ListItem\",\"position\":2,\"name\":\"About Us\",\"item\":\"https:\/\/ontologiatrinitaria.org\/en\/about-us\/\"},{\"@type\":\"ListItem\",\"position\":3,\"name\":\"Spain\",\"item\":\"https:\/\/ontologiatrinitaria.org\/en\/about-us\/spain\/\"},{\"@type\":\"ListItem\",\"position\":4,\"name\":\"C\u00e9sar Redondo\"}]},{\"@type\":\"WebSite\",\"@id\":\"https:\/\/ontologiatrinitaria.org\/en\/#website\",\"url\":\"https:\/\/ontologiatrinitaria.org\/en\/\",\"name\":\"Ontologia Trinitaria\",\"description\":\"Itinerari e ricerche\",\"publisher\":{\"@id\":\"https:\/\/ontologiatrinitaria.org\/en\/#organization\"},\"potentialAction\":[{\"@type\":\"SearchAction\",\"target\":{\"@type\":\"EntryPoint\",\"urlTemplate\":\"https:\/\/ontologiatrinitaria.org\/en\/?s={search_term_string}\"},\"query-input\":{\"@type\":\"PropertyValueSpecification\",\"valueRequired\":true,\"valueName\":\"search_term_string\"}}],\"inLanguage\":\"en-US\"},{\"@type\":\"Organization\",\"@id\":\"https:\/\/ontologiatrinitaria.org\/en\/#organization\",\"name\":\"Ontologia Trinitaria\",\"url\":\"https:\/\/ontologiatrinitaria.org\/en\/\",\"logo\":{\"@type\":\"ImageObject\",\"inLanguage\":\"en-US\",\"@id\":\"https:\/\/ontologiatrinitaria.org\/en\/#\/schema\/logo\/image\/\",\"url\":\"https:\/\/ontologiatrinitaria.org\/wp-content\/uploads\/2025\/06\/logo_colore2.png\",\"contentUrl\":\"https:\/\/ontologiatrinitaria.org\/wp-content\/uploads\/2025\/06\/logo_colore2.png\",\"width\":402,\"height\":169,\"caption\":\"Ontologia Trinitaria\"},\"image\":{\"@id\":\"https:\/\/ontologiatrinitaria.org\/en\/#\/schema\/logo\/image\/\"},\"sameAs\":[\"https:\/\/www.facebook.com\/ontologiatrinitaria\",\"https:\/\/www.instagram.com\/ontologiatrinitaria\/\"]}]}<\/script>\n<!-- \/ Yoast SEO plugin. -->","yoast_head_json":{"title":"C\u00e9sar Redondo - Ontologia Trinitaria","robots":{"index":"index","follow":"follow","max-snippet":"max-snippet:-1","max-image-preview":"max-image-preview:large","max-video-preview":"max-video-preview:-1"},"canonical":"https:\/\/ontologiatrinitaria.org\/en\/about-us\/spain\/cesar-redondo\/","og_locale":"en_US","og_type":"article","og_title":"C\u00e9sar Redondo - Ontologia Trinitaria","og_url":"https:\/\/ontologiatrinitaria.org\/en\/about-us\/spain\/cesar-redondo\/","og_site_name":"Ontologia Trinitaria","article_publisher":"https:\/\/www.facebook.com\/ontologiatrinitaria","article_modified_time":"2026-03-11T15:14:57+00:00","og_image":[{"width":1500,"height":1530,"url":"https:\/\/ontologiatrinitaria.org\/wp-content\/uploads\/2025\/12\/Redondo_OT.jpg","type":"image\/jpeg"}],"twitter_card":"summary_large_image","twitter_misc":{"Est. reading time":"2 minutes"},"schema":{"@context":"https:\/\/schema.org","@graph":[{"@type":"WebPage","@id":"https:\/\/ontologiatrinitaria.org\/en\/about-us\/spain\/cesar-redondo\/","url":"https:\/\/ontologiatrinitaria.org\/en\/about-us\/spain\/cesar-redondo\/","name":"C\u00e9sar Redondo - Ontologia Trinitaria","isPartOf":{"@id":"https:\/\/ontologiatrinitaria.org\/en\/#website"},"primaryImageOfPage":{"@id":"https:\/\/ontologiatrinitaria.org\/en\/about-us\/spain\/cesar-redondo\/#primaryimage"},"image":{"@id":"https:\/\/ontologiatrinitaria.org\/en\/about-us\/spain\/cesar-redondo\/#primaryimage"},"thumbnailUrl":"https:\/\/ontologiatrinitaria.org\/wp-content\/uploads\/2025\/12\/Redondo_OT.jpg","datePublished":"2025-12-22T10:38:00+00:00","dateModified":"2026-03-11T15:14:57+00:00","breadcrumb":{"@id":"https:\/\/ontologiatrinitaria.org\/en\/about-us\/spain\/cesar-redondo\/#breadcrumb"},"inLanguage":"en-US","potentialAction":[{"@type":"ReadAction","target":["https:\/\/ontologiatrinitaria.org\/en\/about-us\/spain\/cesar-redondo\/"]}]},{"@type":"ImageObject","inLanguage":"en-US","@id":"https:\/\/ontologiatrinitaria.org\/en\/about-us\/spain\/cesar-redondo\/#primaryimage","url":"https:\/\/ontologiatrinitaria.org\/wp-content\/uploads\/2025\/12\/Redondo_OT.jpg","contentUrl":"https:\/\/ontologiatrinitaria.org\/wp-content\/uploads\/2025\/12\/Redondo_OT.jpg","width":1500,"height":1530},{"@type":"BreadcrumbList","@id":"https:\/\/ontologiatrinitaria.org\/en\/about-us\/spain\/cesar-redondo\/#breadcrumb","itemListElement":[{"@type":"ListItem","position":1,"name":"Home","item":"https:\/\/ontologiatrinitaria.org\/en\/"},{"@type":"ListItem","position":2,"name":"About Us","item":"https:\/\/ontologiatrinitaria.org\/en\/about-us\/"},{"@type":"ListItem","position":3,"name":"Spain","item":"https:\/\/ontologiatrinitaria.org\/en\/about-us\/spain\/"},{"@type":"ListItem","position":4,"name":"C\u00e9sar Redondo"}]},{"@type":"WebSite","@id":"https:\/\/ontologiatrinitaria.org\/en\/#website","url":"https:\/\/ontologiatrinitaria.org\/en\/","name":"Ontologia Trinitaria","description":"Itinerari e ricerche","publisher":{"@id":"https:\/\/ontologiatrinitaria.org\/en\/#organization"},"potentialAction":[{"@type":"SearchAction","target":{"@type":"EntryPoint","urlTemplate":"https:\/\/ontologiatrinitaria.org\/en\/?s={search_term_string}"},"query-input":{"@type":"PropertyValueSpecification","valueRequired":true,"valueName":"search_term_string"}}],"inLanguage":"en-US"},{"@type":"Organization","@id":"https:\/\/ontologiatrinitaria.org\/en\/#organization","name":"Ontologia Trinitaria","url":"https:\/\/ontologiatrinitaria.org\/en\/","logo":{"@type":"ImageObject","inLanguage":"en-US","@id":"https:\/\/ontologiatrinitaria.org\/en\/#\/schema\/logo\/image\/","url":"https:\/\/ontologiatrinitaria.org\/wp-content\/uploads\/2025\/06\/logo_colore2.png","contentUrl":"https:\/\/ontologiatrinitaria.org\/wp-content\/uploads\/2025\/06\/logo_colore2.png","width":402,"height":169,"caption":"Ontologia Trinitaria"},"image":{"@id":"https:\/\/ontologiatrinitaria.org\/en\/#\/schema\/logo\/image\/"},"sameAs":["https:\/\/www.facebook.com\/ontologiatrinitaria","https:\/\/www.instagram.com\/ontologiatrinitaria\/"]}]}},"_links":{"self":[{"href":"https:\/\/ontologiatrinitaria.org\/en\/wp-json\/wp\/v2\/pages\/4526","targetHints":{"allow":["GET"]}}],"collection":[{"href":"https:\/\/ontologiatrinitaria.org\/en\/wp-json\/wp\/v2\/pages"}],"about":[{"href":"https:\/\/ontologiatrinitaria.org\/en\/wp-json\/wp\/v2\/types\/page"}],"author":[{"embeddable":true,"href":"https:\/\/ontologiatrinitaria.org\/en\/wp-json\/wp\/v2\/users\/8"}],"replies":[{"embeddable":true,"href":"https:\/\/ontologiatrinitaria.org\/en\/wp-json\/wp\/v2\/comments?post=4526"}],"version-history":[{"count":6,"href":"https:\/\/ontologiatrinitaria.org\/en\/wp-json\/wp\/v2\/pages\/4526\/revisions"}],"predecessor-version":[{"id":5288,"href":"https:\/\/ontologiatrinitaria.org\/en\/wp-json\/wp\/v2\/pages\/4526\/revisions\/5288"}],"up":[{"embeddable":true,"href":"https:\/\/ontologiatrinitaria.org\/en\/wp-json\/wp\/v2\/pages\/4529"}],"wp:featuredmedia":[{"embeddable":true,"href":"https:\/\/ontologiatrinitaria.org\/en\/wp-json\/wp\/v2\/media\/4889"}],"wp:attachment":[{"href":"https:\/\/ontologiatrinitaria.org\/en\/wp-json\/wp\/v2\/media?parent=4526"}],"curies":[{"name":"wp","href":"https:\/\/api.w.org\/{rel}","templated":true}]}}