{"id":5231,"date":"2026-03-05T15:10:40","date_gmt":"2026-03-05T15:10:40","guid":{"rendered":"https:\/\/ontologiatrinitaria.org\/marie-jeanne-coutagne\/"},"modified":"2026-03-30T07:14:31","modified_gmt":"2026-03-30T07:14:31","slug":"marie-jeanne-coutagne","status":"publish","type":"page","link":"https:\/\/ontologiatrinitaria.org\/es\/quienes-somos\/francia\/marie-jeanne-coutagne\/","title":{"rendered":"Marie-Jeanne Coutagne"},"content":{"rendered":"\n<p id=\"block-mJ4Wbxxi9k\" class=\"wp-block-nectar-blocks-text nectar-blocks-text\"><\/p>\n\n<div class=\"wp-block-nectar-blocks-row alignfull nectar-block nectar-blocks-row nectar-blocks-row__inner nectar-blocks-row__wrapper parent-block-block-h5ntiLltfy\" id=\"block-h5ntiLltfy\">\n<div class=\"wp-block-nectar-blocks-column nectar-blocks-column nectar-block\" id=\"block-vq84TqoAvO\"><div class=\"nectar-blocks-column__inner nectar-blocks-column__content-wrap parent-block-block-vq84TqoAvO nectar-blocks-column__wrapper\"><div class=\"yoast-breadcrumbs ticss-0c0395b4\"><span><span><a href=\"https:\/\/ontologiatrinitaria.org\/es\/\">Home<\/a><\/span> \/ <span><a href=\"https:\/\/ontologiatrinitaria.org\/es\/quienes-somos\/\">Qui\u00e9nes somos<\/a><\/span> \/ <span><a href=\"https:\/\/ontologiatrinitaria.org\/es\/quienes-somos\/francia\/\">Francia<\/a><\/span> \/ <span class=\"breadcrumb_last\" aria-current=\"page\"><strong>Marie-Jeanne Coutagne<\/strong><\/span><\/span><\/div><\/div><\/div>\n<\/div>\n\n<div class=\"wp-block-nectar-blocks-row alignfull nectar-block nectar-blocks-row nectar-blocks-row__inner nectar-blocks-row__wrapper parent-block-block-qdOXR0q4Ib\" id=\"block-qdOXR0q4Ib\">\n<div class=\"wp-block-nectar-blocks-column nectar-blocks-column nectar-block\" id=\"block-ugzF5xmJvL\"><div class=\"nectar-blocks-column__wrapper parent-block-block-ugzF5xmJvL\"><div class=\"nectar-blocks-column__inner nectar-blocks-column__content-wrap parent-block-block-ugzF5xmJvL\">\n<div class=\"wp-block-nectar-blocks-flex-box nectar-block nectar-blocks-flex-box nectar-blocks-flex-box__inner nectar-blocks-flex-box__wrapper parent-block-block-Wr8U2AqsnQ\" id=\"block-Wr8U2AqsnQ\">\n<div class=\"wp-block-nectar-blocks-image nectar-blocks-image\" id=\"block-z9K8HluifB\"><div class=\"nectar-blocks-image__inner\"><img loading=\"lazy\" decoding=\"async\" width=\"1500\" height=\"1500\" class=\"wp-image-4916 nectar-aspect-ratio--1-1 nectar-aspect-ratio\" src=\"https:\/\/ontologiatrinitaria.org\/wp-content\/uploads\/2026\/03\/Coutagne_LD-1.jpg\" alt=\"\" title=\"Coutagne_LD\" srcset=\"https:\/\/ontologiatrinitaria.org\/wp-content\/uploads\/2026\/03\/Coutagne_LD-1.jpg 1500w, https:\/\/ontologiatrinitaria.org\/wp-content\/uploads\/2026\/03\/Coutagne_LD-1-300x300.jpg 300w, https:\/\/ontologiatrinitaria.org\/wp-content\/uploads\/2026\/03\/Coutagne_LD-1-1024x1024.jpg 1024w, https:\/\/ontologiatrinitaria.org\/wp-content\/uploads\/2026\/03\/Coutagne_LD-1-150x150.jpg 150w, https:\/\/ontologiatrinitaria.org\/wp-content\/uploads\/2026\/03\/Coutagne_LD-1-768x768.jpg 768w, https:\/\/ontologiatrinitaria.org\/wp-content\/uploads\/2026\/03\/Coutagne_LD-1-200x200.jpg 200w\" sizes=\"auto, (max-width: 1500px) 100vw, 1500px\" \/><\/div><\/div>\n<\/div>\n<\/div><\/div><\/div>\n\n\n\n<div class=\"wp-block-nectar-blocks-column nectar-blocks-column nectar-block\" id=\"block-USntvt3utx\"><div class=\"nectar-blocks-column__wrapper parent-block-block-USntvt3utx\"><div class=\"nectar-blocks-column__inner nectar-blocks-column__content-wrap parent-block-block-USntvt3utx\">\n<p id=\"block-3UH54AlPiA\" class=\"wp-block-nectar-blocks-text nectar-blocks-text nectar-font-h1\">Marie-Jeanne Coutagne<\/p>\n\n\n\n<p id=\"block-FxfrjcQsZx\" class=\"wp-block-nectar-blocks-text nectar-blocks-text\">Marie-Jeanne Coutagne es profesora de filosof\u00eda y ense\u00f1a en los cursos preparatorios de las Grandes \u00c9coles. Ha obtenido un doctorado en filosof\u00eda (Universidad Cat\u00f3lica de Lyon) y ha sido investigadora asociada en la Universidad Cat\u00f3lica de Lyon (UCLy). Ha sido tambi\u00e9n profesora invitada en las Facultades Loyola (antiguo Centre S\u00e8vres, Par\u00eds) y en el Instituto Cat\u00f3lico del Mediterr\u00e1neo (ICM-Marsella).  <\/p>\n\n\n\n<p id=\"block-yvYk1MMQaY\" class=\"wp-block-nectar-blocks-text nectar-blocks-text\">Es presidenta de la Asociaci\u00f3n de Amigos de Maurice Blondel y autora de numerosas obras sobre \u00e9l. Es adem\u00e1s postuladora de la causa de beatificaci\u00f3n de Maurice Blondel.  <\/p>\n\n\n\n<p id=\"block-kFPgUhZY4x\" class=\"wp-block-nectar-blocks-text nectar-blocks-text\">Es miembro del Consejo de la Fundaci\u00f3n Teilhard de Chardin (responsable de los Archivos), del Consejo Acad\u00e9mico de la Academia Cat\u00f3lica de Francia. Es miembro efectivo de la Academia de Ciencias, de la Agricultura, de las Artes y de las Letras de Aix-en-Provence. <\/p>\n\n\n\n<p id=\"block-5ui6kJ20mA\" class=\"wp-block-nectar-blocks-text nectar-blocks-text\">Entre sus publicaciones: <em>Maurice Blondel, la philosophie au risque de la vie<\/em>, Parole et silence, 2025.<br\/><\/p>\n<\/div><\/div><\/div>\n<\/div>\n\n<p id=\"block-zJuvO4jvJQ\" class=\"wp-block-nectar-blocks-text nectar-blocks-text\"><\/p>\n","protected":false},"excerpt":{"rendered":"","protected":false},"author":8,"featured_media":5186,"parent":5300,"menu_order":0,"comment_status":"closed","ping_status":"closed","template":"","meta":{"_nectar_blocks_hide_post_title":true,"_nectar_blocks_transparent_header_effect":false,"_nectar_blocks_transparent_header_effect_color":"light","_nectar_blocks_header_animation":false,"_nectar_blocks_header_animation_delay":0,"_nectar_blocks_header_animation_effect":"fade","_nectar_blocks_page_css":"","_nectar_blocks_page_js":"","footnotes":""},"class_list":["post-5231","page","type-page","status-publish","has-post-thumbnail"],"yoast_head":"<!-- This site is optimized with the Yoast SEO plugin v27.2 - https:\/\/yoast.com\/product\/yoast-seo-wordpress\/ -->\n<title>Marie-Jeanne Coutagne - Ontologia Trinitaria<\/title>\n<meta name=\"robots\" content=\"index, follow, max-snippet:-1, max-image-preview:large, max-video-preview:-1\" \/>\n<link rel=\"canonical\" href=\"https:\/\/ontologiatrinitaria.org\/es\/quienes-somos\/francia\/marie-jeanne-coutagne\/\" \/>\n<meta property=\"og:locale\" content=\"es_ES\" \/>\n<meta property=\"og:type\" content=\"article\" \/>\n<meta property=\"og:title\" content=\"Marie-Jeanne Coutagne - Ontologia Trinitaria\" \/>\n<meta property=\"og:url\" content=\"https:\/\/ontologiatrinitaria.org\/es\/quienes-somos\/francia\/marie-jeanne-coutagne\/\" \/>\n<meta property=\"og:site_name\" content=\"Ontologia Trinitaria\" \/>\n<meta property=\"article:publisher\" content=\"https:\/\/www.facebook.com\/ontologiatrinitaria\" \/>\n<meta property=\"article:modified_time\" content=\"2026-03-30T07:14:31+00:00\" \/>\n<meta property=\"og:image\" content=\"https:\/\/ontologiatrinitaria.org\/wp-content\/uploads\/2026\/03\/Coutagne_LD-1.jpg\" \/>\n\t<meta property=\"og:image:width\" content=\"1500\" \/>\n\t<meta property=\"og:image:height\" content=\"1500\" \/>\n\t<meta property=\"og:image:type\" content=\"image\/jpeg\" \/>\n<meta name=\"twitter:card\" content=\"summary_large_image\" \/>\n<meta name=\"twitter:label1\" content=\"Tiempo de lectura\" \/>\n\t<meta name=\"twitter:data1\" content=\"1 minuto\" \/>\n<script type=\"application\/ld+json\" class=\"yoast-schema-graph\">{\"@context\":\"https:\/\/schema.org\",\"@graph\":[{\"@type\":\"WebPage\",\"@id\":\"https:\/\/ontologiatrinitaria.org\/es\/quienes-somos\/francia\/marie-jeanne-coutagne\/\",\"url\":\"https:\/\/ontologiatrinitaria.org\/es\/quienes-somos\/francia\/marie-jeanne-coutagne\/\",\"name\":\"Marie-Jeanne Coutagne - Ontologia Trinitaria\",\"isPartOf\":{\"@id\":\"https:\/\/ontologiatrinitaria.org\/es\/#website\"},\"primaryImageOfPage\":{\"@id\":\"https:\/\/ontologiatrinitaria.org\/es\/quienes-somos\/francia\/marie-jeanne-coutagne\/#primaryimage\"},\"image\":{\"@id\":\"https:\/\/ontologiatrinitaria.org\/es\/quienes-somos\/francia\/marie-jeanne-coutagne\/#primaryimage\"},\"thumbnailUrl\":\"https:\/\/ontologiatrinitaria.org\/wp-content\/uploads\/2026\/03\/Coutagne_LD-1.jpg\",\"datePublished\":\"2026-03-05T15:10:40+00:00\",\"dateModified\":\"2026-03-30T07:14:31+00:00\",\"breadcrumb\":{\"@id\":\"https:\/\/ontologiatrinitaria.org\/es\/quienes-somos\/francia\/marie-jeanne-coutagne\/#breadcrumb\"},\"inLanguage\":\"es\",\"potentialAction\":[{\"@type\":\"ReadAction\",\"target\":[\"https:\/\/ontologiatrinitaria.org\/es\/quienes-somos\/francia\/marie-jeanne-coutagne\/\"]}]},{\"@type\":\"ImageObject\",\"inLanguage\":\"es\",\"@id\":\"https:\/\/ontologiatrinitaria.org\/es\/quienes-somos\/francia\/marie-jeanne-coutagne\/#primaryimage\",\"url\":\"https:\/\/ontologiatrinitaria.org\/wp-content\/uploads\/2026\/03\/Coutagne_LD-1.jpg\",\"contentUrl\":\"https:\/\/ontologiatrinitaria.org\/wp-content\/uploads\/2026\/03\/Coutagne_LD-1.jpg\",\"width\":1500,\"height\":1500},{\"@type\":\"BreadcrumbList\",\"@id\":\"https:\/\/ontologiatrinitaria.org\/es\/quienes-somos\/francia\/marie-jeanne-coutagne\/#breadcrumb\",\"itemListElement\":[{\"@type\":\"ListItem\",\"position\":1,\"name\":\"Home\",\"item\":\"https:\/\/ontologiatrinitaria.org\/es\/\"},{\"@type\":\"ListItem\",\"position\":2,\"name\":\"Qui\u00e9nes somos\",\"item\":\"https:\/\/ontologiatrinitaria.org\/es\/quienes-somos\/\"},{\"@type\":\"ListItem\",\"position\":3,\"name\":\"Francia\",\"item\":\"https:\/\/ontologiatrinitaria.org\/es\/quienes-somos\/francia\/\"},{\"@type\":\"ListItem\",\"position\":4,\"name\":\"Marie-Jeanne Coutagne\"}]},{\"@type\":\"WebSite\",\"@id\":\"https:\/\/ontologiatrinitaria.org\/es\/#website\",\"url\":\"https:\/\/ontologiatrinitaria.org\/es\/\",\"name\":\"Ontologia Trinitaria\",\"description\":\"Itinerari e ricerche\",\"publisher\":{\"@id\":\"https:\/\/ontologiatrinitaria.org\/es\/#organization\"},\"potentialAction\":[{\"@type\":\"SearchAction\",\"target\":{\"@type\":\"EntryPoint\",\"urlTemplate\":\"https:\/\/ontologiatrinitaria.org\/es\/?s={search_term_string}\"},\"query-input\":{\"@type\":\"PropertyValueSpecification\",\"valueRequired\":true,\"valueName\":\"search_term_string\"}}],\"inLanguage\":\"es\"},{\"@type\":\"Organization\",\"@id\":\"https:\/\/ontologiatrinitaria.org\/es\/#organization\",\"name\":\"Ontologia Trinitaria\",\"url\":\"https:\/\/ontologiatrinitaria.org\/es\/\",\"logo\":{\"@type\":\"ImageObject\",\"inLanguage\":\"es\",\"@id\":\"https:\/\/ontologiatrinitaria.org\/es\/#\/schema\/logo\/image\/\",\"url\":\"https:\/\/ontologiatrinitaria.org\/wp-content\/uploads\/2025\/06\/logo_colore2.png\",\"contentUrl\":\"https:\/\/ontologiatrinitaria.org\/wp-content\/uploads\/2025\/06\/logo_colore2.png\",\"width\":402,\"height\":169,\"caption\":\"Ontologia Trinitaria\"},\"image\":{\"@id\":\"https:\/\/ontologiatrinitaria.org\/es\/#\/schema\/logo\/image\/\"},\"sameAs\":[\"https:\/\/www.facebook.com\/ontologiatrinitaria\",\"https:\/\/www.instagram.com\/ontologiatrinitaria\/\"]}]}<\/script>\n<!-- \/ Yoast SEO plugin. -->","yoast_head_json":{"title":"Marie-Jeanne Coutagne - Ontologia Trinitaria","robots":{"index":"index","follow":"follow","max-snippet":"max-snippet:-1","max-image-preview":"max-image-preview:large","max-video-preview":"max-video-preview:-1"},"canonical":"https:\/\/ontologiatrinitaria.org\/es\/quienes-somos\/francia\/marie-jeanne-coutagne\/","og_locale":"es_ES","og_type":"article","og_title":"Marie-Jeanne Coutagne - Ontologia Trinitaria","og_url":"https:\/\/ontologiatrinitaria.org\/es\/quienes-somos\/francia\/marie-jeanne-coutagne\/","og_site_name":"Ontologia Trinitaria","article_publisher":"https:\/\/www.facebook.com\/ontologiatrinitaria","article_modified_time":"2026-03-30T07:14:31+00:00","og_image":[{"width":1500,"height":1500,"url":"https:\/\/ontologiatrinitaria.org\/wp-content\/uploads\/2026\/03\/Coutagne_LD-1.jpg","type":"image\/jpeg"}],"twitter_card":"summary_large_image","twitter_misc":{"Tiempo de lectura":"1 minuto"},"schema":{"@context":"https:\/\/schema.org","@graph":[{"@type":"WebPage","@id":"https:\/\/ontologiatrinitaria.org\/es\/quienes-somos\/francia\/marie-jeanne-coutagne\/","url":"https:\/\/ontologiatrinitaria.org\/es\/quienes-somos\/francia\/marie-jeanne-coutagne\/","name":"Marie-Jeanne Coutagne - Ontologia Trinitaria","isPartOf":{"@id":"https:\/\/ontologiatrinitaria.org\/es\/#website"},"primaryImageOfPage":{"@id":"https:\/\/ontologiatrinitaria.org\/es\/quienes-somos\/francia\/marie-jeanne-coutagne\/#primaryimage"},"image":{"@id":"https:\/\/ontologiatrinitaria.org\/es\/quienes-somos\/francia\/marie-jeanne-coutagne\/#primaryimage"},"thumbnailUrl":"https:\/\/ontologiatrinitaria.org\/wp-content\/uploads\/2026\/03\/Coutagne_LD-1.jpg","datePublished":"2026-03-05T15:10:40+00:00","dateModified":"2026-03-30T07:14:31+00:00","breadcrumb":{"@id":"https:\/\/ontologiatrinitaria.org\/es\/quienes-somos\/francia\/marie-jeanne-coutagne\/#breadcrumb"},"inLanguage":"es","potentialAction":[{"@type":"ReadAction","target":["https:\/\/ontologiatrinitaria.org\/es\/quienes-somos\/francia\/marie-jeanne-coutagne\/"]}]},{"@type":"ImageObject","inLanguage":"es","@id":"https:\/\/ontologiatrinitaria.org\/es\/quienes-somos\/francia\/marie-jeanne-coutagne\/#primaryimage","url":"https:\/\/ontologiatrinitaria.org\/wp-content\/uploads\/2026\/03\/Coutagne_LD-1.jpg","contentUrl":"https:\/\/ontologiatrinitaria.org\/wp-content\/uploads\/2026\/03\/Coutagne_LD-1.jpg","width":1500,"height":1500},{"@type":"BreadcrumbList","@id":"https:\/\/ontologiatrinitaria.org\/es\/quienes-somos\/francia\/marie-jeanne-coutagne\/#breadcrumb","itemListElement":[{"@type":"ListItem","position":1,"name":"Home","item":"https:\/\/ontologiatrinitaria.org\/es\/"},{"@type":"ListItem","position":2,"name":"Qui\u00e9nes somos","item":"https:\/\/ontologiatrinitaria.org\/es\/quienes-somos\/"},{"@type":"ListItem","position":3,"name":"Francia","item":"https:\/\/ontologiatrinitaria.org\/es\/quienes-somos\/francia\/"},{"@type":"ListItem","position":4,"name":"Marie-Jeanne Coutagne"}]},{"@type":"WebSite","@id":"https:\/\/ontologiatrinitaria.org\/es\/#website","url":"https:\/\/ontologiatrinitaria.org\/es\/","name":"Ontologia Trinitaria","description":"Itinerari e ricerche","publisher":{"@id":"https:\/\/ontologiatrinitaria.org\/es\/#organization"},"potentialAction":[{"@type":"SearchAction","target":{"@type":"EntryPoint","urlTemplate":"https:\/\/ontologiatrinitaria.org\/es\/?s={search_term_string}"},"query-input":{"@type":"PropertyValueSpecification","valueRequired":true,"valueName":"search_term_string"}}],"inLanguage":"es"},{"@type":"Organization","@id":"https:\/\/ontologiatrinitaria.org\/es\/#organization","name":"Ontologia Trinitaria","url":"https:\/\/ontologiatrinitaria.org\/es\/","logo":{"@type":"ImageObject","inLanguage":"es","@id":"https:\/\/ontologiatrinitaria.org\/es\/#\/schema\/logo\/image\/","url":"https:\/\/ontologiatrinitaria.org\/wp-content\/uploads\/2025\/06\/logo_colore2.png","contentUrl":"https:\/\/ontologiatrinitaria.org\/wp-content\/uploads\/2025\/06\/logo_colore2.png","width":402,"height":169,"caption":"Ontologia Trinitaria"},"image":{"@id":"https:\/\/ontologiatrinitaria.org\/es\/#\/schema\/logo\/image\/"},"sameAs":["https:\/\/www.facebook.com\/ontologiatrinitaria","https:\/\/www.instagram.com\/ontologiatrinitaria\/"]}]}},"_links":{"self":[{"href":"https:\/\/ontologiatrinitaria.org\/es\/wp-json\/wp\/v2\/pages\/5231","targetHints":{"allow":["GET"]}}],"collection":[{"href":"https:\/\/ontologiatrinitaria.org\/es\/wp-json\/wp\/v2\/pages"}],"about":[{"href":"https:\/\/ontologiatrinitaria.org\/es\/wp-json\/wp\/v2\/types\/page"}],"author":[{"embeddable":true,"href":"https:\/\/ontologiatrinitaria.org\/es\/wp-json\/wp\/v2\/users\/8"}],"replies":[{"embeddable":true,"href":"https:\/\/ontologiatrinitaria.org\/es\/wp-json\/wp\/v2\/comments?post=5231"}],"version-history":[{"count":4,"href":"https:\/\/ontologiatrinitaria.org\/es\/wp-json\/wp\/v2\/pages\/5231\/revisions"}],"predecessor-version":[{"id":5749,"href":"https:\/\/ontologiatrinitaria.org\/es\/wp-json\/wp\/v2\/pages\/5231\/revisions\/5749"}],"up":[{"embeddable":true,"href":"https:\/\/ontologiatrinitaria.org\/es\/wp-json\/wp\/v2\/pages\/5300"}],"wp:featuredmedia":[{"embeddable":true,"href":"https:\/\/ontologiatrinitaria.org\/es\/wp-json\/wp\/v2\/media\/5186"}],"wp:attachment":[{"href":"https:\/\/ontologiatrinitaria.org\/es\/wp-json\/wp\/v2\/media?parent=5231"}],"curies":[{"name":"wp","href":"https:\/\/api.w.org\/{rel}","templated":true}]}}