{"id":5260,"date":"2025-12-22T10:05:14","date_gmt":"2025-12-22T10:05:14","guid":{"rendered":"https:\/\/ontologiatrinitaria.org\/italia\/raul-buffo\/"},"modified":"2026-03-11T15:13:46","modified_gmt":"2026-03-11T15:13:46","slug":"raul-buffo","status":"publish","type":"page","link":"https:\/\/ontologiatrinitaria.org\/es\/quienes-somos\/italia\/raul-buffo\/","title":{"rendered":"Raul Buffo"},"content":{"rendered":"\n<p id=\"block-La3ANYq3ZC\" class=\"wp-block-nectar-blocks-text nectar-blocks-text\"><\/p>\n\n<div class=\"wp-block-nectar-blocks-row alignfull nectar-block nectar-blocks-row nectar-blocks-row__inner nectar-blocks-row__wrapper parent-block-block-cO9cejINdZ\" id=\"block-cO9cejINdZ\">\n<div class=\"wp-block-nectar-blocks-column nectar-blocks-column nectar-block\" id=\"block-HJwbn4nmeE\"><div class=\"nectar-blocks-column__inner nectar-blocks-column__content-wrap parent-block-block-HJwbn4nmeE nectar-blocks-column__wrapper\"><div class=\"yoast-breadcrumbs ticss-0c0395b4\"><span><span><a href=\"https:\/\/ontologiatrinitaria.org\/es\/\">Home<\/a><\/span> \/ <span><a href=\"https:\/\/ontologiatrinitaria.org\/es\/quienes-somos\/\">Qui\u00e9nes somos<\/a><\/span> \/ <span><a href=\"https:\/\/ontologiatrinitaria.org\/es\/quienes-somos\/italia\/\">Italia<\/a><\/span> \/ <span class=\"breadcrumb_last\" aria-current=\"page\"><strong>Raul Buffo<\/strong><\/span><\/span><\/div><\/div><\/div>\n<\/div>\n\n<div class=\"wp-block-nectar-blocks-row alignfull nectar-block nectar-blocks-row nectar-blocks-row__inner nectar-blocks-row__wrapper parent-block-block-4ExaED4uV4\" id=\"block-4ExaED4uV4\">\n<div class=\"wp-block-nectar-blocks-column nectar-blocks-column nectar-block\" id=\"block-eI1aaWPMkd\"><div class=\"nectar-blocks-column__wrapper parent-block-block-eI1aaWPMkd\"><div class=\"nectar-blocks-column__inner nectar-blocks-column__content-wrap parent-block-block-eI1aaWPMkd\">\n<div class=\"wp-block-nectar-blocks-flex-box nectar-block nectar-blocks-flex-box nectar-blocks-flex-box__inner nectar-blocks-flex-box__wrapper parent-block-block-B6Y2xajyjw\" id=\"block-B6Y2xajyjw\">\n<div class=\"wp-block-nectar-blocks-image nectar-blocks-image\" id=\"block-8k6jOeHC4N\"><div class=\"nectar-blocks-image__inner\"><img loading=\"lazy\" decoding=\"async\" width=\"1500\" height=\"1418\" class=\"wp-image-4039 nectar-aspect-ratio--1-1 nectar-aspect-ratio\" src=\"https:\/\/ontologiatrinitaria.org\/wp-content\/uploads\/2025\/12\/Buffo_OT.jpg\" alt=\"\" title=\"Buffo_OT\" srcset=\"https:\/\/ontologiatrinitaria.org\/wp-content\/uploads\/2025\/12\/Buffo_OT.jpg 1500w, https:\/\/ontologiatrinitaria.org\/wp-content\/uploads\/2025\/12\/Buffo_OT-300x284.jpg 300w, https:\/\/ontologiatrinitaria.org\/wp-content\/uploads\/2025\/12\/Buffo_OT-1024x968.jpg 1024w, https:\/\/ontologiatrinitaria.org\/wp-content\/uploads\/2025\/12\/Buffo_OT-768x726.jpg 768w\" sizes=\"auto, (max-width: 1500px) 100vw, 1500px\" \/><\/div><\/div>\n<\/div>\n<\/div><\/div><\/div>\n\n\n\n<div class=\"wp-block-nectar-blocks-column nectar-blocks-column nectar-block\" id=\"block-Nd395CSOTz\"><div class=\"nectar-blocks-column__wrapper parent-block-block-Nd395CSOTz\"><div class=\"nectar-blocks-column__inner nectar-blocks-column__content-wrap parent-block-block-Nd395CSOTz\">\n<p id=\"block-pC4T9b5cIa\" class=\"wp-block-nectar-blocks-text nectar-blocks-text nectar-font-h1\">Raul Buffo<\/p>\n\n\n\n<div class=\"wp-block-nectar-blocks-button nectar-blocks-button nectar-font-label\" id=\"block-CPOcs4t1m9\"><a href=\"mailto:raulfbuffo@gmail.com\" class=\"nectar__link nectar-blocks-button__inner\"><span class=\"nectar-blocks-button__text\">raulfbuffo@gmail.com<\/span><span class=\"nectar-component__icon icon-source--remix\"><svg role=\"none\" viewbox=\"0 0 24 24\" fill=\"currentColor\" xmlns=\"http:\/\/www.w3.org\/2000\/svg\"><path d=\"M3 3H21C21.5523 3 22 3.44772 22 4V20C22 20.5523 21.5523 21 21 21H3C2.44772 21 2 20.5523 2 20V4C2 3.44772 2.44772 3 3 3ZM20 7.23792L12.0718 14.338L4 7.21594V19H20V7.23792ZM4.51146 5L12.0619 11.662L19.501 5H4.51146Z\"><\/path><\/svg><\/span><\/a><\/div>\n\n\n\n<p id=\"block-7YZ7y8mRh4\" class=\"wp-block-nectar-blocks-text nectar-blocks-text\">Raul Buffo es un jurista y fil\u00f3sofo argentino. Se licenci\u00f3 en Derecho por la Universidad Nacional de Tucum\u00e1n (Argentina), en Ontolog\u00eda Trinitaria por el Instituto Universitario Sophia (Florencia) y en Filosof\u00eda y \u00c9tica de las Relaciones por la Universidad de Perugia.  <\/p>\n\n\n\n<p id=\"block-w3GoAEpkpb\" class=\"wp-block-nectar-blocks-text nectar-blocks-text\">Obtuvo el Doctorado en Filosof\u00eda por la Universidad de Florencia en consorcio con la Universidad de Pisa. Ha sido profesor de la c\u00e1tedra de Ontolog\u00eda Trinitaria en el Instituto Universitario Sophia (Florencia) e investigador posdoctoral en el Centro \u00abEvangelii gaudium\u00bb del mismo instituto.  <\/p>\n\n\n\n<p id=\"block-ysKGB3xe8N\" class=\"wp-block-nectar-blocks-text nectar-blocks-text\">Actualmente desarrolla su labor investigadora en la UR CERES del Institut Catholique de Toulouse sobre el tema de la epistemolog\u00eda de la complejidad y la ontolog\u00eda trinitaria. Es miembro del Grupo de Coordinaci\u00f3n de la Secretar\u00eda Cient\u00edfica de Redacci\u00f3n de la colecci\u00f3n \u00abDiccionario Din\u00e1mico de Ontolog\u00eda Trinitaria\u00bb (DDOT), ed. Citt\u00e0 Nuova.  <\/p>\n\n\n\n<p id=\"block-jhyEs1GD5W\" class=\"wp-block-nectar-blocks-text nectar-blocks-text\">Su investigaci\u00f3n se centra en el \u00e1mbito de la ontolog\u00eda trinitaria, en particular en sus implicaciones epistemol\u00f3gicas y te\u00f3rico-\u00e9ticas, con especial atenci\u00f3n a la relaci\u00f3n entre filosof\u00eda, teolog\u00eda y ciencias, as\u00ed como a los temas del reconocimiento, la reciprocidad y el don.<\/p>\n\n\n\n<p id=\"block-HwWBjuFUtH\" class=\"wp-block-nectar-blocks-text nectar-blocks-text\">Entre sus publicaciones: <em>Pensar desde el reconocimiento. Paul Ricoeur y el saber como evento intersubjetivo<\/em> (Inschibboleth, Roma 2023); con P. Coda y A. Bergamo: <em>L\u00e9xico de ontolog\u00eda trinitaria<\/em> (Citt\u00e0 Nuova, Roma 2023); ha editado con P. Coda: <em>Los \u00faltimos son-ser\u00e1n los primeros<\/em>, DDOT 9 (Citt\u00e0 Nuova, Roma 2025).<br\/><\/p>\n<\/div><\/div><\/div>\n<\/div>\n","protected":false},"excerpt":{"rendered":"","protected":false},"author":8,"featured_media":0,"parent":5238,"menu_order":0,"comment_status":"closed","ping_status":"closed","template":"","meta":{"_nectar_blocks_hide_post_title":true,"_nectar_blocks_transparent_header_effect":false,"_nectar_blocks_transparent_header_effect_color":"light","_nectar_blocks_header_animation":false,"_nectar_blocks_header_animation_delay":0,"_nectar_blocks_header_animation_effect":"fade","_nectar_blocks_page_css":"","_nectar_blocks_page_js":"","footnotes":""},"class_list":["post-5260","page","type-page","status-publish"],"yoast_head":"<!-- This site is optimized with the Yoast SEO plugin v27.5 - https:\/\/yoast.com\/product\/yoast-seo-wordpress\/ -->\n<title>Raul Buffo - Ontologia Trinitaria<\/title>\n<meta name=\"robots\" content=\"index, follow, max-snippet:-1, max-image-preview:large, max-video-preview:-1\" \/>\n<link rel=\"canonical\" href=\"https:\/\/ontologiatrinitaria.org\/es\/quienes-somos\/italia\/raul-buffo\/\" \/>\n<meta property=\"og:locale\" content=\"es_ES\" \/>\n<meta property=\"og:type\" content=\"article\" \/>\n<meta property=\"og:title\" content=\"Raul Buffo - Ontologia Trinitaria\" \/>\n<meta property=\"og:url\" content=\"https:\/\/ontologiatrinitaria.org\/es\/quienes-somos\/italia\/raul-buffo\/\" \/>\n<meta property=\"og:site_name\" content=\"Ontologia Trinitaria\" \/>\n<meta property=\"article:publisher\" content=\"https:\/\/www.facebook.com\/ontologiatrinitaria\" \/>\n<meta property=\"article:modified_time\" content=\"2026-03-11T15:13:46+00:00\" \/>\n<meta property=\"og:image\" content=\"https:\/\/ontologiatrinitaria.org\/wp-content\/uploads\/2025\/12\/Buffo_OT.jpg\" \/>\n\t<meta property=\"og:image:width\" content=\"1500\" \/>\n\t<meta property=\"og:image:height\" content=\"1418\" \/>\n\t<meta property=\"og:image:type\" content=\"image\/jpeg\" \/>\n<meta name=\"twitter:card\" content=\"summary_large_image\" \/>\n<meta name=\"twitter:label1\" content=\"Tiempo de lectura\" \/>\n\t<meta name=\"twitter:data1\" content=\"1 minuto\" \/>\n<script type=\"application\/ld+json\" class=\"yoast-schema-graph\">{\"@context\":\"https:\\\/\\\/schema.org\",\"@graph\":[{\"@type\":\"WebPage\",\"@id\":\"https:\\\/\\\/ontologiatrinitaria.org\\\/es\\\/quienes-somos\\\/italia\\\/raul-buffo\\\/\",\"url\":\"https:\\\/\\\/ontologiatrinitaria.org\\\/es\\\/quienes-somos\\\/italia\\\/raul-buffo\\\/\",\"name\":\"Raul Buffo - Ontologia Trinitaria\",\"isPartOf\":{\"@id\":\"https:\\\/\\\/ontologiatrinitaria.org\\\/es\\\/#website\"},\"primaryImageOfPage\":{\"@id\":\"https:\\\/\\\/ontologiatrinitaria.org\\\/es\\\/quienes-somos\\\/italia\\\/raul-buffo\\\/#primaryimage\"},\"image\":{\"@id\":\"https:\\\/\\\/ontologiatrinitaria.org\\\/es\\\/quienes-somos\\\/italia\\\/raul-buffo\\\/#primaryimage\"},\"thumbnailUrl\":\"https:\\\/\\\/ontologiatrinitaria.org\\\/wp-content\\\/uploads\\\/2025\\\/12\\\/Buffo_OT.jpg\",\"datePublished\":\"2025-12-22T10:05:14+00:00\",\"dateModified\":\"2026-03-11T15:13:46+00:00\",\"breadcrumb\":{\"@id\":\"https:\\\/\\\/ontologiatrinitaria.org\\\/es\\\/quienes-somos\\\/italia\\\/raul-buffo\\\/#breadcrumb\"},\"inLanguage\":\"es\",\"potentialAction\":[{\"@type\":\"ReadAction\",\"target\":[\"https:\\\/\\\/ontologiatrinitaria.org\\\/es\\\/quienes-somos\\\/italia\\\/raul-buffo\\\/\"]}]},{\"@type\":\"ImageObject\",\"inLanguage\":\"es\",\"@id\":\"https:\\\/\\\/ontologiatrinitaria.org\\\/es\\\/quienes-somos\\\/italia\\\/raul-buffo\\\/#primaryimage\",\"url\":\"https:\\\/\\\/ontologiatrinitaria.org\\\/wp-content\\\/uploads\\\/2025\\\/12\\\/Buffo_OT.jpg\",\"contentUrl\":\"https:\\\/\\\/ontologiatrinitaria.org\\\/wp-content\\\/uploads\\\/2025\\\/12\\\/Buffo_OT.jpg\"},{\"@type\":\"BreadcrumbList\",\"@id\":\"https:\\\/\\\/ontologiatrinitaria.org\\\/es\\\/quienes-somos\\\/italia\\\/raul-buffo\\\/#breadcrumb\",\"itemListElement\":[{\"@type\":\"ListItem\",\"position\":1,\"name\":\"Home\",\"item\":\"https:\\\/\\\/ontologiatrinitaria.org\\\/es\\\/\"},{\"@type\":\"ListItem\",\"position\":2,\"name\":\"Qui\u00e9nes somos\",\"item\":\"https:\\\/\\\/ontologiatrinitaria.org\\\/es\\\/quienes-somos\\\/\"},{\"@type\":\"ListItem\",\"position\":3,\"name\":\"Italia\",\"item\":\"https:\\\/\\\/ontologiatrinitaria.org\\\/es\\\/quienes-somos\\\/italia\\\/\"},{\"@type\":\"ListItem\",\"position\":4,\"name\":\"Raul Buffo\"}]},{\"@type\":\"WebSite\",\"@id\":\"https:\\\/\\\/ontologiatrinitaria.org\\\/es\\\/#website\",\"url\":\"https:\\\/\\\/ontologiatrinitaria.org\\\/es\\\/\",\"name\":\"Ontologia Trinitaria\",\"description\":\"Itinerari e ricerche\",\"publisher\":{\"@id\":\"https:\\\/\\\/ontologiatrinitaria.org\\\/es\\\/#organization\"},\"potentialAction\":[{\"@type\":\"SearchAction\",\"target\":{\"@type\":\"EntryPoint\",\"urlTemplate\":\"https:\\\/\\\/ontologiatrinitaria.org\\\/es\\\/?s={search_term_string}\"},\"query-input\":{\"@type\":\"PropertyValueSpecification\",\"valueRequired\":true,\"valueName\":\"search_term_string\"}}],\"inLanguage\":\"es\"},{\"@type\":\"Organization\",\"@id\":\"https:\\\/\\\/ontologiatrinitaria.org\\\/es\\\/#organization\",\"name\":\"Ontologia Trinitaria\",\"url\":\"https:\\\/\\\/ontologiatrinitaria.org\\\/es\\\/\",\"logo\":{\"@type\":\"ImageObject\",\"inLanguage\":\"es\",\"@id\":\"https:\\\/\\\/ontologiatrinitaria.org\\\/es\\\/#\\\/schema\\\/logo\\\/image\\\/\",\"url\":\"https:\\\/\\\/ontologiatrinitaria.org\\\/wp-content\\\/uploads\\\/2025\\\/06\\\/logo_colore2.png\",\"contentUrl\":\"https:\\\/\\\/ontologiatrinitaria.org\\\/wp-content\\\/uploads\\\/2025\\\/06\\\/logo_colore2.png\",\"width\":402,\"height\":169,\"caption\":\"Ontologia Trinitaria\"},\"image\":{\"@id\":\"https:\\\/\\\/ontologiatrinitaria.org\\\/es\\\/#\\\/schema\\\/logo\\\/image\\\/\"},\"sameAs\":[\"https:\\\/\\\/www.facebook.com\\\/ontologiatrinitaria\",\"https:\\\/\\\/www.instagram.com\\\/ontologiatrinitaria\\\/\"]}]}<\/script>\n<!-- \/ Yoast SEO plugin. -->","yoast_head_json":{"title":"Raul Buffo - Ontologia Trinitaria","robots":{"index":"index","follow":"follow","max-snippet":"max-snippet:-1","max-image-preview":"max-image-preview:large","max-video-preview":"max-video-preview:-1"},"canonical":"https:\/\/ontologiatrinitaria.org\/es\/quienes-somos\/italia\/raul-buffo\/","og_locale":"es_ES","og_type":"article","og_title":"Raul Buffo - Ontologia Trinitaria","og_url":"https:\/\/ontologiatrinitaria.org\/es\/quienes-somos\/italia\/raul-buffo\/","og_site_name":"Ontologia Trinitaria","article_publisher":"https:\/\/www.facebook.com\/ontologiatrinitaria","article_modified_time":"2026-03-11T15:13:46+00:00","og_image":[{"width":1500,"height":1418,"url":"https:\/\/ontologiatrinitaria.org\/wp-content\/uploads\/2025\/12\/Buffo_OT.jpg","type":"image\/jpeg"}],"twitter_card":"summary_large_image","twitter_misc":{"Tiempo de lectura":"1 minuto"},"schema":{"@context":"https:\/\/schema.org","@graph":[{"@type":"WebPage","@id":"https:\/\/ontologiatrinitaria.org\/es\/quienes-somos\/italia\/raul-buffo\/","url":"https:\/\/ontologiatrinitaria.org\/es\/quienes-somos\/italia\/raul-buffo\/","name":"Raul Buffo - Ontologia Trinitaria","isPartOf":{"@id":"https:\/\/ontologiatrinitaria.org\/es\/#website"},"primaryImageOfPage":{"@id":"https:\/\/ontologiatrinitaria.org\/es\/quienes-somos\/italia\/raul-buffo\/#primaryimage"},"image":{"@id":"https:\/\/ontologiatrinitaria.org\/es\/quienes-somos\/italia\/raul-buffo\/#primaryimage"},"thumbnailUrl":"https:\/\/ontologiatrinitaria.org\/wp-content\/uploads\/2025\/12\/Buffo_OT.jpg","datePublished":"2025-12-22T10:05:14+00:00","dateModified":"2026-03-11T15:13:46+00:00","breadcrumb":{"@id":"https:\/\/ontologiatrinitaria.org\/es\/quienes-somos\/italia\/raul-buffo\/#breadcrumb"},"inLanguage":"es","potentialAction":[{"@type":"ReadAction","target":["https:\/\/ontologiatrinitaria.org\/es\/quienes-somos\/italia\/raul-buffo\/"]}]},{"@type":"ImageObject","inLanguage":"es","@id":"https:\/\/ontologiatrinitaria.org\/es\/quienes-somos\/italia\/raul-buffo\/#primaryimage","url":"https:\/\/ontologiatrinitaria.org\/wp-content\/uploads\/2025\/12\/Buffo_OT.jpg","contentUrl":"https:\/\/ontologiatrinitaria.org\/wp-content\/uploads\/2025\/12\/Buffo_OT.jpg"},{"@type":"BreadcrumbList","@id":"https:\/\/ontologiatrinitaria.org\/es\/quienes-somos\/italia\/raul-buffo\/#breadcrumb","itemListElement":[{"@type":"ListItem","position":1,"name":"Home","item":"https:\/\/ontologiatrinitaria.org\/es\/"},{"@type":"ListItem","position":2,"name":"Qui\u00e9nes somos","item":"https:\/\/ontologiatrinitaria.org\/es\/quienes-somos\/"},{"@type":"ListItem","position":3,"name":"Italia","item":"https:\/\/ontologiatrinitaria.org\/es\/quienes-somos\/italia\/"},{"@type":"ListItem","position":4,"name":"Raul Buffo"}]},{"@type":"WebSite","@id":"https:\/\/ontologiatrinitaria.org\/es\/#website","url":"https:\/\/ontologiatrinitaria.org\/es\/","name":"Ontologia Trinitaria","description":"Itinerari e ricerche","publisher":{"@id":"https:\/\/ontologiatrinitaria.org\/es\/#organization"},"potentialAction":[{"@type":"SearchAction","target":{"@type":"EntryPoint","urlTemplate":"https:\/\/ontologiatrinitaria.org\/es\/?s={search_term_string}"},"query-input":{"@type":"PropertyValueSpecification","valueRequired":true,"valueName":"search_term_string"}}],"inLanguage":"es"},{"@type":"Organization","@id":"https:\/\/ontologiatrinitaria.org\/es\/#organization","name":"Ontologia Trinitaria","url":"https:\/\/ontologiatrinitaria.org\/es\/","logo":{"@type":"ImageObject","inLanguage":"es","@id":"https:\/\/ontologiatrinitaria.org\/es\/#\/schema\/logo\/image\/","url":"https:\/\/ontologiatrinitaria.org\/wp-content\/uploads\/2025\/06\/logo_colore2.png","contentUrl":"https:\/\/ontologiatrinitaria.org\/wp-content\/uploads\/2025\/06\/logo_colore2.png","width":402,"height":169,"caption":"Ontologia Trinitaria"},"image":{"@id":"https:\/\/ontologiatrinitaria.org\/es\/#\/schema\/logo\/image\/"},"sameAs":["https:\/\/www.facebook.com\/ontologiatrinitaria","https:\/\/www.instagram.com\/ontologiatrinitaria\/"]}]}},"_links":{"self":[{"href":"https:\/\/ontologiatrinitaria.org\/es\/wp-json\/wp\/v2\/pages\/5260","targetHints":{"allow":["GET"]}}],"collection":[{"href":"https:\/\/ontologiatrinitaria.org\/es\/wp-json\/wp\/v2\/pages"}],"about":[{"href":"https:\/\/ontologiatrinitaria.org\/es\/wp-json\/wp\/v2\/types\/page"}],"author":[{"embeddable":true,"href":"https:\/\/ontologiatrinitaria.org\/es\/wp-json\/wp\/v2\/users\/8"}],"replies":[{"embeddable":true,"href":"https:\/\/ontologiatrinitaria.org\/es\/wp-json\/wp\/v2\/comments?post=5260"}],"version-history":[{"count":2,"href":"https:\/\/ontologiatrinitaria.org\/es\/wp-json\/wp\/v2\/pages\/5260\/revisions"}],"predecessor-version":[{"id":5272,"href":"https:\/\/ontologiatrinitaria.org\/es\/wp-json\/wp\/v2\/pages\/5260\/revisions\/5272"}],"up":[{"embeddable":true,"href":"https:\/\/ontologiatrinitaria.org\/es\/wp-json\/wp\/v2\/pages\/5238"}],"wp:attachment":[{"href":"https:\/\/ontologiatrinitaria.org\/es\/wp-json\/wp\/v2\/media?parent=5260"}],"curies":[{"name":"wp","href":"https:\/\/api.w.org\/{rel}","templated":true}]}}