{"id":5264,"date":"2025-12-22T10:13:49","date_gmt":"2025-12-22T10:13:49","guid":{"rendered":"https:\/\/ontologiatrinitaria.org\/italia\/mauro-mantovani\/"},"modified":"2026-03-11T15:13:46","modified_gmt":"2026-03-11T15:13:46","slug":"mauro-mantovani","status":"publish","type":"page","link":"https:\/\/ontologiatrinitaria.org\/es\/quienes-somos\/italia\/mauro-mantovani\/","title":{"rendered":"Mauro Mantovani"},"content":{"rendered":"\n<p id=\"block-ytrajQNU5Q\" class=\"wp-block-nectar-blocks-text nectar-blocks-text\"><\/p>\n\n<div class=\"wp-block-nectar-blocks-row alignfull nectar-block nectar-blocks-row nectar-blocks-row__inner nectar-blocks-row__wrapper parent-block-block-YrJ5Q5vPjA\" id=\"block-YrJ5Q5vPjA\">\n<div class=\"wp-block-nectar-blocks-column nectar-blocks-column nectar-block\" id=\"block-hlnL8AyVTK\"><div class=\"nectar-blocks-column__inner nectar-blocks-column__content-wrap parent-block-block-hlnL8AyVTK nectar-blocks-column__wrapper\"><div class=\"yoast-breadcrumbs ticss-0c0395b4\"><span><span><a href=\"https:\/\/ontologiatrinitaria.org\/es\/\">Home<\/a><\/span> \/ <span><a href=\"https:\/\/ontologiatrinitaria.org\/es\/quienes-somos\/\">Qui\u00e9nes somos<\/a><\/span> \/ <span><a href=\"https:\/\/ontologiatrinitaria.org\/es\/quienes-somos\/italia\/\">Italia<\/a><\/span> \/ <span class=\"breadcrumb_last\" aria-current=\"page\"><strong>Mauro Mantovani<\/strong><\/span><\/span><\/div><\/div><\/div>\n<\/div>\n\n<div class=\"wp-block-nectar-blocks-row alignfull nectar-block nectar-blocks-row nectar-blocks-row__inner nectar-blocks-row__wrapper parent-block-block-4c2G3mGxrT\" id=\"block-4c2G3mGxrT\">\n<div class=\"wp-block-nectar-blocks-column nectar-blocks-column nectar-block\" id=\"block-O3S15wsnhl\"><div class=\"nectar-blocks-column__wrapper parent-block-block-O3S15wsnhl\"><div class=\"nectar-blocks-column__inner nectar-blocks-column__content-wrap parent-block-block-O3S15wsnhl\">\n<div class=\"wp-block-nectar-blocks-flex-box nectar-block nectar-blocks-flex-box nectar-blocks-flex-box__inner nectar-blocks-flex-box__wrapper parent-block-block-M9900VVFkv\" id=\"block-M9900VVFkv\">\n<div class=\"wp-block-nectar-blocks-image nectar-blocks-image\" id=\"block-Q5kga0y3Ld\"><div class=\"nectar-blocks-image__inner\"><img loading=\"lazy\" decoding=\"async\" width=\"1500\" height=\"1500\" class=\"wp-image-4043 nectar-aspect-ratio--1-1 nectar-aspect-ratio\" src=\"https:\/\/ontologiatrinitaria.org\/wp-content\/uploads\/2025\/12\/mantovani_OT.jpg\" alt=\"\" title=\"mantovani_OT\" srcset=\"https:\/\/ontologiatrinitaria.org\/wp-content\/uploads\/2025\/12\/mantovani_OT.jpg 1500w, https:\/\/ontologiatrinitaria.org\/wp-content\/uploads\/2025\/12\/mantovani_OT-300x300.jpg 300w, https:\/\/ontologiatrinitaria.org\/wp-content\/uploads\/2025\/12\/mantovani_OT-1024x1024.jpg 1024w, https:\/\/ontologiatrinitaria.org\/wp-content\/uploads\/2025\/12\/mantovani_OT-150x150.jpg 150w, https:\/\/ontologiatrinitaria.org\/wp-content\/uploads\/2025\/12\/mantovani_OT-768x768.jpg 768w, https:\/\/ontologiatrinitaria.org\/wp-content\/uploads\/2025\/12\/mantovani_OT-200x200.jpg 200w\" sizes=\"auto, (max-width: 1500px) 100vw, 1500px\" \/><\/div><\/div>\n<\/div>\n<\/div><\/div><\/div>\n\n\n\n<div class=\"wp-block-nectar-blocks-column nectar-blocks-column nectar-block\" id=\"block-qOZCMrkDyi\"><div class=\"nectar-blocks-column__wrapper parent-block-block-qOZCMrkDyi\"><div class=\"nectar-blocks-column__inner nectar-blocks-column__content-wrap parent-block-block-qOZCMrkDyi\">\n<p id=\"block-xg5vyE16Mv\" class=\"wp-block-nectar-blocks-text nectar-blocks-text nectar-font-h1\">Mauro Mantovani<\/p>\n\n\n\n<div class=\"wp-block-nectar-blocks-button nectar-blocks-button nectar-font-label\" id=\"block-E8Yz1GDqPQ\"><a href=\"mailto:mantovani@unisal.it\" class=\"nectar__link nectar-blocks-button__inner\"><span class=\"nectar-blocks-button__text\">mantovani@unisal.it<\/span><span class=\"nectar-component__icon icon-source--remix\"><svg role=\"none\" viewbox=\"0 0 24 24\" fill=\"currentColor\" xmlns=\"http:\/\/www.w3.org\/2000\/svg\"><path d=\"M3 3H21C21.5523 3 22 3.44772 22 4V20C22 20.5523 21.5523 21 21 21H3C2.44772 21 2 20.5523 2 20V4C2 3.44772 2.44772 3 3 3ZM20 7.23792L12.0718 14.338L4 7.21594V19H20V7.23792ZM4.51146 5L12.0619 11.662L19.501 5H4.51146Z\"><\/path><\/svg><\/span><\/a><\/div>\n\n\n\n<p id=\"block-0RsFgQRy42\" class=\"wp-block-nectar-blocks-text nectar-blocks-text\">Nacido en Moncalieri (Tur\u00edn) el 03-01-1966.<\/p>\n\n\n\n<p id=\"block-UYAQOi479P\" class=\"wp-block-nectar-blocks-text nectar-blocks-text\">Miembro de la Congregaci\u00f3n de los Salesianos de Don Bosco, ordenado sacerdote en 1994.<\/p>\n\n\n\n<p id=\"block-f9DXIvF1db\" class=\"wp-block-nectar-blocks-text nectar-blocks-text\">En noviembre de 1995 obtuvo la Licenciatura en Filosof\u00eda en la Facultad de Letras y Filosof\u00eda de la Universidad de Roma Tor Vergata, con una tesis titulada: \u201cEl concepto de ley de Tom\u00e1s de Aquino a Francisco Su\u00e1rez\u201d (Prof. Armando Rigobello).<\/p>\n\n\n\n<p id=\"block-yEE8Kvzi95\" class=\"wp-block-nectar-blocks-text nectar-blocks-text\">En Espa\u00f1a obtuvo en 2006 el Doctorado Pontificio y Civil en Filosof\u00eda en la Universidad Pontificia de Salamanca, con una tesis titulada: \u201cFrancisco de Vitoria y sus sucesores (1530-1560) sobre la \u2018demostraci\u00f3n\u2019 de la existencia de Dios. Los comentarios universitarios salmantinos a la cuesti\u00f3n II de la Primera Parte de la Suma Teol\u00f3gica de Santo Tom\u00e1s de Aquino\u201d (Prof. I. Murillo Murillo).<\/p>\n\n\n\n<p id=\"block-GVmJvCVMaM\" class=\"wp-block-nectar-blocks-text nectar-blocks-text\">En 2011, en Roma, obtuvo el Doctorado en Teolog\u00eda en la Pontificia Universidad de Santo Tom\u00e1s de Aquino \u201cAngelicum\u201d, con una tesis (17 de diciembre de 2010) titulada: \u201c\u00bfDios existe? (Summa Theologiae I, q. 2). Un siglo de autores dominicos y de sus respectivos textos (Salamanca, 1561-1669)\u201d (Prof. \u00c1ngel Mart\u00ednez Casado).<\/p>\n\n\n\n<p id=\"block-OP0AYf4Nbc\" class=\"wp-block-nectar-blocks-text nectar-blocks-text\">Tambi\u00e9n ha recibido los siguientes reconocimientos: Premio Mediterr\u00e1neo 2016 \u201cPortador de Paz\u201d, por parte de la Fondazione Mediterraneo (Roma, 19 de octubre de 2016); Premio Internacional Bonifacio VIII &#8211; Ciudad de Anagni 2020, XVIII edici\u00f3n \u201c\u2026por una Cultura de la Paz\u201d (15 de febrero de 2020); Premio Internacional Santo Tom\u00e1s de Aquino, XIII edici\u00f3n, otorgado por el Circolo San Tommaso d\u2019Aquino (Aquino, 9 de marzo de 2024); Doctorado de investigaci\u00f3n de inter\u00e9s nacional honoris causa en Ciencias del Patrimonio Cultural, otorgado por la Universidad de Estudios de Tor Vergata (Roma, 1 de diciembre de 2025).<\/p>\n<\/div><\/div><\/div>\n<\/div>\n","protected":false},"excerpt":{"rendered":"","protected":false},"author":8,"featured_media":5195,"parent":5238,"menu_order":0,"comment_status":"closed","ping_status":"closed","template":"","meta":{"_nectar_blocks_hide_post_title":true,"_nectar_blocks_transparent_header_effect":false,"_nectar_blocks_transparent_header_effect_color":"light","_nectar_blocks_header_animation":false,"_nectar_blocks_header_animation_delay":0,"_nectar_blocks_header_animation_effect":"fade","_nectar_blocks_page_css":"","_nectar_blocks_page_js":"","footnotes":""},"class_list":["post-5264","page","type-page","status-publish","has-post-thumbnail"],"yoast_head":"<!-- This site is optimized with the Yoast SEO plugin v27.2 - https:\/\/yoast.com\/product\/yoast-seo-wordpress\/ -->\n<title>Mauro Mantovani - Ontologia Trinitaria<\/title>\n<meta name=\"robots\" content=\"index, follow, max-snippet:-1, max-image-preview:large, max-video-preview:-1\" \/>\n<link rel=\"canonical\" href=\"https:\/\/ontologiatrinitaria.org\/es\/quienes-somos\/italia\/mauro-mantovani\/\" \/>\n<meta property=\"og:locale\" content=\"es_ES\" \/>\n<meta property=\"og:type\" content=\"article\" \/>\n<meta property=\"og:title\" content=\"Mauro Mantovani - Ontologia Trinitaria\" \/>\n<meta property=\"og:url\" content=\"https:\/\/ontologiatrinitaria.org\/es\/quienes-somos\/italia\/mauro-mantovani\/\" \/>\n<meta property=\"og:site_name\" content=\"Ontologia Trinitaria\" \/>\n<meta property=\"article:publisher\" content=\"https:\/\/www.facebook.com\/ontologiatrinitaria\" \/>\n<meta property=\"article:modified_time\" content=\"2026-03-11T15:13:46+00:00\" \/>\n<meta property=\"og:image\" content=\"https:\/\/ontologiatrinitaria.org\/wp-content\/uploads\/2025\/12\/mantovani_OT.jpg\" \/>\n\t<meta property=\"og:image:width\" content=\"1500\" \/>\n\t<meta property=\"og:image:height\" content=\"1500\" \/>\n\t<meta property=\"og:image:type\" content=\"image\/jpeg\" \/>\n<meta name=\"twitter:card\" content=\"summary_large_image\" \/>\n<meta name=\"twitter:label1\" content=\"Tiempo de lectura\" \/>\n\t<meta name=\"twitter:data1\" content=\"1 minuto\" \/>\n<script type=\"application\/ld+json\" class=\"yoast-schema-graph\">{\"@context\":\"https:\/\/schema.org\",\"@graph\":[{\"@type\":\"WebPage\",\"@id\":\"https:\/\/ontologiatrinitaria.org\/es\/quienes-somos\/italia\/mauro-mantovani\/\",\"url\":\"https:\/\/ontologiatrinitaria.org\/es\/quienes-somos\/italia\/mauro-mantovani\/\",\"name\":\"Mauro Mantovani - Ontologia Trinitaria\",\"isPartOf\":{\"@id\":\"https:\/\/ontologiatrinitaria.org\/es\/#website\"},\"primaryImageOfPage\":{\"@id\":\"https:\/\/ontologiatrinitaria.org\/es\/quienes-somos\/italia\/mauro-mantovani\/#primaryimage\"},\"image\":{\"@id\":\"https:\/\/ontologiatrinitaria.org\/es\/quienes-somos\/italia\/mauro-mantovani\/#primaryimage\"},\"thumbnailUrl\":\"https:\/\/ontologiatrinitaria.org\/wp-content\/uploads\/2025\/12\/mantovani_OT.jpg\",\"datePublished\":\"2025-12-22T10:13:49+00:00\",\"dateModified\":\"2026-03-11T15:13:46+00:00\",\"breadcrumb\":{\"@id\":\"https:\/\/ontologiatrinitaria.org\/es\/quienes-somos\/italia\/mauro-mantovani\/#breadcrumb\"},\"inLanguage\":\"es\",\"potentialAction\":[{\"@type\":\"ReadAction\",\"target\":[\"https:\/\/ontologiatrinitaria.org\/es\/quienes-somos\/italia\/mauro-mantovani\/\"]}]},{\"@type\":\"ImageObject\",\"inLanguage\":\"es\",\"@id\":\"https:\/\/ontologiatrinitaria.org\/es\/quienes-somos\/italia\/mauro-mantovani\/#primaryimage\",\"url\":\"https:\/\/ontologiatrinitaria.org\/wp-content\/uploads\/2025\/12\/mantovani_OT.jpg\",\"contentUrl\":\"https:\/\/ontologiatrinitaria.org\/wp-content\/uploads\/2025\/12\/mantovani_OT.jpg\",\"width\":1500,\"height\":1500},{\"@type\":\"BreadcrumbList\",\"@id\":\"https:\/\/ontologiatrinitaria.org\/es\/quienes-somos\/italia\/mauro-mantovani\/#breadcrumb\",\"itemListElement\":[{\"@type\":\"ListItem\",\"position\":1,\"name\":\"Home\",\"item\":\"https:\/\/ontologiatrinitaria.org\/es\/\"},{\"@type\":\"ListItem\",\"position\":2,\"name\":\"Qui\u00e9nes somos\",\"item\":\"https:\/\/ontologiatrinitaria.org\/es\/quienes-somos\/\"},{\"@type\":\"ListItem\",\"position\":3,\"name\":\"Italia\",\"item\":\"https:\/\/ontologiatrinitaria.org\/es\/quienes-somos\/italia\/\"},{\"@type\":\"ListItem\",\"position\":4,\"name\":\"Mauro Mantovani\"}]},{\"@type\":\"WebSite\",\"@id\":\"https:\/\/ontologiatrinitaria.org\/es\/#website\",\"url\":\"https:\/\/ontologiatrinitaria.org\/es\/\",\"name\":\"Ontologia Trinitaria\",\"description\":\"Itinerari e ricerche\",\"publisher\":{\"@id\":\"https:\/\/ontologiatrinitaria.org\/es\/#organization\"},\"potentialAction\":[{\"@type\":\"SearchAction\",\"target\":{\"@type\":\"EntryPoint\",\"urlTemplate\":\"https:\/\/ontologiatrinitaria.org\/es\/?s={search_term_string}\"},\"query-input\":{\"@type\":\"PropertyValueSpecification\",\"valueRequired\":true,\"valueName\":\"search_term_string\"}}],\"inLanguage\":\"es\"},{\"@type\":\"Organization\",\"@id\":\"https:\/\/ontologiatrinitaria.org\/es\/#organization\",\"name\":\"Ontologia Trinitaria\",\"url\":\"https:\/\/ontologiatrinitaria.org\/es\/\",\"logo\":{\"@type\":\"ImageObject\",\"inLanguage\":\"es\",\"@id\":\"https:\/\/ontologiatrinitaria.org\/es\/#\/schema\/logo\/image\/\",\"url\":\"https:\/\/ontologiatrinitaria.org\/wp-content\/uploads\/2025\/06\/logo_colore2.png\",\"contentUrl\":\"https:\/\/ontologiatrinitaria.org\/wp-content\/uploads\/2025\/06\/logo_colore2.png\",\"width\":402,\"height\":169,\"caption\":\"Ontologia Trinitaria\"},\"image\":{\"@id\":\"https:\/\/ontologiatrinitaria.org\/es\/#\/schema\/logo\/image\/\"},\"sameAs\":[\"https:\/\/www.facebook.com\/ontologiatrinitaria\",\"https:\/\/www.instagram.com\/ontologiatrinitaria\/\"]}]}<\/script>\n<!-- \/ Yoast SEO plugin. -->","yoast_head_json":{"title":"Mauro Mantovani - Ontologia Trinitaria","robots":{"index":"index","follow":"follow","max-snippet":"max-snippet:-1","max-image-preview":"max-image-preview:large","max-video-preview":"max-video-preview:-1"},"canonical":"https:\/\/ontologiatrinitaria.org\/es\/quienes-somos\/italia\/mauro-mantovani\/","og_locale":"es_ES","og_type":"article","og_title":"Mauro Mantovani - Ontologia Trinitaria","og_url":"https:\/\/ontologiatrinitaria.org\/es\/quienes-somos\/italia\/mauro-mantovani\/","og_site_name":"Ontologia Trinitaria","article_publisher":"https:\/\/www.facebook.com\/ontologiatrinitaria","article_modified_time":"2026-03-11T15:13:46+00:00","og_image":[{"width":1500,"height":1500,"url":"https:\/\/ontologiatrinitaria.org\/wp-content\/uploads\/2025\/12\/mantovani_OT.jpg","type":"image\/jpeg"}],"twitter_card":"summary_large_image","twitter_misc":{"Tiempo de lectura":"1 minuto"},"schema":{"@context":"https:\/\/schema.org","@graph":[{"@type":"WebPage","@id":"https:\/\/ontologiatrinitaria.org\/es\/quienes-somos\/italia\/mauro-mantovani\/","url":"https:\/\/ontologiatrinitaria.org\/es\/quienes-somos\/italia\/mauro-mantovani\/","name":"Mauro Mantovani - Ontologia Trinitaria","isPartOf":{"@id":"https:\/\/ontologiatrinitaria.org\/es\/#website"},"primaryImageOfPage":{"@id":"https:\/\/ontologiatrinitaria.org\/es\/quienes-somos\/italia\/mauro-mantovani\/#primaryimage"},"image":{"@id":"https:\/\/ontologiatrinitaria.org\/es\/quienes-somos\/italia\/mauro-mantovani\/#primaryimage"},"thumbnailUrl":"https:\/\/ontologiatrinitaria.org\/wp-content\/uploads\/2025\/12\/mantovani_OT.jpg","datePublished":"2025-12-22T10:13:49+00:00","dateModified":"2026-03-11T15:13:46+00:00","breadcrumb":{"@id":"https:\/\/ontologiatrinitaria.org\/es\/quienes-somos\/italia\/mauro-mantovani\/#breadcrumb"},"inLanguage":"es","potentialAction":[{"@type":"ReadAction","target":["https:\/\/ontologiatrinitaria.org\/es\/quienes-somos\/italia\/mauro-mantovani\/"]}]},{"@type":"ImageObject","inLanguage":"es","@id":"https:\/\/ontologiatrinitaria.org\/es\/quienes-somos\/italia\/mauro-mantovani\/#primaryimage","url":"https:\/\/ontologiatrinitaria.org\/wp-content\/uploads\/2025\/12\/mantovani_OT.jpg","contentUrl":"https:\/\/ontologiatrinitaria.org\/wp-content\/uploads\/2025\/12\/mantovani_OT.jpg","width":1500,"height":1500},{"@type":"BreadcrumbList","@id":"https:\/\/ontologiatrinitaria.org\/es\/quienes-somos\/italia\/mauro-mantovani\/#breadcrumb","itemListElement":[{"@type":"ListItem","position":1,"name":"Home","item":"https:\/\/ontologiatrinitaria.org\/es\/"},{"@type":"ListItem","position":2,"name":"Qui\u00e9nes somos","item":"https:\/\/ontologiatrinitaria.org\/es\/quienes-somos\/"},{"@type":"ListItem","position":3,"name":"Italia","item":"https:\/\/ontologiatrinitaria.org\/es\/quienes-somos\/italia\/"},{"@type":"ListItem","position":4,"name":"Mauro Mantovani"}]},{"@type":"WebSite","@id":"https:\/\/ontologiatrinitaria.org\/es\/#website","url":"https:\/\/ontologiatrinitaria.org\/es\/","name":"Ontologia Trinitaria","description":"Itinerari e ricerche","publisher":{"@id":"https:\/\/ontologiatrinitaria.org\/es\/#organization"},"potentialAction":[{"@type":"SearchAction","target":{"@type":"EntryPoint","urlTemplate":"https:\/\/ontologiatrinitaria.org\/es\/?s={search_term_string}"},"query-input":{"@type":"PropertyValueSpecification","valueRequired":true,"valueName":"search_term_string"}}],"inLanguage":"es"},{"@type":"Organization","@id":"https:\/\/ontologiatrinitaria.org\/es\/#organization","name":"Ontologia Trinitaria","url":"https:\/\/ontologiatrinitaria.org\/es\/","logo":{"@type":"ImageObject","inLanguage":"es","@id":"https:\/\/ontologiatrinitaria.org\/es\/#\/schema\/logo\/image\/","url":"https:\/\/ontologiatrinitaria.org\/wp-content\/uploads\/2025\/06\/logo_colore2.png","contentUrl":"https:\/\/ontologiatrinitaria.org\/wp-content\/uploads\/2025\/06\/logo_colore2.png","width":402,"height":169,"caption":"Ontologia Trinitaria"},"image":{"@id":"https:\/\/ontologiatrinitaria.org\/es\/#\/schema\/logo\/image\/"},"sameAs":["https:\/\/www.facebook.com\/ontologiatrinitaria","https:\/\/www.instagram.com\/ontologiatrinitaria\/"]}]}},"_links":{"self":[{"href":"https:\/\/ontologiatrinitaria.org\/es\/wp-json\/wp\/v2\/pages\/5264","targetHints":{"allow":["GET"]}}],"collection":[{"href":"https:\/\/ontologiatrinitaria.org\/es\/wp-json\/wp\/v2\/pages"}],"about":[{"href":"https:\/\/ontologiatrinitaria.org\/es\/wp-json\/wp\/v2\/types\/page"}],"author":[{"embeddable":true,"href":"https:\/\/ontologiatrinitaria.org\/es\/wp-json\/wp\/v2\/users\/8"}],"replies":[{"embeddable":true,"href":"https:\/\/ontologiatrinitaria.org\/es\/wp-json\/wp\/v2\/comments?post=5264"}],"version-history":[{"count":2,"href":"https:\/\/ontologiatrinitaria.org\/es\/wp-json\/wp\/v2\/pages\/5264\/revisions"}],"predecessor-version":[{"id":5273,"href":"https:\/\/ontologiatrinitaria.org\/es\/wp-json\/wp\/v2\/pages\/5264\/revisions\/5273"}],"up":[{"embeddable":true,"href":"https:\/\/ontologiatrinitaria.org\/es\/wp-json\/wp\/v2\/pages\/5238"}],"wp:featuredmedia":[{"embeddable":true,"href":"https:\/\/ontologiatrinitaria.org\/es\/wp-json\/wp\/v2\/media\/5195"}],"wp:attachment":[{"href":"https:\/\/ontologiatrinitaria.org\/es\/wp-json\/wp\/v2\/media?parent=5264"}],"curies":[{"name":"wp","href":"https:\/\/api.w.org\/{rel}","templated":true}]}}