{"id":5268,"date":"2025-05-26T13:19:09","date_gmt":"2025-05-26T13:19:09","guid":{"rendered":"https:\/\/ontologiatrinitaria.org\/italia\/piero-coda\/"},"modified":"2026-03-29T17:27:18","modified_gmt":"2026-03-29T17:27:18","slug":"piero-coda","status":"publish","type":"page","link":"https:\/\/ontologiatrinitaria.org\/es\/quienes-somos\/italia\/piero-coda\/","title":{"rendered":"Piero Coda"},"content":{"rendered":"\n<p><\/p>\n\n<div class=\"wp-block-nectar-blocks-row alignfull nectar-block nectar-blocks-row nectar-blocks-row__inner nectar-blocks-row__wrapper parent-block-block-vToenX3EaI\" id=\"block-vToenX3EaI\">\n<div class=\"wp-block-nectar-blocks-column nectar-blocks-column nectar-block\" id=\"block-vfiJEFX6U4\"><div class=\"nectar-blocks-column__inner nectar-blocks-column__content-wrap parent-block-block-vfiJEFX6U4 nectar-blocks-column__wrapper\"><div class=\"yoast-breadcrumbs ticss-0c0395b4\"><span><span><a href=\"https:\/\/ontologiatrinitaria.org\/es\/\">Home<\/a><\/span> \/ <span><a href=\"https:\/\/ontologiatrinitaria.org\/es\/quienes-somos\/\">Qui\u00e9nes somos<\/a><\/span> \/ <span><a href=\"https:\/\/ontologiatrinitaria.org\/es\/quienes-somos\/italia\/\">Italia<\/a><\/span> \/ <span class=\"breadcrumb_last\" aria-current=\"page\"><strong>Piero Coda<\/strong><\/span><\/span><\/div><\/div><\/div>\n<\/div>\n\n<div class=\"wp-block-nectar-blocks-row alignfull nectar-block nectar-blocks-row nectar-blocks-row__inner nectar-blocks-row__wrapper parent-block-block-rLhr34Jqmi\" id=\"block-rLhr34Jqmi\">\n<div class=\"wp-block-nectar-blocks-column nectar-blocks-column nectar-block\" id=\"block-1CNFZk0QPg\"><div class=\"nectar-blocks-column__wrapper parent-block-block-1CNFZk0QPg\"><div class=\"nectar-blocks-column__inner nectar-blocks-column__content-wrap parent-block-block-1CNFZk0QPg\">\n<div class=\"wp-block-nectar-blocks-flex-box nectar-block nectar-blocks-flex-box nectar-blocks-flex-box__inner nectar-blocks-flex-box__wrapper parent-block-block-r8nKsbr11D\" id=\"block-r8nKsbr11D\">\n<div class=\"wp-block-nectar-blocks-image nectar-blocks-image\" id=\"block-wgiqgvvZq1\"><div class=\"nectar-blocks-image__inner\"><img loading=\"lazy\" decoding=\"async\" width=\"1500\" height=\"1000\" class=\"wp-image-2905 nectar-aspect-ratio--1-1 nectar-aspect-ratio\" src=\"https:\/\/ontologiatrinitaria.org\/wp-content\/uploads\/2025\/06\/LD_piero-coda-1.jpg\" alt=\"\" title=\"LD_piero-coda\" srcset=\"https:\/\/ontologiatrinitaria.org\/wp-content\/uploads\/2025\/06\/LD_piero-coda-1.jpg 1500w, https:\/\/ontologiatrinitaria.org\/wp-content\/uploads\/2025\/06\/LD_piero-coda-1-300x200.jpg 300w, https:\/\/ontologiatrinitaria.org\/wp-content\/uploads\/2025\/06\/LD_piero-coda-1-1024x683.jpg 1024w, https:\/\/ontologiatrinitaria.org\/wp-content\/uploads\/2025\/06\/LD_piero-coda-1-768x512.jpg 768w\" sizes=\"auto, (max-width: 1500px) 100vw, 1500px\" \/><\/div><\/div>\n<\/div>\n<\/div><\/div><\/div>\n\n\n\n<div class=\"wp-block-nectar-blocks-column nectar-blocks-column nectar-block\" id=\"block-BblWsvAMJO\"><div class=\"nectar-blocks-column__wrapper parent-block-block-BblWsvAMJO\"><div class=\"nectar-blocks-column__inner nectar-blocks-column__content-wrap parent-block-block-BblWsvAMJO\">\n<p id=\"block-O7eOxXrkDM\" class=\"wp-block-nectar-blocks-text nectar-blocks-text nectar-font-h1\">Piero Coda<\/p>\n\n\n\n<div class=\"wp-block-nectar-blocks-button nectar-blocks-button nectar-font-label\" id=\"block-MwilpZtfQP\"><a href=\"mailto:piero.coda@sophiauniversity.org\" class=\"nectar__link nectar-blocks-button__inner\"><span class=\"nectar-blocks-button__text\">piero.coda@sophiauniversity.org<\/span><span class=\"nectar-component__icon icon-source--remix\"><svg role=\"none\" viewbox=\"0 0 24 24\" fill=\"currentColor\" xmlns=\"http:\/\/www.w3.org\/2000\/svg\"><path d=\"M3 3H21C21.5523 3 22 3.44772 22 4V20C22 20.5523 21.5523 21 21 21H3C2.44772 21 2 20.5523 2 20V4C2 3.44772 2.44772 3 3 3ZM20 7.23792L12.0718 14.338L4 7.21594V19H20V7.23792ZM4.51146 5L12.0619 11.662L19.501 5H4.51146Z\"><\/path><\/svg><\/span><\/a><\/div>\n\n\n\n<p id=\"block-rkfziSj7x3\" class=\"wp-block-nectar-blocks-text nectar-blocks-text nectar-font-body\">Nacido en Cafasse (Tur\u00edn) en 1955, doctor en Filosof\u00eda y en Teolog\u00eda, fue catedr\u00e1tico de Teolog\u00eda Trinitaria en la Pontificia Universidad Lateranense (Roma) y de Ontolog\u00eda Trinitaria en el Instituto Universitario Sophia (Loppiano &#8211; Florencia), del que fue su primer Presidente (2008-2020), Piero Coda es actualmente Secretario General de la Comisi\u00f3n Teol\u00f3gica Internacional, Consultor del Dicasterio para la Doctrina de la Fe, del Dicasterio para la Promoci\u00f3n de la Unidad de los Cristianos y de la Secretar\u00eda General del S\u00ednodo.<\/p>\n\n\n\n<p id=\"block-6JktGmUp9s\" class=\"wp-block-nectar-blocks-text nectar-blocks-text nectar-font-body\">Es miembro de la Comisi\u00f3n Mixta para el Di\u00e1logo Teol\u00f3gico entre la Iglesia Cat\u00f3lica y la Iglesia Ortodoxa, de la Pontificia Academia de Teolog\u00eda (como Prelado Secretario, 2003-2008) y de la Asociaci\u00f3n Teol\u00f3gica Italiana (como Presidente, 2003-2011). Es Director del Centro de Estudios Scuola Abb\u00e0 de la Obra de Mar\u00eda (laboratorio de estudio fundado por Chiara Lubich e inspirado en el pensamiento \u00aben-Cristo\u00bb). <\/p>\n\n\n\n<p id=\"block-VGL9sEg4Cw\" class=\"wp-block-nectar-blocks-text nectar-blocks-text nectar-font-body\">Comprometido a nivel internacional con el di\u00e1logo entre la teolog\u00eda, la filosof\u00eda y las ciencias, entre las culturas y entre las religiones, Coda cuenta en su haber con numerosas publicaciones cient\u00edficas, en diversos idiomas, y coordina el proyecto internacional del Diccionario Din\u00e1mico de Ontolog\u00eda Trinitaria.<\/p>\n\n\n\n<div class=\"wp-block-nectar-blocks-accordion nectar-blocks-accordion\" data-starting-accordion=\"-1\" id=\"block-XF7U7R1tg5\"><div class=\"nectar-blocks-accordion__inner parent-block-XF7U7R1tg5\">\n<div class=\"wp-block-nectar-blocks-accordion-section nectar-block nectar-blocks-accordion-section\" id=\"block-zNlpIyWQkh\"><button type=\"button\" class=\"nectar-blocks-accordion-section__title nectar-font-h4\"><span class=\"nectar-blocks-accordion-section__title__text\">T\u00edtulos acad\u00e9micos<\/span><span class=\"nectar-blocks-accordion-section__title__indicator\"><svg role=\"none\" xmlns=\"http:\/\/www.w3.org\/2000\/svg\" class=\"default\" viewBox=\"0 0 14 14\"><line x1=\"7\" x2=\"7\" y2=\"14\" fill=\"none\" stroke=\"currentColor\" stroke-miterlimit=\"1\"><\/line><line y1=\"7\" x2=\"14\" y2=\"7\" fill=\"none\" stroke=\"currentColor\" stroke-miterlimit=\"1\"><\/line><\/svg><\/span><\/button><div class=\"nectar-blocks-accordion-section__content parent-block-block-zNlpIyWQkh\">\n<p id=\"block-tzg0QfXTRG\" class=\"wp-block-nectar-blocks-text nectar-blocks-text\">\u2013 <a href=\"https:\/\/aica.org\/noticia-la-ucc-entregara-el-doctorado-honoris-causa-a-un-teologo-italiano\" target=\"_blank\" rel=\"noreferrer noopener\">Doctorado <em>honoris causa<\/em> por la Universidad Cat\u00f3lica de C\u00f3rdoba<\/a>, Argentina (6 de marzo de 2024).<br\/><\/p>\n\n\n\n<p id=\"block-ppM9EIww5l\" class=\"wp-block-nectar-blocks-text nectar-blocks-text\">\u2013 <a href=\"https:\/\/www.sophiauniversity.org\/it\/news\/piero-coda-dottore-honoris-causa-in-filosofia-a-taipei\/\" target=\"_blank\" rel=\"noreferrer noopener\">Doctorado <em>honoris causa<\/em> en \u201cFilosof\u00eda\u201d<\/a> por la Fu Jen Catholic University, Taip\u00e9i, Taiw\u00e1n (11 de diciembre de 2019).<br\/><\/p>\n\n\n\n<p id=\"block-0GshPIuixw\" class=\"wp-block-nectar-blocks-text nectar-blocks-text\">\u2013 <a href=\"https:\/\/www.sophiauniversity.org\/it\/news\/nuovo-dottorato-hc-dellistituto-buddista-dharma-drum-a-piero-coda\/\" target=\"_blank\" rel=\"noreferrer noopener\">Doctorado <em>honoris causa<\/em> en \u201cDi\u00e1logo interreligioso\u201d<\/a> por el Dharma Drum Institute of Liberal Arts de Taip\u00e9i, Taiw\u00e1n (16 de diciembre de 2019).<br\/><\/p>\n\n\n\n<p id=\"block-ylo496mBb1\" class=\"wp-block-nectar-blocks-text nectar-blocks-text\">\u2013 Doctorado en Teolog\u00eda por la Pontificia Universidad Lateranense, Roma (1986).<br\/><\/p>\n\n\n\n<p id=\"block-cis8E9VQJi\" class=\"wp-block-nectar-blocks-text nectar-blocks-text\">\u2013 Licenciatura en Teolog\u00eda Dogm\u00e1tica por la Facultad de Teolog\u00eda de la Pontificia Universidad Lateranense, Roma (1983).<br\/><\/p>\n\n\n\n<p id=\"block-w4qFCNkxBb\" class=\"wp-block-nectar-blocks-text nectar-blocks-text\">\u2013 Licenciatura en Filosof\u00eda por la Facultad de Letras y Filosof\u00eda de la Universidad de Tur\u00edn (1978).<br\/><\/p>\n\n\n\n<p id=\"block-0bIPIXOqw9\" class=\"wp-block-nectar-blocks-text nectar-blocks-text\">\u2013 Bachillerato cl\u00e1sico en el liceo salesiano Valsalice de Tur\u00edn (1974).<\/p>\n<\/div><\/div>\n<\/div><\/div>\n\n\n\n<div class=\"wp-block-nectar-blocks-button nectar-blocks-button nectar-font-label\" id=\"block-YjCNsQRUqN\"><a href=\"https:\/\/www.sophiauniversity.org\/it\/portfolio\/piero-coda\/\" target=\"_blank\" rel=\"noreferrer noopener\" class=\"nectar__link nectar-blocks-button__inner\"><span class=\"nectar-blocks-button__text\">Biobibliograf\u00eda completa<\/span><span class=\"nectar-component__icon icon-source--remix\"><svg role=\"none\" viewbox=\"0 0 24 24\" fill=\"currentColor\" xmlns=\"http:\/\/www.w3.org\/2000\/svg\"><path d=\"M16.1716 10.9999L10.8076 5.63589L12.2218 4.22168L20 11.9999L12.2218 19.778L10.8076 18.3638L16.1716 12.9999H4V10.9999H16.1716Z\"><\/path><\/svg><\/span><\/a><\/div>\n<\/div><\/div><\/div>\n<\/div>\n\n<p id=\"block-Lcb4ZuHV7n\" class=\"wp-block-nectar-blocks-text nectar-blocks-text\"><\/p>\n\n<p id=\"block-KTFpe0ursF\" class=\"wp-block-nectar-blocks-text nectar-blocks-text\"><\/p>\n","protected":false},"excerpt":{"rendered":"","protected":false},"author":8,"featured_media":5188,"parent":5238,"menu_order":0,"comment_status":"closed","ping_status":"closed","template":"","meta":{"_nectar_blocks_hide_post_title":true,"_nectar_blocks_transparent_header_effect":false,"_nectar_blocks_transparent_header_effect_color":"light","_nectar_blocks_header_animation":false,"_nectar_blocks_header_animation_delay":0,"_nectar_blocks_header_animation_effect":"fade","_nectar_blocks_page_css":"","_nectar_blocks_page_js":"","footnotes":""},"class_list":["post-5268","page","type-page","status-publish","has-post-thumbnail"],"yoast_head":"<!-- This site is optimized with the Yoast SEO plugin v27.2 - https:\/\/yoast.com\/product\/yoast-seo-wordpress\/ -->\n<title>Piero Coda - Ontologia Trinitaria<\/title>\n<meta name=\"robots\" content=\"index, follow, max-snippet:-1, max-image-preview:large, max-video-preview:-1\" \/>\n<link rel=\"canonical\" href=\"https:\/\/ontologiatrinitaria.org\/es\/quienes-somos\/italia\/piero-coda\/\" \/>\n<meta property=\"og:locale\" content=\"es_ES\" \/>\n<meta property=\"og:type\" content=\"article\" \/>\n<meta property=\"og:title\" content=\"Piero Coda - Ontologia Trinitaria\" \/>\n<meta property=\"og:url\" content=\"https:\/\/ontologiatrinitaria.org\/es\/quienes-somos\/italia\/piero-coda\/\" \/>\n<meta property=\"og:site_name\" content=\"Ontologia Trinitaria\" \/>\n<meta property=\"article:publisher\" content=\"https:\/\/www.facebook.com\/ontologiatrinitaria\" \/>\n<meta property=\"article:modified_time\" content=\"2026-03-29T17:27:18+00:00\" \/>\n<meta property=\"og:image\" content=\"https:\/\/ontologiatrinitaria.org\/wp-content\/uploads\/2025\/06\/LD_piero-coda-1.jpg\" \/>\n\t<meta property=\"og:image:width\" content=\"1500\" \/>\n\t<meta property=\"og:image:height\" content=\"1000\" \/>\n\t<meta property=\"og:image:type\" content=\"image\/jpeg\" \/>\n<meta name=\"twitter:card\" content=\"summary_large_image\" \/>\n<meta name=\"twitter:label1\" content=\"Tiempo de lectura\" \/>\n\t<meta name=\"twitter:data1\" content=\"2 minutos\" \/>\n<script type=\"application\/ld+json\" class=\"yoast-schema-graph\">{\"@context\":\"https:\/\/schema.org\",\"@graph\":[{\"@type\":\"WebPage\",\"@id\":\"https:\/\/ontologiatrinitaria.org\/es\/quienes-somos\/italia\/piero-coda\/\",\"url\":\"https:\/\/ontologiatrinitaria.org\/es\/quienes-somos\/italia\/piero-coda\/\",\"name\":\"Piero Coda - Ontologia Trinitaria\",\"isPartOf\":{\"@id\":\"https:\/\/ontologiatrinitaria.org\/es\/#website\"},\"primaryImageOfPage\":{\"@id\":\"https:\/\/ontologiatrinitaria.org\/es\/quienes-somos\/italia\/piero-coda\/#primaryimage\"},\"image\":{\"@id\":\"https:\/\/ontologiatrinitaria.org\/es\/quienes-somos\/italia\/piero-coda\/#primaryimage\"},\"thumbnailUrl\":\"https:\/\/ontologiatrinitaria.org\/wp-content\/uploads\/2025\/06\/LD_piero-coda-1.jpg\",\"datePublished\":\"2025-05-26T13:19:09+00:00\",\"dateModified\":\"2026-03-29T17:27:18+00:00\",\"breadcrumb\":{\"@id\":\"https:\/\/ontologiatrinitaria.org\/es\/quienes-somos\/italia\/piero-coda\/#breadcrumb\"},\"inLanguage\":\"es\",\"potentialAction\":[{\"@type\":\"ReadAction\",\"target\":[\"https:\/\/ontologiatrinitaria.org\/es\/quienes-somos\/italia\/piero-coda\/\"]}]},{\"@type\":\"ImageObject\",\"inLanguage\":\"es\",\"@id\":\"https:\/\/ontologiatrinitaria.org\/es\/quienes-somos\/italia\/piero-coda\/#primaryimage\",\"url\":\"https:\/\/ontologiatrinitaria.org\/wp-content\/uploads\/2025\/06\/LD_piero-coda-1.jpg\",\"contentUrl\":\"https:\/\/ontologiatrinitaria.org\/wp-content\/uploads\/2025\/06\/LD_piero-coda-1.jpg\",\"width\":1500,\"height\":1000},{\"@type\":\"BreadcrumbList\",\"@id\":\"https:\/\/ontologiatrinitaria.org\/es\/quienes-somos\/italia\/piero-coda\/#breadcrumb\",\"itemListElement\":[{\"@type\":\"ListItem\",\"position\":1,\"name\":\"Home\",\"item\":\"https:\/\/ontologiatrinitaria.org\/es\/\"},{\"@type\":\"ListItem\",\"position\":2,\"name\":\"Qui\u00e9nes somos\",\"item\":\"https:\/\/ontologiatrinitaria.org\/es\/quienes-somos\/\"},{\"@type\":\"ListItem\",\"position\":3,\"name\":\"Italia\",\"item\":\"https:\/\/ontologiatrinitaria.org\/es\/quienes-somos\/italia\/\"},{\"@type\":\"ListItem\",\"position\":4,\"name\":\"Piero Coda\"}]},{\"@type\":\"WebSite\",\"@id\":\"https:\/\/ontologiatrinitaria.org\/es\/#website\",\"url\":\"https:\/\/ontologiatrinitaria.org\/es\/\",\"name\":\"Ontologia Trinitaria\",\"description\":\"Itinerari e ricerche\",\"publisher\":{\"@id\":\"https:\/\/ontologiatrinitaria.org\/es\/#organization\"},\"potentialAction\":[{\"@type\":\"SearchAction\",\"target\":{\"@type\":\"EntryPoint\",\"urlTemplate\":\"https:\/\/ontologiatrinitaria.org\/es\/?s={search_term_string}\"},\"query-input\":{\"@type\":\"PropertyValueSpecification\",\"valueRequired\":true,\"valueName\":\"search_term_string\"}}],\"inLanguage\":\"es\"},{\"@type\":\"Organization\",\"@id\":\"https:\/\/ontologiatrinitaria.org\/es\/#organization\",\"name\":\"Ontologia Trinitaria\",\"url\":\"https:\/\/ontologiatrinitaria.org\/es\/\",\"logo\":{\"@type\":\"ImageObject\",\"inLanguage\":\"es\",\"@id\":\"https:\/\/ontologiatrinitaria.org\/es\/#\/schema\/logo\/image\/\",\"url\":\"https:\/\/ontologiatrinitaria.org\/wp-content\/uploads\/2025\/06\/logo_colore2.png\",\"contentUrl\":\"https:\/\/ontologiatrinitaria.org\/wp-content\/uploads\/2025\/06\/logo_colore2.png\",\"width\":402,\"height\":169,\"caption\":\"Ontologia Trinitaria\"},\"image\":{\"@id\":\"https:\/\/ontologiatrinitaria.org\/es\/#\/schema\/logo\/image\/\"},\"sameAs\":[\"https:\/\/www.facebook.com\/ontologiatrinitaria\",\"https:\/\/www.instagram.com\/ontologiatrinitaria\/\"]}]}<\/script>\n<!-- \/ Yoast SEO plugin. -->","yoast_head_json":{"title":"Piero Coda - Ontologia Trinitaria","robots":{"index":"index","follow":"follow","max-snippet":"max-snippet:-1","max-image-preview":"max-image-preview:large","max-video-preview":"max-video-preview:-1"},"canonical":"https:\/\/ontologiatrinitaria.org\/es\/quienes-somos\/italia\/piero-coda\/","og_locale":"es_ES","og_type":"article","og_title":"Piero Coda - Ontologia Trinitaria","og_url":"https:\/\/ontologiatrinitaria.org\/es\/quienes-somos\/italia\/piero-coda\/","og_site_name":"Ontologia Trinitaria","article_publisher":"https:\/\/www.facebook.com\/ontologiatrinitaria","article_modified_time":"2026-03-29T17:27:18+00:00","og_image":[{"width":1500,"height":1000,"url":"https:\/\/ontologiatrinitaria.org\/wp-content\/uploads\/2025\/06\/LD_piero-coda-1.jpg","type":"image\/jpeg"}],"twitter_card":"summary_large_image","twitter_misc":{"Tiempo de lectura":"2 minutos"},"schema":{"@context":"https:\/\/schema.org","@graph":[{"@type":"WebPage","@id":"https:\/\/ontologiatrinitaria.org\/es\/quienes-somos\/italia\/piero-coda\/","url":"https:\/\/ontologiatrinitaria.org\/es\/quienes-somos\/italia\/piero-coda\/","name":"Piero Coda - Ontologia Trinitaria","isPartOf":{"@id":"https:\/\/ontologiatrinitaria.org\/es\/#website"},"primaryImageOfPage":{"@id":"https:\/\/ontologiatrinitaria.org\/es\/quienes-somos\/italia\/piero-coda\/#primaryimage"},"image":{"@id":"https:\/\/ontologiatrinitaria.org\/es\/quienes-somos\/italia\/piero-coda\/#primaryimage"},"thumbnailUrl":"https:\/\/ontologiatrinitaria.org\/wp-content\/uploads\/2025\/06\/LD_piero-coda-1.jpg","datePublished":"2025-05-26T13:19:09+00:00","dateModified":"2026-03-29T17:27:18+00:00","breadcrumb":{"@id":"https:\/\/ontologiatrinitaria.org\/es\/quienes-somos\/italia\/piero-coda\/#breadcrumb"},"inLanguage":"es","potentialAction":[{"@type":"ReadAction","target":["https:\/\/ontologiatrinitaria.org\/es\/quienes-somos\/italia\/piero-coda\/"]}]},{"@type":"ImageObject","inLanguage":"es","@id":"https:\/\/ontologiatrinitaria.org\/es\/quienes-somos\/italia\/piero-coda\/#primaryimage","url":"https:\/\/ontologiatrinitaria.org\/wp-content\/uploads\/2025\/06\/LD_piero-coda-1.jpg","contentUrl":"https:\/\/ontologiatrinitaria.org\/wp-content\/uploads\/2025\/06\/LD_piero-coda-1.jpg","width":1500,"height":1000},{"@type":"BreadcrumbList","@id":"https:\/\/ontologiatrinitaria.org\/es\/quienes-somos\/italia\/piero-coda\/#breadcrumb","itemListElement":[{"@type":"ListItem","position":1,"name":"Home","item":"https:\/\/ontologiatrinitaria.org\/es\/"},{"@type":"ListItem","position":2,"name":"Qui\u00e9nes somos","item":"https:\/\/ontologiatrinitaria.org\/es\/quienes-somos\/"},{"@type":"ListItem","position":3,"name":"Italia","item":"https:\/\/ontologiatrinitaria.org\/es\/quienes-somos\/italia\/"},{"@type":"ListItem","position":4,"name":"Piero Coda"}]},{"@type":"WebSite","@id":"https:\/\/ontologiatrinitaria.org\/es\/#website","url":"https:\/\/ontologiatrinitaria.org\/es\/","name":"Ontologia Trinitaria","description":"Itinerari e ricerche","publisher":{"@id":"https:\/\/ontologiatrinitaria.org\/es\/#organization"},"potentialAction":[{"@type":"SearchAction","target":{"@type":"EntryPoint","urlTemplate":"https:\/\/ontologiatrinitaria.org\/es\/?s={search_term_string}"},"query-input":{"@type":"PropertyValueSpecification","valueRequired":true,"valueName":"search_term_string"}}],"inLanguage":"es"},{"@type":"Organization","@id":"https:\/\/ontologiatrinitaria.org\/es\/#organization","name":"Ontologia Trinitaria","url":"https:\/\/ontologiatrinitaria.org\/es\/","logo":{"@type":"ImageObject","inLanguage":"es","@id":"https:\/\/ontologiatrinitaria.org\/es\/#\/schema\/logo\/image\/","url":"https:\/\/ontologiatrinitaria.org\/wp-content\/uploads\/2025\/06\/logo_colore2.png","contentUrl":"https:\/\/ontologiatrinitaria.org\/wp-content\/uploads\/2025\/06\/logo_colore2.png","width":402,"height":169,"caption":"Ontologia Trinitaria"},"image":{"@id":"https:\/\/ontologiatrinitaria.org\/es\/#\/schema\/logo\/image\/"},"sameAs":["https:\/\/www.facebook.com\/ontologiatrinitaria","https:\/\/www.instagram.com\/ontologiatrinitaria\/"]}]}},"_links":{"self":[{"href":"https:\/\/ontologiatrinitaria.org\/es\/wp-json\/wp\/v2\/pages\/5268","targetHints":{"allow":["GET"]}}],"collection":[{"href":"https:\/\/ontologiatrinitaria.org\/es\/wp-json\/wp\/v2\/pages"}],"about":[{"href":"https:\/\/ontologiatrinitaria.org\/es\/wp-json\/wp\/v2\/types\/page"}],"author":[{"embeddable":true,"href":"https:\/\/ontologiatrinitaria.org\/es\/wp-json\/wp\/v2\/users\/8"}],"replies":[{"embeddable":true,"href":"https:\/\/ontologiatrinitaria.org\/es\/wp-json\/wp\/v2\/comments?post=5268"}],"version-history":[{"count":8,"href":"https:\/\/ontologiatrinitaria.org\/es\/wp-json\/wp\/v2\/pages\/5268\/revisions"}],"predecessor-version":[{"id":5733,"href":"https:\/\/ontologiatrinitaria.org\/es\/wp-json\/wp\/v2\/pages\/5268\/revisions\/5733"}],"up":[{"embeddable":true,"href":"https:\/\/ontologiatrinitaria.org\/es\/wp-json\/wp\/v2\/pages\/5238"}],"wp:featuredmedia":[{"embeddable":true,"href":"https:\/\/ontologiatrinitaria.org\/es\/wp-json\/wp\/v2\/media\/5188"}],"wp:attachment":[{"href":"https:\/\/ontologiatrinitaria.org\/es\/wp-json\/wp\/v2\/media?parent=5268"}],"curies":[{"name":"wp","href":"https:\/\/api.w.org\/{rel}","templated":true}]}}