{"id":5308,"date":"2025-11-01T17:29:21","date_gmt":"2025-11-01T17:29:21","guid":{"rendered":"https:\/\/ontologiatrinitaria.org\/francia\/"},"modified":"2026-03-11T15:41:20","modified_gmt":"2026-03-11T15:41:20","slug":"francia","status":"publish","type":"page","link":"https:\/\/ontologiatrinitaria.org\/es\/red\/francia\/","title":{"rendered":"Francia"},"content":{"rendered":"\n<p id=\"block-xfpCu2HIQD\" class=\"wp-block-nectar-blocks-text nectar-blocks-text\"><\/p>\n\n<div class=\"wp-block-nectar-blocks-row alignfull nectar-block nectar-blocks-row nectar-blocks-row__inner nectar-blocks-row__wrapper parent-block-block-vToenX3EaI\" id=\"block-vToenX3EaI\">\n<div class=\"wp-block-nectar-blocks-column nectar-blocks-column nectar-block\" id=\"block-vfiJEFX6U4\"><div class=\"nectar-blocks-column__inner nectar-blocks-column__content-wrap parent-block-block-vfiJEFX6U4 nectar-blocks-column__wrapper\"><div class=\"yoast-breadcrumbs ticss-0c0395b4\"><span><span><a href=\"https:\/\/ontologiatrinitaria.org\/es\/\">Home<\/a><\/span> \/ <span><a href=\"https:\/\/ontologiatrinitaria.org\/es\/red\/\">Red<\/a><\/span> \/ <span class=\"breadcrumb_last\" aria-current=\"page\"><strong>Francia<\/strong><\/span><\/span><\/div><\/div><\/div>\n<\/div>\n\n<div class=\"wp-block-nectar-blocks-row alignfull nectar-block nectar-blocks-row nectar-blocks-row__inner nectar-blocks-row__wrapper parent-block-block-RiXzMu7xEm\" id=\"block-RiXzMu7xEm\">\n<div class=\"wp-block-nectar-blocks-column nectar-blocks-column nectar-block\" id=\"block-ZHaI8h43g9\"><div class=\"nectar-blocks-column__inner nectar-blocks-column__content-wrap parent-block-block-ZHaI8h43g9 nectar-blocks-column__wrapper\">\n<div class=\"wp-block-nectar-blocks-row alignfull nectar-block nectar-blocks-row nectar-blocks-row__inner nectar-blocks-row__wrapper parent-block-block-A35zKg3RIh\" id=\"block-A35zKg3RIh\">\n<div class=\"wp-block-nectar-blocks-column nectar-blocks-column nectar-block\" id=\"block-pLEMof5UG7\"><div class=\"nectar-blocks-column__wrapper parent-block-block-pLEMof5UG7\"><div class=\"nectar-blocks-column__inner nectar-blocks-column__content-wrap parent-block-block-pLEMof5UG7\">\n<h3 id=\"block-ACGcy9ScvP\" class=\"wp-block-nectar-blocks-text nectar-blocks-text nectar-font-h1\"><strong>La ontolog\u00eda trinitaria en Francia: un camino de investigaci\u00f3n teol\u00f3gica y cultural<\/strong><\/h3>\n<\/div><\/div><\/div>\n<\/div>\n\n\n\n<div class=\"wp-block-nectar-blocks-row nectar-block nectar-blocks-row nectar-blocks-row__inner nectar-blocks-row__wrapper parent-block-block-02BUJfScHd\" id=\"block-02BUJfScHd\">\n<div class=\"wp-block-nectar-blocks-column nectar-blocks-column nectar-block nectar-hidden-mobile\" id=\"block-7zXyOITsPn\"><div class=\"nectar-blocks-column__inner nectar-blocks-column__content-wrap parent-block-block-7zXyOITsPn nectar-blocks-column__wrapper\"><\/div><\/div>\n\n\n\n<div class=\"wp-block-nectar-blocks-column nectar-blocks-column nectar-block\" id=\"block-kTS8QgfqX7\"><div class=\"nectar-blocks-column__inner nectar-blocks-column__content-wrap parent-block-block-kTS8QgfqX7 nectar-blocks-column__wrapper\">\n<p id=\"block-9s3921bOar\" class=\"wp-block-nectar-blocks-text nectar-blocks-text nectar-font-body\">En Francia, el trabajo de investigaci\u00f3n sobre la ontolog\u00eda trinitaria se desarrolla como un proyecto teol\u00f3gico profundo y en di\u00e1logo con la realidad cultural contempor\u00e1nea. Arraigada en la tradici\u00f3n cristiana e inspirada en el Misterio de la Trinidad, esta perspectiva pretende repensar el ser no como realidad aislada, sino como relaci\u00f3n, comuni\u00f3n y don. <\/p>\n\n\n\n<div class=\"wp-block-nectar-blocks-button nectar-blocks-button nectar-font-label\" id=\"block-DlxTRgblhO\"><a href=\"https:\/\/ontologiatrinitaria.org\/es\/quienes-somos\/francia\/\" class=\"nectar__link nectar-blocks-button__inner\"><span class=\"nectar-blocks-button__text\">Descubra el equipo<\/span><span class=\"nectar-component__icon icon-source--remix\"><svg role=\"none\" viewbox=\"0 0 24 24\" fill=\"currentColor\" xmlns=\"http:\/\/www.w3.org\/2000\/svg\"><path d=\"M16.1716 10.9999L10.8076 5.63589L12.2218 4.22168L20 11.9999L12.2218 19.778L10.8076 18.3638L16.1716 12.9999H4V10.9999H16.1716Z\"><\/path><\/svg><\/span><\/a><\/div>\n<\/div><\/div>\n<\/div>\n<\/div><\/div>\n<\/div>\n\n<div class=\"wp-block-nectar-blocks-row alignfull nectar-block nectar-blocks-row nectar-blocks-row__inner nectar-blocks-row__wrapper parent-block-block-12dYMyfM26\" data-nectar-block-animation=\"{&quot;selector&quot;:&quot;.nectar-blocks-row__wrapper&quot;,&quot;selectorMode&quot;:&quot;single&quot;,&quot;scrollIntoView&quot;:{&quot;type&quot;:&quot;scrollIntoView&quot;,&quot;triggerDevices&quot;:[&quot;desktop&quot;,&quot;tablet&quot;,&quot;mobile&quot;],&quot;animation&quot;:{&quot;type&quot;:&quot;slide&quot;,&quot;playDirection&quot;:&quot;in&quot;,&quot;fromDirection&quot;:&quot;down&quot;},&quot;animationDurationSec&quot;:1,&quot;animationDelaySec&quot;:0,&quot;animationTimingFunction&quot;:[0.65,0,0.35,1]}}\" data-await-in-view-desktop=\"\" data-await-in-view-tablet=\"\" data-await-in-view-mobile=\"\" id=\"block-12dYMyfM26\">\n<div class=\"wp-block-nectar-blocks-column nectar-blocks-column nectar-block\" id=\"block-bDHe62f473\"><div class=\"nectar-blocks-column__wrapper parent-block-block-bDHe62f473\"><div class=\"nectar__bg-layers parent-block-block-bDHe62f473\"><div class=\"nectar__bg-layer nectar__bg-image lazy-load-bg\"><\/div><\/div><div class=\"nectar-blocks-column__inner nectar-blocks-column__content-wrap parent-block-block-bDHe62f473\"><\/div><\/div><\/div>\n\n\n\n<div class=\"wp-block-nectar-blocks-column nectar-blocks-column nectar-block\" id=\"block-pbwGb0exxw\"><div class=\"nectar-blocks-column__wrapper parent-block-block-pbwGb0exxw\"><div class=\"nectar__bg-layers parent-block-block-pbwGb0exxw\"><div class=\"nectar__bg-layer nectar__bg-image lazy-load-bg\"><\/div><\/div><div class=\"nectar-blocks-column__inner nectar-blocks-column__content-wrap parent-block-block-pbwGb0exxw\"><\/div><\/div><\/div>\n<\/div>\n\n<div class=\"wp-block-nectar-blocks-row alignfull nectar-block nectar-blocks-row nectar-blocks-row__inner nectar-blocks-row__wrapper parent-block-block-rLhr34Jqmi\" id=\"block-rLhr34Jqmi\">\n<div class=\"wp-block-nectar-blocks-column nectar-blocks-column nectar-block\" id=\"block-1CNFZk0QPg\"><div class=\"nectar-blocks-column__wrapper parent-block-block-1CNFZk0QPg\"><div class=\"nectar-blocks-column__inner nectar-blocks-column__content-wrap parent-block-block-1CNFZk0QPg\">\n<h2 id=\"block-yrkiVKCLAw\" class=\"wp-block-nectar-blocks-text nectar-blocks-text nectar-font-h2\">Noticias desde Francia<\/h2>\n\n\n\n<p id=\"block-QYvQr8pz5a\" class=\"wp-block-nectar-blocks-text nectar-blocks-text nectar-font-body\">Descubra los \u00faltimos avances en el campo de la ontolog\u00eda trinitaria en Francia<\/p>\n\n\n\n<div class=\"wp-block-nectar-blocks-button nectar-blocks-button nectar-font-body\" id=\"block-E474HVQOeJ\"><a href=\"https:\/\/ontologiatrinitaria.org\/es\/category\/francia\/\" class=\"nectar__link nectar-blocks-button__inner\"><span class=\"nectar-blocks-button__text\">Ver todos los art\u00edculos<\/span><span class=\"nectar-component__icon icon-source--remix\"><svg role=\"none\" viewbox=\"0 0 24 24\" fill=\"currentColor\" xmlns=\"http:\/\/www.w3.org\/2000\/svg\"><path d=\"M16.0037 9.41421L7.39712 18.0208L5.98291 16.6066L14.5895 8H7.00373V6H18.0037V17H16.0037V9.41421Z\"><\/path><\/svg><\/span><\/a><\/div>\n<\/div><\/div><\/div>\n\n\n\n<div class=\"wp-block-nectar-blocks-column nectar-blocks-column nectar-block\" id=\"block-BblWsvAMJO\"><div class=\"nectar-blocks-column__inner nectar-blocks-column__content-wrap parent-block-block-BblWsvAMJO nectar-blocks-column__wrapper\">\n\n<div id=\"block-2xMLOoRMSf\" class=\"nectar-blocks-post-grid l--masonry-grid il--content-overlaid\"\n    >\n      <div class=\"nectar-blocks-post-grid__inner nectar-blocks-post-grid__content\">\n  \n  \n\n              <article class=\"nectar-blocks-post-grid__item\">\n                    <div class=\"nectar-blocks-post-grid__item__inner\">\n                                                                                                                                \n            \n                            \n\n\n\n<div class=\"nectar-blocks-post-grid__item__featured-media\" data-nectar-bg-scroll-animation=\"{&quot;enabled&quot;:true,&quot;effect&quot;:&quot;parallax&quot;,&quot;strength&quot;:0.15,&quot;triggerDevices&quot;:[&quot;desktop&quot;,&quot;tablet&quot;,&quot;mobile&quot;],&quot;selector&quot;:&quot;.nectar-blocks-post-grid__item__featured-media__inner&quot;}\">\n    \n            \n      <a href=\"https:\/\/ontologiatrinitaria.org\/es\/mesa-redonda-sobre-tomas-de-aquino-ddot-7-12-de-diciembre-de-2024\/\" aria-label=\"Mesa redonda sobre Tom\u00e1s de Aquino (DDOT-7) 12 de diciembre de 2024\" class=\"nectar-blocks-post-grid__item__featured-media__inner\" >\n      <img loading=\"lazy\" decoding=\"async\" width=\"822\" height=\"1024\" src=\"https:\/\/ontologiatrinitaria.org\/wp-content\/uploads\/2024\/12\/tommaso.jpg\" class=\"nectar-blocks-post-grid__item__featured-media__item size-large wp-post-image\" alt=\"\" srcset=\"https:\/\/ontologiatrinitaria.org\/wp-content\/uploads\/2024\/12\/tommaso.jpg 822w, https:\/\/ontologiatrinitaria.org\/wp-content\/uploads\/2024\/12\/tommaso-241x300.jpg 241w, https:\/\/ontologiatrinitaria.org\/wp-content\/uploads\/2024\/12\/tommaso-768x957.jpg 768w\" sizes=\"auto, (max-width: 822px) 100vw, 822px\" \/>\n        \n    <\/a>\n  <\/div>                        <div class=\"nectar-blocks-post-grid__item__content\">\n              <div class=\"nectar-blocks-post-grid__item__content__inner\">\n                \n\n                                                <div class=\"nectar-blocks-post-grid__item__title\">\n  <a href=\"https:\/\/ontologiatrinitaria.org\/es\/mesa-redonda-sobre-tomas-de-aquino-ddot-7-12-de-diciembre-de-2024\/\"><h2 class=\"nectar-blocks-title__text nectar-font-h4\">Mesa redonda sobre Tom\u00e1s de Aquino (DDOT-7) 12 de diciembre de 2024<\/h2><\/a>\n  <\/div>                                      <div class=\"nectar-blocks-post-grid__item__inline-meta\">\n                        <div class=\"nectar-blocks-post-grid__item__date inline-meta nectar-font-em\">diciembre 4, 2024<\/div>                  <\/div>\n  \n\n                \n              <\/div>\n            <\/div>\n           <\/div>\n                    <\/article>\n              <article class=\"nectar-blocks-post-grid__item\">\n                    <div class=\"nectar-blocks-post-grid__item__inner\">\n                                                                                                                                \n            \n                            \n\n\n\n<div class=\"nectar-blocks-post-grid__item__featured-media\" data-nectar-bg-scroll-animation=\"{&quot;enabled&quot;:true,&quot;effect&quot;:&quot;parallax&quot;,&quot;strength&quot;:0.15,&quot;triggerDevices&quot;:[&quot;desktop&quot;,&quot;tablet&quot;,&quot;mobile&quot;],&quot;selector&quot;:&quot;.nectar-blocks-post-grid__item__featured-media__inner&quot;}\">\n    \n            \n      <a href=\"https:\/\/ontologiatrinitaria.org\/es\/libro-ontologie-trinitaire\/\" aria-label=\"Libro: Ontologie Trinitaire\" class=\"nectar-blocks-post-grid__item__featured-media__inner\" >\n      <img loading=\"lazy\" decoding=\"async\" width=\"1024\" height=\"683\" src=\"https:\/\/ontologiatrinitaria.org\/wp-content\/uploads\/2025\/05\/M0OIyN5u8ZM-1024x683.jpg\" class=\"nectar-blocks-post-grid__item__featured-media__item size-large wp-post-image\" alt=\"casa en medio de un campo de hierba\" srcset=\"https:\/\/ontologiatrinitaria.org\/wp-content\/uploads\/2025\/05\/M0OIyN5u8ZM-1024x683.jpg 1024w, https:\/\/ontologiatrinitaria.org\/wp-content\/uploads\/2025\/05\/M0OIyN5u8ZM-300x200.jpg 300w, https:\/\/ontologiatrinitaria.org\/wp-content\/uploads\/2025\/05\/M0OIyN5u8ZM-768x512.jpg 768w, https:\/\/ontologiatrinitaria.org\/wp-content\/uploads\/2025\/05\/M0OIyN5u8ZM-1536x1024.jpg 1536w, https:\/\/ontologiatrinitaria.org\/wp-content\/uploads\/2025\/05\/M0OIyN5u8ZM.jpg 1800w\" sizes=\"auto, (max-width: 1024px) 100vw, 1024px\" \/>\n        \n    <\/a>\n  <\/div>                        <div class=\"nectar-blocks-post-grid__item__content\">\n              <div class=\"nectar-blocks-post-grid__item__content__inner\">\n                \n\n                                                <div class=\"nectar-blocks-post-grid__item__title\">\n  <a href=\"https:\/\/ontologiatrinitaria.org\/es\/libro-ontologie-trinitaire\/\"><h2 class=\"nectar-blocks-title__text nectar-font-h4\">Libro: Ontologie Trinitaire<\/h2><\/a>\n  <\/div>                                      <div class=\"nectar-blocks-post-grid__item__inline-meta\">\n                        <div class=\"nectar-blocks-post-grid__item__date inline-meta nectar-font-em\">octubre 18, 2020<\/div>                  <\/div>\n  \n\n                \n              <\/div>\n            <\/div>\n           <\/div>\n                    <\/article>\n              <article class=\"nectar-blocks-post-grid__item\">\n                    <div class=\"nectar-blocks-post-grid__item__inner\">\n                                                                                                                                \n            \n                            \n\n\n\n<div class=\"nectar-blocks-post-grid__item__featured-media\" data-nectar-bg-scroll-animation=\"{&quot;enabled&quot;:true,&quot;effect&quot;:&quot;parallax&quot;,&quot;strength&quot;:0.15,&quot;triggerDevices&quot;:[&quot;desktop&quot;,&quot;tablet&quot;,&quot;mobile&quot;],&quot;selector&quot;:&quot;.nectar-blocks-post-grid__item__featured-media__inner&quot;}\">\n    \n            \n      <a href=\"https:\/\/ontologiatrinitaria.org\/es\/webinar-ot\/\" aria-label=\"webinar OT\" class=\"nectar-blocks-post-grid__item__featured-media__inner\" >\n      <img loading=\"lazy\" decoding=\"async\" width=\"1024\" height=\"683\" src=\"https:\/\/ontologiatrinitaria.org\/wp-content\/uploads\/2025\/06\/LD_piero-coda-1-1024x683.jpg\" class=\"nectar-blocks-post-grid__item__featured-media__item size-large wp-post-image\" alt=\"\" srcset=\"https:\/\/ontologiatrinitaria.org\/wp-content\/uploads\/2025\/06\/LD_piero-coda-1-1024x683.jpg 1024w, https:\/\/ontologiatrinitaria.org\/wp-content\/uploads\/2025\/06\/LD_piero-coda-1-300x200.jpg 300w, https:\/\/ontologiatrinitaria.org\/wp-content\/uploads\/2025\/06\/LD_piero-coda-1-768x512.jpg 768w, https:\/\/ontologiatrinitaria.org\/wp-content\/uploads\/2025\/06\/LD_piero-coda-1.jpg 1500w\" sizes=\"auto, (max-width: 1024px) 100vw, 1024px\" \/>\n        \n    <\/a>\n  <\/div>                        <div class=\"nectar-blocks-post-grid__item__content\">\n              <div class=\"nectar-blocks-post-grid__item__content__inner\">\n                \n\n                                                <div class=\"nectar-blocks-post-grid__item__title\">\n  <a href=\"https:\/\/ontologiatrinitaria.org\/es\/webinar-ot\/\"><h2 class=\"nectar-blocks-title__text nectar-font-h4\">webinar OT<\/h2><\/a>\n  <\/div>                                      <div class=\"nectar-blocks-post-grid__item__inline-meta\">\n                        <div class=\"nectar-blocks-post-grid__item__date inline-meta nectar-font-em\">agosto 18, 2020<\/div>                  <\/div>\n  \n\n                \n              <\/div>\n            <\/div>\n           <\/div>\n                    <\/article>\n      \n    \n    \n  <\/div>\n<\/div><\/div><\/div>\n<\/div>\n","protected":false},"excerpt":{"rendered":"","protected":false},"author":5,"featured_media":5218,"parent":5312,"menu_order":0,"comment_status":"closed","ping_status":"closed","template":"","meta":{"_nectar_blocks_hide_post_title":true,"_nectar_blocks_transparent_header_effect":false,"_nectar_blocks_transparent_header_effect_color":"light","_nectar_blocks_header_animation":false,"_nectar_blocks_header_animation_delay":0,"_nectar_blocks_header_animation_effect":"fade","_nectar_blocks_page_css":"","_nectar_blocks_page_js":"","footnotes":""},"class_list":["post-5308","page","type-page","status-publish","has-post-thumbnail"],"yoast_head":"<!-- This site is optimized with the Yoast SEO plugin v27.2 - https:\/\/yoast.com\/product\/yoast-seo-wordpress\/ -->\n<title>Francia | Ontologia Trinitaria<\/title>\n<meta name=\"description\" content=\"La ontolog\u00eda trinitaria en Francia: un camino de investigaci\u00f3n teol\u00f3gica y cultural. \u00a1Descubra m\u00e1s!\" \/>\n<meta name=\"robots\" content=\"index, follow, max-snippet:-1, max-image-preview:large, max-video-preview:-1\" \/>\n<link rel=\"canonical\" href=\"https:\/\/ontologiatrinitaria.org\/es\/red\/francia\/\" \/>\n<meta property=\"og:locale\" content=\"es_ES\" \/>\n<meta property=\"og:type\" content=\"article\" \/>\n<meta property=\"og:title\" content=\"Francia | Ontologia Trinitaria\" \/>\n<meta property=\"og:description\" content=\"La ontolog\u00eda trinitaria en Francia: un camino de investigaci\u00f3n teol\u00f3gica y cultural. \u00a1Descubra m\u00e1s!\" \/>\n<meta property=\"og:url\" content=\"https:\/\/ontologiatrinitaria.org\/es\/red\/francia\/\" \/>\n<meta property=\"og:site_name\" content=\"Ontologia Trinitaria\" \/>\n<meta property=\"article:publisher\" content=\"https:\/\/www.facebook.com\/ontologiatrinitaria\" \/>\n<meta property=\"article:modified_time\" content=\"2026-03-11T15:41:20+00:00\" \/>\n<meta property=\"og:image\" content=\"https:\/\/ontologiatrinitaria.org\/wp-content\/uploads\/2025\/11\/Toulouse2025-4-scaled-1.jpeg\" \/>\n\t<meta property=\"og:image:width\" content=\"1600\" \/>\n\t<meta property=\"og:image:height\" content=\"1200\" \/>\n\t<meta property=\"og:image:type\" content=\"image\/jpeg\" \/>\n<meta name=\"twitter:card\" content=\"summary_large_image\" \/>\n<meta name=\"twitter:label1\" content=\"Tiempo de lectura\" \/>\n\t<meta name=\"twitter:data1\" content=\"1 minuto\" \/>\n<script type=\"application\/ld+json\" class=\"yoast-schema-graph\">{\"@context\":\"https:\/\/schema.org\",\"@graph\":[{\"@type\":\"WebPage\",\"@id\":\"https:\/\/ontologiatrinitaria.org\/es\/red\/francia\/\",\"url\":\"https:\/\/ontologiatrinitaria.org\/es\/red\/francia\/\",\"name\":\"Francia | Ontologia Trinitaria\",\"isPartOf\":{\"@id\":\"https:\/\/ontologiatrinitaria.org\/es\/#website\"},\"primaryImageOfPage\":{\"@id\":\"https:\/\/ontologiatrinitaria.org\/es\/red\/francia\/#primaryimage\"},\"image\":{\"@id\":\"https:\/\/ontologiatrinitaria.org\/es\/red\/francia\/#primaryimage\"},\"thumbnailUrl\":\"https:\/\/ontologiatrinitaria.org\/wp-content\/uploads\/2025\/11\/Toulouse2025-4-scaled-1.jpeg\",\"datePublished\":\"2025-11-01T17:29:21+00:00\",\"dateModified\":\"2026-03-11T15:41:20+00:00\",\"description\":\"La ontolog\u00eda trinitaria en Francia: un camino de investigaci\u00f3n teol\u00f3gica y cultural. \u00a1Descubra m\u00e1s!\",\"breadcrumb\":{\"@id\":\"https:\/\/ontologiatrinitaria.org\/es\/red\/francia\/#breadcrumb\"},\"inLanguage\":\"es\",\"potentialAction\":[{\"@type\":\"ReadAction\",\"target\":[\"https:\/\/ontologiatrinitaria.org\/es\/red\/francia\/\"]}]},{\"@type\":\"ImageObject\",\"inLanguage\":\"es\",\"@id\":\"https:\/\/ontologiatrinitaria.org\/es\/red\/francia\/#primaryimage\",\"url\":\"https:\/\/ontologiatrinitaria.org\/wp-content\/uploads\/2025\/11\/Toulouse2025-4-scaled-1.jpeg\",\"contentUrl\":\"https:\/\/ontologiatrinitaria.org\/wp-content\/uploads\/2025\/11\/Toulouse2025-4-scaled-1.jpeg\",\"width\":1600,\"height\":1200},{\"@type\":\"BreadcrumbList\",\"@id\":\"https:\/\/ontologiatrinitaria.org\/es\/red\/francia\/#breadcrumb\",\"itemListElement\":[{\"@type\":\"ListItem\",\"position\":1,\"name\":\"Home\",\"item\":\"https:\/\/ontologiatrinitaria.org\/es\/\"},{\"@type\":\"ListItem\",\"position\":2,\"name\":\"Red\",\"item\":\"https:\/\/ontologiatrinitaria.org\/es\/red\/\"},{\"@type\":\"ListItem\",\"position\":3,\"name\":\"Francia\"}]},{\"@type\":\"WebSite\",\"@id\":\"https:\/\/ontologiatrinitaria.org\/es\/#website\",\"url\":\"https:\/\/ontologiatrinitaria.org\/es\/\",\"name\":\"Ontologia Trinitaria\",\"description\":\"Itinerari e ricerche\",\"publisher\":{\"@id\":\"https:\/\/ontologiatrinitaria.org\/es\/#organization\"},\"potentialAction\":[{\"@type\":\"SearchAction\",\"target\":{\"@type\":\"EntryPoint\",\"urlTemplate\":\"https:\/\/ontologiatrinitaria.org\/es\/?s={search_term_string}\"},\"query-input\":{\"@type\":\"PropertyValueSpecification\",\"valueRequired\":true,\"valueName\":\"search_term_string\"}}],\"inLanguage\":\"es\"},{\"@type\":\"Organization\",\"@id\":\"https:\/\/ontologiatrinitaria.org\/es\/#organization\",\"name\":\"Ontologia Trinitaria\",\"url\":\"https:\/\/ontologiatrinitaria.org\/es\/\",\"logo\":{\"@type\":\"ImageObject\",\"inLanguage\":\"es\",\"@id\":\"https:\/\/ontologiatrinitaria.org\/es\/#\/schema\/logo\/image\/\",\"url\":\"https:\/\/ontologiatrinitaria.org\/wp-content\/uploads\/2025\/06\/logo_colore2.png\",\"contentUrl\":\"https:\/\/ontologiatrinitaria.org\/wp-content\/uploads\/2025\/06\/logo_colore2.png\",\"width\":402,\"height\":169,\"caption\":\"Ontologia Trinitaria\"},\"image\":{\"@id\":\"https:\/\/ontologiatrinitaria.org\/es\/#\/schema\/logo\/image\/\"},\"sameAs\":[\"https:\/\/www.facebook.com\/ontologiatrinitaria\",\"https:\/\/www.instagram.com\/ontologiatrinitaria\/\"]}]}<\/script>\n<!-- \/ Yoast SEO plugin. -->","yoast_head_json":{"title":"Francia | Ontologia Trinitaria","description":"La ontolog\u00eda trinitaria en Francia: un camino de investigaci\u00f3n teol\u00f3gica y cultural. \u00a1Descubra m\u00e1s!","robots":{"index":"index","follow":"follow","max-snippet":"max-snippet:-1","max-image-preview":"max-image-preview:large","max-video-preview":"max-video-preview:-1"},"canonical":"https:\/\/ontologiatrinitaria.org\/es\/red\/francia\/","og_locale":"es_ES","og_type":"article","og_title":"Francia | Ontologia Trinitaria","og_description":"La ontolog\u00eda trinitaria en Francia: un camino de investigaci\u00f3n teol\u00f3gica y cultural. \u00a1Descubra m\u00e1s!","og_url":"https:\/\/ontologiatrinitaria.org\/es\/red\/francia\/","og_site_name":"Ontologia Trinitaria","article_publisher":"https:\/\/www.facebook.com\/ontologiatrinitaria","article_modified_time":"2026-03-11T15:41:20+00:00","og_image":[{"width":1600,"height":1200,"url":"https:\/\/ontologiatrinitaria.org\/wp-content\/uploads\/2025\/11\/Toulouse2025-4-scaled-1.jpeg","type":"image\/jpeg"}],"twitter_card":"summary_large_image","twitter_misc":{"Tiempo de lectura":"1 minuto"},"schema":{"@context":"https:\/\/schema.org","@graph":[{"@type":"WebPage","@id":"https:\/\/ontologiatrinitaria.org\/es\/red\/francia\/","url":"https:\/\/ontologiatrinitaria.org\/es\/red\/francia\/","name":"Francia | Ontologia Trinitaria","isPartOf":{"@id":"https:\/\/ontologiatrinitaria.org\/es\/#website"},"primaryImageOfPage":{"@id":"https:\/\/ontologiatrinitaria.org\/es\/red\/francia\/#primaryimage"},"image":{"@id":"https:\/\/ontologiatrinitaria.org\/es\/red\/francia\/#primaryimage"},"thumbnailUrl":"https:\/\/ontologiatrinitaria.org\/wp-content\/uploads\/2025\/11\/Toulouse2025-4-scaled-1.jpeg","datePublished":"2025-11-01T17:29:21+00:00","dateModified":"2026-03-11T15:41:20+00:00","description":"La ontolog\u00eda trinitaria en Francia: un camino de investigaci\u00f3n teol\u00f3gica y cultural. \u00a1Descubra m\u00e1s!","breadcrumb":{"@id":"https:\/\/ontologiatrinitaria.org\/es\/red\/francia\/#breadcrumb"},"inLanguage":"es","potentialAction":[{"@type":"ReadAction","target":["https:\/\/ontologiatrinitaria.org\/es\/red\/francia\/"]}]},{"@type":"ImageObject","inLanguage":"es","@id":"https:\/\/ontologiatrinitaria.org\/es\/red\/francia\/#primaryimage","url":"https:\/\/ontologiatrinitaria.org\/wp-content\/uploads\/2025\/11\/Toulouse2025-4-scaled-1.jpeg","contentUrl":"https:\/\/ontologiatrinitaria.org\/wp-content\/uploads\/2025\/11\/Toulouse2025-4-scaled-1.jpeg","width":1600,"height":1200},{"@type":"BreadcrumbList","@id":"https:\/\/ontologiatrinitaria.org\/es\/red\/francia\/#breadcrumb","itemListElement":[{"@type":"ListItem","position":1,"name":"Home","item":"https:\/\/ontologiatrinitaria.org\/es\/"},{"@type":"ListItem","position":2,"name":"Red","item":"https:\/\/ontologiatrinitaria.org\/es\/red\/"},{"@type":"ListItem","position":3,"name":"Francia"}]},{"@type":"WebSite","@id":"https:\/\/ontologiatrinitaria.org\/es\/#website","url":"https:\/\/ontologiatrinitaria.org\/es\/","name":"Ontologia Trinitaria","description":"Itinerari e ricerche","publisher":{"@id":"https:\/\/ontologiatrinitaria.org\/es\/#organization"},"potentialAction":[{"@type":"SearchAction","target":{"@type":"EntryPoint","urlTemplate":"https:\/\/ontologiatrinitaria.org\/es\/?s={search_term_string}"},"query-input":{"@type":"PropertyValueSpecification","valueRequired":true,"valueName":"search_term_string"}}],"inLanguage":"es"},{"@type":"Organization","@id":"https:\/\/ontologiatrinitaria.org\/es\/#organization","name":"Ontologia Trinitaria","url":"https:\/\/ontologiatrinitaria.org\/es\/","logo":{"@type":"ImageObject","inLanguage":"es","@id":"https:\/\/ontologiatrinitaria.org\/es\/#\/schema\/logo\/image\/","url":"https:\/\/ontologiatrinitaria.org\/wp-content\/uploads\/2025\/06\/logo_colore2.png","contentUrl":"https:\/\/ontologiatrinitaria.org\/wp-content\/uploads\/2025\/06\/logo_colore2.png","width":402,"height":169,"caption":"Ontologia Trinitaria"},"image":{"@id":"https:\/\/ontologiatrinitaria.org\/es\/#\/schema\/logo\/image\/"},"sameAs":["https:\/\/www.facebook.com\/ontologiatrinitaria","https:\/\/www.instagram.com\/ontologiatrinitaria\/"]}]}},"_links":{"self":[{"href":"https:\/\/ontologiatrinitaria.org\/es\/wp-json\/wp\/v2\/pages\/5308","targetHints":{"allow":["GET"]}}],"collection":[{"href":"https:\/\/ontologiatrinitaria.org\/es\/wp-json\/wp\/v2\/pages"}],"about":[{"href":"https:\/\/ontologiatrinitaria.org\/es\/wp-json\/wp\/v2\/types\/page"}],"author":[{"embeddable":true,"href":"https:\/\/ontologiatrinitaria.org\/es\/wp-json\/wp\/v2\/users\/5"}],"replies":[{"embeddable":true,"href":"https:\/\/ontologiatrinitaria.org\/es\/wp-json\/wp\/v2\/comments?post=5308"}],"version-history":[{"count":4,"href":"https:\/\/ontologiatrinitaria.org\/es\/wp-json\/wp\/v2\/pages\/5308\/revisions"}],"predecessor-version":[{"id":5531,"href":"https:\/\/ontologiatrinitaria.org\/es\/wp-json\/wp\/v2\/pages\/5308\/revisions\/5531"}],"up":[{"embeddable":true,"href":"https:\/\/ontologiatrinitaria.org\/es\/wp-json\/wp\/v2\/pages\/5312"}],"wp:featuredmedia":[{"embeddable":true,"href":"https:\/\/ontologiatrinitaria.org\/es\/wp-json\/wp\/v2\/media\/5218"}],"wp:attachment":[{"href":"https:\/\/ontologiatrinitaria.org\/es\/wp-json\/wp\/v2\/media?parent=5308"}],"curies":[{"name":"wp","href":"https:\/\/api.w.org\/{rel}","templated":true}]}}