{"id":5401,"date":"2025-12-22T11:00:07","date_gmt":"2025-12-22T11:00:07","guid":{"rendered":"https:\/\/ontologiatrinitaria.org\/red\/italia\/refracciones-trinitarias\/"},"modified":"2026-03-11T15:30:43","modified_gmt":"2026-03-11T15:30:43","slug":"refracciones-trinitarias","status":"publish","type":"page","link":"https:\/\/ontologiatrinitaria.org\/es\/red\/italia\/refracciones-trinitarias\/","title":{"rendered":"Refracciones trinitarias"},"content":{"rendered":"\n<p><\/p>\n\n<div class=\"wp-block-nectar-blocks-row alignfull nectar-block nectar-blocks-row nectar-blocks-row__inner nectar-blocks-row__wrapper parent-block-block-T5dZpoisDl\" id=\"block-T5dZpoisDl\">\n<div class=\"wp-block-nectar-blocks-column nectar-blocks-column nectar-block\" id=\"block-wTf1P9hRFR\"><div class=\"nectar-blocks-column__inner nectar-blocks-column__content-wrap parent-block-block-wTf1P9hRFR nectar-blocks-column__wrapper\"><div class=\"yoast-breadcrumbs ticss-0c0395b4\"><span><span><a href=\"https:\/\/ontologiatrinitaria.org\/es\/\">Home<\/a><\/span> \/ <span><a href=\"https:\/\/ontologiatrinitaria.org\/es\/red\/\">Red<\/a><\/span> \/ <span><a href=\"https:\/\/ontologiatrinitaria.org\/es\/red\/italia\/\">Italia<\/a><\/span> \/ <span class=\"breadcrumb_last\" aria-current=\"page\"><strong>Refracciones trinitarias<\/strong><\/span><\/span><\/div><\/div><\/div>\n<\/div>\n\n<div class=\"wp-block-nectar-blocks-row alignfull nectar-block nectar-blocks-row nectar-blocks-row__inner nectar-blocks-row__wrapper parent-block-block-6MndfsXd8P\" id=\"block-6MndfsXd8P\">\n<div class=\"wp-block-nectar-blocks-column nectar-blocks-column nectar-block\" id=\"block-8ExlYOZnar\"><div class=\"nectar-blocks-column__wrapper parent-block-block-8ExlYOZnar\"><div class=\"nectar-blocks-column__inner nectar-blocks-column__content-wrap parent-block-block-8ExlYOZnar\">\n<div class=\"wp-block-nectar-blocks-flex-box nectar-block nectar-blocks-flex-box\" id=\"block-TXxSvPoUlz\"><div class=\"nectar-blocks-flex-box__wrapper parent-block-block-TXxSvPoUlz\"><div class=\"nectar__bg-layers parent-block-block-TXxSvPoUlz\"><div class=\"nectar__bg-layer nectar__bg-image lazy-load-bg\"><\/div><\/div><div class=\"nectar-blocks-flex-box__inner parent-block-block-TXxSvPoUlz\"><\/div><\/div><\/div>\n<\/div><\/div><\/div>\n\n\n\n<div class=\"wp-block-nectar-blocks-column nectar-blocks-column nectar-block\" id=\"block-Vzs30PwIdo\"><div class=\"nectar-blocks-column__wrapper parent-block-block-Vzs30PwIdo\"><div class=\"nectar-blocks-column__inner nectar-blocks-column__content-wrap parent-block-block-Vzs30PwIdo\">\n<p id=\"block-1Uq7VvreEu\" class=\"wp-block-nectar-blocks-text nectar-blocks-text nectar-font-h1\">Refracciones trinitarias<\/p>\n\n\n\n<p id=\"block-j0ZmVFaUBa\" class=\"wp-block-nectar-blocks-text nectar-blocks-text nectar-font-h2\">Un primer balance del Manifiesto<\/p>\n\n\n\n<div class=\"wp-block-nectar-blocks-flex-box nectar-block nectar-blocks-flex-box nectar-blocks-flex-box__inner nectar-blocks-flex-box__wrapper parent-block-block-fPlUQw6kDB\" id=\"block-fPlUQw6kDB\">\n<p id=\"block-seA9qm5vgv\" class=\"wp-block-nectar-blocks-text nectar-blocks-text nectar-font-em\">Colecci\u00f3n<\/p>\n\n\n\n<p id=\"block-KMno9nCMHN\" class=\"wp-block-nectar-blocks-text nectar-blocks-text nectar-font-h3\"><strong><strong><strong>DDOT-10<\/strong><\/strong><\/strong><\/p>\n\n\n\n<div class=\"wp-block-nectar-blocks-divider nectar-blocks-divider\" id=\"block-5dMa19h8jz\"><div class=\"nectar-blocks-divider__inner\"><span class=\"nectar-blocks-divider__line\"><\/span><\/div><\/div>\n\n\n\n<p id=\"block-TCkUVFH6Ve\" class=\"wp-block-nectar-blocks-text nectar-blocks-text nectar-font-em\">Autores <\/p>\n\n\n\n<p id=\"block-J4njHkbNtV\" class=\"wp-block-nectar-blocks-text nectar-blocks-text nectar-font-h3\"><strong><strong>P. Coda, F. Valagussa, G. Maspero, M. Marassi, T. Bertolasi, R. Buffo<\/strong><\/strong><\/p>\n\n\n\n<div class=\"wp-block-nectar-blocks-divider nectar-blocks-divider\" id=\"block-8kgnjHE0wS\"><div class=\"nectar-blocks-divider__inner\"><span class=\"nectar-blocks-divider__line\"><\/span><\/div><\/div>\n\n\n\n<p id=\"block-f7qf7cBEfC\" class=\"wp-block-nectar-blocks-text nectar-blocks-text nectar-font-em\">Editores<\/p>\n\n\n\n<p id=\"block-NhWnMDetHm\" class=\"wp-block-nectar-blocks-text nectar-blocks-text nectar-font-h3\"><strong><strong>M. Don\u00e0 y V. Limone<\/strong><\/strong><\/p>\n\n\n\n<div class=\"wp-block-nectar-blocks-divider nectar-blocks-divider\" id=\"block-IfuqzxyZmh\"><div class=\"nectar-blocks-divider__inner\"><span class=\"nectar-blocks-divider__line\"><\/span><\/div><\/div>\n\n\n\n<p id=\"block-vaZOUDZAYj\" class=\"wp-block-nectar-blocks-text nectar-blocks-text nectar-font-em\">Editorial<\/p>\n\n\n\n<p id=\"block-WDTZN74RJE\" class=\"wp-block-nectar-blocks-text nectar-blocks-text nectar-font-h3\"><strong><strong>Citt\u00e0 Nuova<\/strong><\/strong><\/p>\n\n\n\n<div class=\"wp-block-nectar-blocks-divider nectar-blocks-divider\" id=\"block-cgmb3mADNC\"><div class=\"nectar-blocks-divider__inner\"><span class=\"nectar-blocks-divider__line\"><\/span><\/div><\/div>\n\n\n\n<p id=\"block-0PLLVwFeY4\" class=\"wp-block-nectar-blocks-text nectar-blocks-text nectar-font-em\">A\u00f1o<\/p>\n\n\n\n<p id=\"block-zuYtEMY2Nk\" class=\"wp-block-nectar-blocks-text nectar-blocks-text nectar-font-h3\"><strong><strong>2025<\/strong><\/strong><\/p>\n<\/div>\n\n\n\n<p id=\"block-ludwYMlYNv\" class=\"wp-block-nectar-blocks-text nectar-blocks-text nectar-font-body\">El <em>Diccionario Din\u00e1mico de Ontolog\u00eda Trinitaria<\/em> (DDOT) traza un recorrido cuya culminaci\u00f3n no est\u00e1 determinada. Ante todo porque lo que debe seguirse es el ritmo y las din\u00e1micas de aquel Principio realmente \u00abincondicionado\u00bb que ha sido definido <em>maius quam cogitari possit<\/em>.  <\/p>\n\n\n\n<p id=\"block-vx1GTczkr6\" class=\"wp-block-nectar-blocks-text nectar-blocks-text nectar-font-body\">En un tiempo crudamente interpelado por una crisis de alcance epocal como el que vivimos, nos sentimos llamados a ofrecer una contribuci\u00f3n espec\u00edfica a la urgencia de \u00abrepensar el pensamiento\u00bb: para reabrirlo al aliento de un horizonte en el que se asome su Otro no como el <em>absolutus<\/em> que se pierde en la noche de la oscuridad, sino como el Misterio que en s\u00ed acoge, como Palabra y como Amor, el variopinto arco\u00edris de la realidad. <\/p>\n\n\n\n<p id=\"block-yciqu9kE61\" class=\"wp-block-nectar-blocks-text nectar-blocks-text nectar-font-body\">Estamos convencidos de que el reconocimiento de la naturaleza trinitaria del Principio, custodiado en las entra\u00f1as del cristianismo, puede permitirnos captar hoy de nuevo su reverberaci\u00f3n transfigurante en cada rinc\u00f3n del ser, del conocer y del obrar. Un Diccionario de nuevo cu\u00f1o, por tanto, din\u00e1mico e inclusivo, cuyo prop\u00f3sito y cuyas premisas y promesas est\u00e1n articulados en el <em><a href=\"https:\/\/ontologiatrinitaria.org\/es\/red\/italia\/manifiesto\/\" target=\"_blank\" rel=\"noreferrer noopener\">Manifiesto<\/a><\/em> que lo inaugur\u00f3.  <\/p>\n\n\n\n<p id=\"block-pwsENi5eXA\" class=\"wp-block-nectar-blocks-text nectar-blocks-text nectar-font-body\">Una aventura del Esp\u00edritu de la que se est\u00e1 haciendo protagonista un grupo de te\u00f3logos y fil\u00f3sofos italianos animados por una intencionalidad pericor\u00e9tica como tal abierta a la aportaci\u00f3n indispensable de cuantos, procedentes de otros \u00e1mbitos disciplinares y culturales, quieran compartir su instancia y su compromiso.<\/p>\n\n\n\n<div class=\"wp-block-nectar-blocks-row nectar-block nectar-blocks-row nectar-blocks-row__inner nectar-blocks-row__wrapper parent-block-block-6jCMbW2e0t\" id=\"block-6jCMbW2e0t\">\n<div class=\"wp-block-nectar-blocks-column nectar-blocks-column nectar-block\" id=\"block-PQciYt0t7l\"><div class=\"nectar-blocks-column__inner nectar-blocks-column__content-wrap parent-block-block-PQciYt0t7l nectar-blocks-column__wrapper\">\n<div class=\"wp-block-nectar-blocks-button nectar-blocks-button nectar-font-label\" id=\"block-Bv602Ril7o\"><a href=\"https:\/\/edizionicittanuova.it\/prodotto\/rifrazioni-trinitarie\/\" target=\"_blank\" rel=\"noreferrer noopener\" class=\"nectar__link nectar-blocks-button__inner\"><span class=\"nectar-blocks-button__text\">Compre el volumen<\/span><span class=\"nectar-component__icon icon-source--remix\"><svg role=\"none\" viewbox=\"0 0 24 24\" fill=\"currentColor\" xmlns=\"http:\/\/www.w3.org\/2000\/svg\"><path d=\"M16.0037 9.41421L7.39712 18.0208L5.98291 16.6066L14.5895 8H7.00373V6H18.0037V17H16.0037V9.41421Z\"><\/path><\/svg><\/span><\/a><\/div>\n<\/div><\/div>\n\n\n\n<div class=\"wp-block-nectar-blocks-column nectar-blocks-column nectar-block\" id=\"block-r3QEPtn0uR\"><div class=\"nectar-blocks-column__inner nectar-blocks-column__content-wrap parent-block-block-r3QEPtn0uR nectar-blocks-column__wrapper\">\n<div class=\"wp-block-nectar-blocks-button nectar-blocks-button nectar-font-label\" id=\"block-ReB3lsI7Os\"><a href=\"https:\/\/edizionicittanuova.it\/prodotto\/rifrazioni-trinitarie-2\/\" target=\"_blank\" rel=\"noreferrer noopener\" class=\"nectar__link nectar-blocks-button__inner\"><span class=\"nectar-blocks-button__text\">ebook<\/span><span class=\"nectar-component__icon icon-source--remix\"><svg role=\"none\" viewbox=\"0 0 24 24\" fill=\"currentColor\" xmlns=\"http:\/\/www.w3.org\/2000\/svg\"><path d=\"M16.0037 9.41421L7.39712 18.0208L5.98291 16.6066L14.5895 8H7.00373V6H18.0037V17H16.0037V9.41421Z\"><\/path><\/svg><\/span><\/a><\/div>\n<\/div><\/div>\n<\/div>\n<\/div><\/div><\/div>\n<\/div>\n\n<div class=\"wp-block-nectar-blocks-row alignfull nectar-block nectar-blocks-row nectar-blocks-row__inner nectar-blocks-row__wrapper parent-block-block-HqnpM3oooA\" id=\"block-HqnpM3oooA\">\n<div class=\"wp-block-nectar-blocks-column nectar-blocks-column nectar-block\" id=\"block-IXUmk9aFuc\"><div class=\"nectar-blocks-column__inner nectar-blocks-column__content-wrap parent-block-block-IXUmk9aFuc nectar-blocks-column__wrapper\">\n<p id=\"block-QWApAkvZMh\" class=\"wp-block-nectar-blocks-text nectar-blocks-text nectar-font-h2\">Comunicados y rese\u00f1as sobre el volumen<\/p>\n<\/div><\/div>\n<\/div>\n\n<div class=\"wp-block-nectar-blocks-row alignfull nectar-block nectar-blocks-row nectar-blocks-row__inner nectar-blocks-row__wrapper parent-block-block-cgYrEGJFMz\" id=\"block-cgYrEGJFMz\">\n<div class=\"wp-block-nectar-blocks-column nectar-blocks-column nectar-block\" id=\"block-VKkKs2WSaE\"><div class=\"nectar-blocks-column__inner nectar-blocks-column__content-wrap parent-block-block-VKkKs2WSaE nectar-blocks-column__wrapper\">\n<div class=\"wp-block-nectar-blocks-flex-box nectar-block nectar-blocks-flex-box nectar-blocks-flex-box__inner nectar-blocks-flex-box__wrapper parent-block-block-E39pJcSa2H\" id=\"block-E39pJcSa2H\">\n<div class=\"wp-block-nectar-blocks-icon nectar-blocks-icon\" id=\"block-ICebYX4wnh\"><div class=\"nectar-blocks-icon__inner\"><span class=\"nectar-component__icon icon-source--lucide\"><!-- @license lucide-static v0.331.0 - ISC --><svg role=\"none\"  class=\"lucide lucide-dot\"  xmlns=\"http:\/\/www.w3.org\/2000\/svg\"  width=\"24\"  height=\"24\"  viewBox=\"0 0 24 24\"  fill=\"none\"  stroke=\"currentColor\"  stroke-width=\"2\"  stroke-linecap=\"round\"  stroke-linejoin=\"round\">  <circle cx=\"12.1\" cy=\"12.1\" r=\"1\" \/><\/svg><\/span><\/div><\/div>\n\n\n\n<p id=\"block-fSMxeavJGP\" class=\"wp-block-nectar-blocks-text nectar-blocks-text\"><a href=\"https:\/\/ontologiatrinitaria.org\/wp-content\/uploads\/2026\/01\/DDOT-10_frontespizio-e-indice.pdf\" target=\"_blank\" rel=\"noreferrer noopener\">Portada e \u00edndice del volumen<\/a><\/p>\n<\/div>\n<\/div><\/div>\n\n\n\n<div class=\"wp-block-nectar-blocks-column nectar-blocks-column nectar-block\" id=\"block-8TvpoW6x1D\"><div class=\"nectar-blocks-column__inner nectar-blocks-column__content-wrap parent-block-block-8TvpoW6x1D nectar-blocks-column__wrapper\"><\/div><\/div>\n<\/div>\n","protected":false},"excerpt":{"rendered":"","protected":false},"author":8,"featured_media":5214,"parent":5321,"menu_order":0,"comment_status":"closed","ping_status":"closed","template":"","meta":{"_nectar_blocks_hide_post_title":true,"_nectar_blocks_transparent_header_effect":false,"_nectar_blocks_transparent_header_effect_color":"light","_nectar_blocks_header_animation":false,"_nectar_blocks_header_animation_delay":0,"_nectar_blocks_header_animation_effect":"fade","_nectar_blocks_page_css":"","_nectar_blocks_page_js":"","footnotes":""},"class_list":["post-5401","page","type-page","status-publish","has-post-thumbnail"],"yoast_head":"<!-- This site is optimized with the Yoast SEO plugin v27.2 - https:\/\/yoast.com\/product\/yoast-seo-wordpress\/ -->\n<title>Refracciones trinitarias - Ontologia Trinitaria<\/title>\n<meta name=\"description\" content=\"Diccionario Din\u00e1mico de Ontolog\u00eda Trinitaria: una obra abierta de investigaci\u00f3n y estudio. \u00a1Descubra m\u00e1s!\" \/>\n<meta name=\"robots\" content=\"index, follow, max-snippet:-1, max-image-preview:large, max-video-preview:-1\" \/>\n<link rel=\"canonical\" href=\"https:\/\/ontologiatrinitaria.org\/es\/red\/italia\/refracciones-trinitarias\/\" \/>\n<meta property=\"og:locale\" content=\"es_ES\" \/>\n<meta property=\"og:type\" content=\"article\" \/>\n<meta property=\"og:title\" content=\"Refracciones trinitarias - Ontologia Trinitaria\" \/>\n<meta property=\"og:description\" content=\"Diccionario Din\u00e1mico de Ontolog\u00eda Trinitaria: una obra abierta de investigaci\u00f3n y estudio. \u00a1Descubra m\u00e1s!\" \/>\n<meta property=\"og:url\" content=\"https:\/\/ontologiatrinitaria.org\/es\/red\/italia\/refracciones-trinitarias\/\" \/>\n<meta property=\"og:site_name\" content=\"Ontologia Trinitaria\" \/>\n<meta property=\"article:publisher\" content=\"https:\/\/www.facebook.com\/ontologiatrinitaria\" \/>\n<meta property=\"article:modified_time\" content=\"2026-03-11T15:30:43+00:00\" \/>\n<meta property=\"og:image\" content=\"https:\/\/ontologiatrinitaria.org\/wp-content\/uploads\/2025\/12\/rifrazioni.jpg\" \/>\n\t<meta property=\"og:image:width\" content=\"900\" \/>\n\t<meta property=\"og:image:height\" content=\"900\" \/>\n\t<meta property=\"og:image:type\" content=\"image\/jpeg\" \/>\n<meta name=\"twitter:card\" content=\"summary_large_image\" \/>\n<meta name=\"twitter:label1\" content=\"Tiempo de lectura\" \/>\n\t<meta name=\"twitter:data1\" content=\"1 minuto\" \/>\n<script type=\"application\/ld+json\" class=\"yoast-schema-graph\">{\"@context\":\"https:\/\/schema.org\",\"@graph\":[{\"@type\":\"WebPage\",\"@id\":\"https:\/\/ontologiatrinitaria.org\/es\/red\/italia\/refracciones-trinitarias\/\",\"url\":\"https:\/\/ontologiatrinitaria.org\/es\/red\/italia\/refracciones-trinitarias\/\",\"name\":\"Refracciones trinitarias - Ontologia Trinitaria\",\"isPartOf\":{\"@id\":\"https:\/\/ontologiatrinitaria.org\/es\/#website\"},\"primaryImageOfPage\":{\"@id\":\"https:\/\/ontologiatrinitaria.org\/es\/red\/italia\/refracciones-trinitarias\/#primaryimage\"},\"image\":{\"@id\":\"https:\/\/ontologiatrinitaria.org\/es\/red\/italia\/refracciones-trinitarias\/#primaryimage\"},\"thumbnailUrl\":\"https:\/\/ontologiatrinitaria.org\/wp-content\/uploads\/2025\/12\/rifrazioni.jpg\",\"datePublished\":\"2025-12-22T11:00:07+00:00\",\"dateModified\":\"2026-03-11T15:30:43+00:00\",\"description\":\"Diccionario Din\u00e1mico de Ontolog\u00eda Trinitaria: una obra abierta de investigaci\u00f3n y estudio. \u00a1Descubra m\u00e1s!\",\"breadcrumb\":{\"@id\":\"https:\/\/ontologiatrinitaria.org\/es\/red\/italia\/refracciones-trinitarias\/#breadcrumb\"},\"inLanguage\":\"es\",\"potentialAction\":[{\"@type\":\"ReadAction\",\"target\":[\"https:\/\/ontologiatrinitaria.org\/es\/red\/italia\/refracciones-trinitarias\/\"]}]},{\"@type\":\"ImageObject\",\"inLanguage\":\"es\",\"@id\":\"https:\/\/ontologiatrinitaria.org\/es\/red\/italia\/refracciones-trinitarias\/#primaryimage\",\"url\":\"https:\/\/ontologiatrinitaria.org\/wp-content\/uploads\/2025\/12\/rifrazioni.jpg\",\"contentUrl\":\"https:\/\/ontologiatrinitaria.org\/wp-content\/uploads\/2025\/12\/rifrazioni.jpg\",\"width\":900,\"height\":900},{\"@type\":\"BreadcrumbList\",\"@id\":\"https:\/\/ontologiatrinitaria.org\/es\/red\/italia\/refracciones-trinitarias\/#breadcrumb\",\"itemListElement\":[{\"@type\":\"ListItem\",\"position\":1,\"name\":\"Home\",\"item\":\"https:\/\/ontologiatrinitaria.org\/es\/\"},{\"@type\":\"ListItem\",\"position\":2,\"name\":\"Red\",\"item\":\"https:\/\/ontologiatrinitaria.org\/es\/red\/\"},{\"@type\":\"ListItem\",\"position\":3,\"name\":\"Italia\",\"item\":\"https:\/\/ontologiatrinitaria.org\/es\/red\/italia\/\"},{\"@type\":\"ListItem\",\"position\":4,\"name\":\"Refracciones trinitarias\"}]},{\"@type\":\"WebSite\",\"@id\":\"https:\/\/ontologiatrinitaria.org\/es\/#website\",\"url\":\"https:\/\/ontologiatrinitaria.org\/es\/\",\"name\":\"Ontologia Trinitaria\",\"description\":\"Itinerari e ricerche\",\"publisher\":{\"@id\":\"https:\/\/ontologiatrinitaria.org\/es\/#organization\"},\"potentialAction\":[{\"@type\":\"SearchAction\",\"target\":{\"@type\":\"EntryPoint\",\"urlTemplate\":\"https:\/\/ontologiatrinitaria.org\/es\/?s={search_term_string}\"},\"query-input\":{\"@type\":\"PropertyValueSpecification\",\"valueRequired\":true,\"valueName\":\"search_term_string\"}}],\"inLanguage\":\"es\"},{\"@type\":\"Organization\",\"@id\":\"https:\/\/ontologiatrinitaria.org\/es\/#organization\",\"name\":\"Ontologia Trinitaria\",\"url\":\"https:\/\/ontologiatrinitaria.org\/es\/\",\"logo\":{\"@type\":\"ImageObject\",\"inLanguage\":\"es\",\"@id\":\"https:\/\/ontologiatrinitaria.org\/es\/#\/schema\/logo\/image\/\",\"url\":\"https:\/\/ontologiatrinitaria.org\/wp-content\/uploads\/2025\/06\/logo_colore2.png\",\"contentUrl\":\"https:\/\/ontologiatrinitaria.org\/wp-content\/uploads\/2025\/06\/logo_colore2.png\",\"width\":402,\"height\":169,\"caption\":\"Ontologia Trinitaria\"},\"image\":{\"@id\":\"https:\/\/ontologiatrinitaria.org\/es\/#\/schema\/logo\/image\/\"},\"sameAs\":[\"https:\/\/www.facebook.com\/ontologiatrinitaria\",\"https:\/\/www.instagram.com\/ontologiatrinitaria\/\"]}]}<\/script>\n<!-- \/ Yoast SEO plugin. -->","yoast_head_json":{"title":"Refracciones trinitarias - Ontologia Trinitaria","description":"Diccionario Din\u00e1mico de Ontolog\u00eda Trinitaria: una obra abierta de investigaci\u00f3n y estudio. \u00a1Descubra m\u00e1s!","robots":{"index":"index","follow":"follow","max-snippet":"max-snippet:-1","max-image-preview":"max-image-preview:large","max-video-preview":"max-video-preview:-1"},"canonical":"https:\/\/ontologiatrinitaria.org\/es\/red\/italia\/refracciones-trinitarias\/","og_locale":"es_ES","og_type":"article","og_title":"Refracciones trinitarias - Ontologia Trinitaria","og_description":"Diccionario Din\u00e1mico de Ontolog\u00eda Trinitaria: una obra abierta de investigaci\u00f3n y estudio. \u00a1Descubra m\u00e1s!","og_url":"https:\/\/ontologiatrinitaria.org\/es\/red\/italia\/refracciones-trinitarias\/","og_site_name":"Ontologia Trinitaria","article_publisher":"https:\/\/www.facebook.com\/ontologiatrinitaria","article_modified_time":"2026-03-11T15:30:43+00:00","og_image":[{"width":900,"height":900,"url":"https:\/\/ontologiatrinitaria.org\/wp-content\/uploads\/2025\/12\/rifrazioni.jpg","type":"image\/jpeg"}],"twitter_card":"summary_large_image","twitter_misc":{"Tiempo de lectura":"1 minuto"},"schema":{"@context":"https:\/\/schema.org","@graph":[{"@type":"WebPage","@id":"https:\/\/ontologiatrinitaria.org\/es\/red\/italia\/refracciones-trinitarias\/","url":"https:\/\/ontologiatrinitaria.org\/es\/red\/italia\/refracciones-trinitarias\/","name":"Refracciones trinitarias - Ontologia Trinitaria","isPartOf":{"@id":"https:\/\/ontologiatrinitaria.org\/es\/#website"},"primaryImageOfPage":{"@id":"https:\/\/ontologiatrinitaria.org\/es\/red\/italia\/refracciones-trinitarias\/#primaryimage"},"image":{"@id":"https:\/\/ontologiatrinitaria.org\/es\/red\/italia\/refracciones-trinitarias\/#primaryimage"},"thumbnailUrl":"https:\/\/ontologiatrinitaria.org\/wp-content\/uploads\/2025\/12\/rifrazioni.jpg","datePublished":"2025-12-22T11:00:07+00:00","dateModified":"2026-03-11T15:30:43+00:00","description":"Diccionario Din\u00e1mico de Ontolog\u00eda Trinitaria: una obra abierta de investigaci\u00f3n y estudio. \u00a1Descubra m\u00e1s!","breadcrumb":{"@id":"https:\/\/ontologiatrinitaria.org\/es\/red\/italia\/refracciones-trinitarias\/#breadcrumb"},"inLanguage":"es","potentialAction":[{"@type":"ReadAction","target":["https:\/\/ontologiatrinitaria.org\/es\/red\/italia\/refracciones-trinitarias\/"]}]},{"@type":"ImageObject","inLanguage":"es","@id":"https:\/\/ontologiatrinitaria.org\/es\/red\/italia\/refracciones-trinitarias\/#primaryimage","url":"https:\/\/ontologiatrinitaria.org\/wp-content\/uploads\/2025\/12\/rifrazioni.jpg","contentUrl":"https:\/\/ontologiatrinitaria.org\/wp-content\/uploads\/2025\/12\/rifrazioni.jpg","width":900,"height":900},{"@type":"BreadcrumbList","@id":"https:\/\/ontologiatrinitaria.org\/es\/red\/italia\/refracciones-trinitarias\/#breadcrumb","itemListElement":[{"@type":"ListItem","position":1,"name":"Home","item":"https:\/\/ontologiatrinitaria.org\/es\/"},{"@type":"ListItem","position":2,"name":"Red","item":"https:\/\/ontologiatrinitaria.org\/es\/red\/"},{"@type":"ListItem","position":3,"name":"Italia","item":"https:\/\/ontologiatrinitaria.org\/es\/red\/italia\/"},{"@type":"ListItem","position":4,"name":"Refracciones trinitarias"}]},{"@type":"WebSite","@id":"https:\/\/ontologiatrinitaria.org\/es\/#website","url":"https:\/\/ontologiatrinitaria.org\/es\/","name":"Ontologia Trinitaria","description":"Itinerari e ricerche","publisher":{"@id":"https:\/\/ontologiatrinitaria.org\/es\/#organization"},"potentialAction":[{"@type":"SearchAction","target":{"@type":"EntryPoint","urlTemplate":"https:\/\/ontologiatrinitaria.org\/es\/?s={search_term_string}"},"query-input":{"@type":"PropertyValueSpecification","valueRequired":true,"valueName":"search_term_string"}}],"inLanguage":"es"},{"@type":"Organization","@id":"https:\/\/ontologiatrinitaria.org\/es\/#organization","name":"Ontologia Trinitaria","url":"https:\/\/ontologiatrinitaria.org\/es\/","logo":{"@type":"ImageObject","inLanguage":"es","@id":"https:\/\/ontologiatrinitaria.org\/es\/#\/schema\/logo\/image\/","url":"https:\/\/ontologiatrinitaria.org\/wp-content\/uploads\/2025\/06\/logo_colore2.png","contentUrl":"https:\/\/ontologiatrinitaria.org\/wp-content\/uploads\/2025\/06\/logo_colore2.png","width":402,"height":169,"caption":"Ontologia Trinitaria"},"image":{"@id":"https:\/\/ontologiatrinitaria.org\/es\/#\/schema\/logo\/image\/"},"sameAs":["https:\/\/www.facebook.com\/ontologiatrinitaria","https:\/\/www.instagram.com\/ontologiatrinitaria\/"]}]}},"_links":{"self":[{"href":"https:\/\/ontologiatrinitaria.org\/es\/wp-json\/wp\/v2\/pages\/5401","targetHints":{"allow":["GET"]}}],"collection":[{"href":"https:\/\/ontologiatrinitaria.org\/es\/wp-json\/wp\/v2\/pages"}],"about":[{"href":"https:\/\/ontologiatrinitaria.org\/es\/wp-json\/wp\/v2\/types\/page"}],"author":[{"embeddable":true,"href":"https:\/\/ontologiatrinitaria.org\/es\/wp-json\/wp\/v2\/users\/8"}],"replies":[{"embeddable":true,"href":"https:\/\/ontologiatrinitaria.org\/es\/wp-json\/wp\/v2\/comments?post=5401"}],"version-history":[{"count":2,"href":"https:\/\/ontologiatrinitaria.org\/es\/wp-json\/wp\/v2\/pages\/5401\/revisions"}],"predecessor-version":[{"id":5421,"href":"https:\/\/ontologiatrinitaria.org\/es\/wp-json\/wp\/v2\/pages\/5401\/revisions\/5421"}],"up":[{"embeddable":true,"href":"https:\/\/ontologiatrinitaria.org\/es\/wp-json\/wp\/v2\/pages\/5321"}],"wp:featuredmedia":[{"embeddable":true,"href":"https:\/\/ontologiatrinitaria.org\/es\/wp-json\/wp\/v2\/media\/5214"}],"wp:attachment":[{"href":"https:\/\/ontologiatrinitaria.org\/es\/wp-json\/wp\/v2\/media?parent=5401"}],"curies":[{"name":"wp","href":"https:\/\/api.w.org\/{rel}","templated":true}]}}